{"id":5416,"date":"2023-06-08T14:11:59","date_gmt":"2023-06-08T12:11:59","guid":{"rendered":"http:\/\/ozono.youelba.com\/ozono\/"},"modified":"2023-09-15T12:06:19","modified_gmt":"2023-09-15T10:06:19","slug":"ozono","status":"publish","type":"page","link":"https:\/\/www.ozono-hb.it\/es\/ozono\/","title":{"rendered":"El Ozono"},"content":{"rendered":"\t\t<div data-elementor-type=\"wp-page\" data-elementor-id=\"5416\" class=\"elementor elementor-5416 elementor-3484\" data-elementor-post-type=\"page\">\n\t\t\t\t\t\t<section class=\"elementor-section elementor-top-section elementor-element elementor-element-bf4305b elementor-section-height-min-height elementor-section-boxed elementor-section-height-default elementor-section-items-middle\" data-id=\"bf4305b\" data-element_type=\"section\" data-settings=\"{&quot;background_background&quot;:&quot;classic&quot;}\">\n\t\t\t\t\t\t<div class=\"elementor-container elementor-column-gap-extended\">\n\t\t\t\t\t<div class=\"elementor-column elementor-col-100 elementor-top-column elementor-element elementor-element-f9c7b7e\" data-id=\"f9c7b7e\" data-element_type=\"column\">\n\t\t\t<div class=\"elementor-widget-wrap elementor-element-populated\">\n\t\t\t\t\t\t<div class=\"elementor-element elementor-element-c630670 elementor-widget elementor-widget-heading\" data-id=\"c630670\" data-element_type=\"widget\" data-widget_type=\"heading.default\">\n\t\t\t\t<div class=\"elementor-widget-container\">\n\t\t\t\t\t<h1 class=\"elementor-heading-title elementor-size-default\">El Ozono<\/h1>\t\t\t\t<\/div>\n\t\t\t\t<\/div>\n\t\t\t\t\t<\/div>\n\t\t<\/div>\n\t\t\t\t\t<\/div>\n\t\t<\/section>\n\t\t        \t\t<section class=\"elementor-section elementor-top-section elementor-element elementor-element-04f572a elementor-section-boxed elementor-section-height-default elementor-section-height-default\" data-id=\"04f572a\" data-element_type=\"section\">\n\t\t\t\t\t\t<div class=\"elementor-container elementor-column-gap-extended\">\n\t\t\t\t\t<div class=\"elementor-column elementor-col-100 elementor-top-column elementor-element elementor-element-866f06c\" data-id=\"866f06c\" data-element_type=\"column\">\n\t\t\t<div class=\"elementor-widget-wrap elementor-element-populated\">\n\t\t\t\t\t\t<div class=\"elementor-element elementor-element-2d77755 elementor-widget elementor-widget-heading\" data-id=\"2d77755\" data-element_type=\"widget\" data-widget_type=\"heading.default\">\n\t\t\t\t<div class=\"elementor-widget-container\">\n\t\t\t\t\t<h1 class=\"elementor-heading-title elementor-size-default\">C\u00f3mo se genera el OZONO<\/h1>\t\t\t\t<\/div>\n\t\t\t\t<\/div>\n\t\t\t\t<div class=\"elementor-element elementor-element-cd2700c elementor-widget elementor-widget-text-editor\" data-id=\"cd2700c\" data-element_type=\"widget\" data-widget_type=\"text-editor.default\">\n\t\t\t\t<div class=\"elementor-widget-container\">\n\t\t\t\t\t\t\t\t\t<p>El ozono, tambi\u00e9n llamado ox\u00edgeno activo, es un gas inestable formado por tres \u00e1tomos de ox\u00edgeno.<\/p><p>La mol\u00e9cula de ozono se genera tras un proceso de alto voltaje el\u00e9ctrico, seg\u00fan la reacci\u00f3n: 3O<sub>2<\/sub>\u00a0 \u2192\u00a0 2O<sub>3<\/sub><\/p>\t\t\t\t\t\t\t\t<\/div>\n\t\t\t\t<\/div>\n\t\t\t\t<div class=\"elementor-element elementor-element-c341362 elementor-widget elementor-widget-text-editor\" data-id=\"c341362\" data-element_type=\"widget\" data-widget_type=\"text-editor.default\">\n\t\t\t\t<div class=\"elementor-widget-container\">\n\t\t\t\t\t\t\t\t\t<p>M\u00e1s concretamente de dos formas:<br \/><br \/><\/p><ul><li><strong>De forma natural<\/strong>: se produce de forma natural mediante cierto tipo de reacciones qu\u00edmicas. Con descargas el\u00e9ctricas o por el efecto fotoqu\u00edmico de los rayos ultravioleta del sol, en presencia de humedad y especialmente al amanecer y al anochecer, y en dosis mayores en el mar y en la monta\u00f1a. En las tormentas, se forma como resultado de los altos voltajes involucrados, y los rayos son un gran productor de ozono. El caracter\u00edstico olor fresco que se siente despu\u00e9s de una tormenta se debe a la formaci\u00f3n de este gas.<\/li><li><strong>Artificialmente<\/strong>: El ozono se puede producir artificialmente replicando el mismo fen\u00f3meno que ocurre en la naturaleza. Los \u00abgeneradores de ozono\u00bb son m\u00e1quinas que producen el gas mediante voltajes el\u00e9ctricos alt\u00edsimos, a trav\u00e9s de la radiaci\u00f3n con rayos UV. En ambos m\u00e9todos se rompe la conexi\u00f3n entre las mol\u00e9culas de ox\u00edgeno. Para el suministro de energ\u00eda en los ozonizadores se puede utilizar tanto aire ambiente como ox\u00edgeno puro, aunque con este \u00faltimo se puede producir una mayor cantidad de ozono.<\/li><\/ul>\t\t\t\t\t\t\t\t<\/div>\n\t\t\t\t<\/div>\n\t\t\t\t\t<\/div>\n\t\t<\/div>\n\t\t\t\t\t<\/div>\n\t\t<\/section>\n\t\t        \t\t<section class=\"elementor-section elementor-top-section elementor-element elementor-element-128e760 elementor-section-boxed elementor-section-height-default elementor-section-height-default\" data-id=\"128e760\" data-element_type=\"section\" data-settings=\"{&quot;background_background&quot;:&quot;classic&quot;}\">\n\t\t\t\t\t\t<div class=\"elementor-container elementor-column-gap-extended\">\n\t\t\t\t\t<div class=\"elementor-column elementor-col-100 elementor-top-column elementor-element elementor-element-5d46d71\" data-id=\"5d46d71\" data-element_type=\"column\">\n\t\t\t<div class=\"elementor-widget-wrap elementor-element-populated\">\n\t\t\t\t\t\t<div class=\"elementor-element elementor-element-a9ed4bc elementor-widget elementor-widget-heading\" data-id=\"a9ed4bc\" data-element_type=\"widget\" data-widget_type=\"heading.default\">\n\t\t\t\t<div class=\"elementor-widget-container\">\n\t\t\t\t\t<h1 class=\"elementor-heading-title elementor-size-default\">Por qu\u00e9 el Ozono<\/h1>\t\t\t\t<\/div>\n\t\t\t\t<\/div>\n\t\t\t\t<div class=\"elementor-element elementor-element-0cc36df elementor-widget elementor-widget-text-editor\" data-id=\"0cc36df\" data-element_type=\"widget\" data-widget_type=\"text-editor.default\">\n\t\t\t\t<div class=\"elementor-widget-container\">\n\t\t\t\t\t\t\t\t\t<p>El ozono tiene importantes propiedades terap\u00e9uticas, que se utilizan en la llamada ozonoterapia.<\/p><p>Las propiedades cient\u00edficamente probadas son:<\/p>\t\t\t\t\t\t\t\t<\/div>\n\t\t\t\t<\/div>\n\t\t\t\t<div class=\"elementor-element elementor-element-80cddfa elementor-position-left elementor-vertical-align-middle elementor-widget-tablet__width-inherit elementor-widget elementor-widget-image-box\" data-id=\"80cddfa\" data-element_type=\"widget\" data-widget_type=\"image-box.default\">\n\t\t\t\t<div class=\"elementor-widget-container\">\n\t\t\t\t\t<div class=\"elementor-image-box-wrapper\"><figure class=\"elementor-image-box-img\"><img decoding=\"async\" width=\"64\" height=\"64\" src=\"data:image\/gif;base64,R0lGODlhAQABAIAAAAAAAP\/\/\/yH5BAEAAAAALAAAAAABAAEAAAIBRAA7\" srcset=\"\" data-gaussholder=\"\" data-gaussholder-size=\"64,64,32\" data-originalsrc=\"https:\/\/www.ozono-hb.it\/wp-content\/uploads\/2014\/03\/cicatrizzante.png\" class=\"attachment-full size-full wp-image-3904\" alt=\"\" data-gaussholder-id=\"3904\" data-originalsrcset=\"https:\/\/www.ozono-hb.it\/wp-content\/uploads\/2014\/03\/cicatrizzante.png 64w, https:\/\/www.ozono-hb.it\/wp-content\/uploads\/2014\/03\/cicatrizzante-50x50.png 50w\" sizes=\"(max-width: 64px) 100vw, 64px\" \/><\/figure><div class=\"elementor-image-box-content\"><h3 class=\"elementor-image-box-title\">Cicatrizante y regenerador de las mucosas<\/h3><p class=\"elementor-image-box-description\">El ozono favorece el proceso de cicatrizaci\u00f3n y estimulando la formaci\u00f3n de tejidos.<\/p><\/div><\/div>\t\t\t\t<\/div>\n\t\t\t\t<\/div>\n\t\t\t\t<div class=\"elementor-element elementor-element-38aefca elementor-position-left elementor-vertical-align-middle elementor-widget-tablet__width-inherit elementor-widget elementor-widget-image-box\" data-id=\"38aefca\" data-element_type=\"widget\" data-widget_type=\"image-box.default\">\n\t\t\t\t<div class=\"elementor-widget-container\">\n\t\t\t\t\t<div class=\"elementor-image-box-wrapper\"><figure class=\"elementor-image-box-img\"><img decoding=\"async\" width=\"64\" height=\"64\" src=\"data:image\/gif;base64,R0lGODlhAQABAIAAAAAAAP\/\/\/yH5BAEAAAAALAAAAAABAAEAAAIBRAA7\" srcset=\"\" data-gaussholder=\"\" data-gaussholder-size=\"64,64,32\" data-originalsrc=\"https:\/\/www.ozono-hb.it\/wp-content\/uploads\/2014\/03\/antibatterica.png\" class=\"attachment-full size-full wp-image-3907\" alt=\"\" data-gaussholder-id=\"3907\" data-originalsrcset=\"https:\/\/www.ozono-hb.it\/wp-content\/uploads\/2014\/03\/antibatterica.png 64w, https:\/\/www.ozono-hb.it\/wp-content\/uploads\/2014\/03\/antibatterica-50x50.png 50w\" sizes=\"(max-width: 64px) 100vw, 64px\" \/><\/figure><div class=\"elementor-image-box-content\"><h3 class=\"elementor-image-box-title\">Antibacteriano<\/h3><p class=\"elementor-image-box-description\">El ozono es un bactericida que act\u00faa con un mecanismo directo a trav\u00e9s de reacciones de peroxidaci\u00f3n (oxigenaci\u00f3n gracias al ox\u00edgeno molecular) de sus fosfol\u00edpidos y prote\u00ednas, y con un mecanismo indirecto a trav\u00e9s de la activaci\u00f3n de mecanismos de defensa end\u00f3genos, aumentando la actividad metab\u00f3lica de los fagocitos, es decir. c\u00e9lulas que ingieren material extracelular como material bacteriano.<\/p><\/div><\/div>\t\t\t\t<\/div>\n\t\t\t\t<\/div>\n\t\t\t\t<div class=\"elementor-element elementor-element-b9d8a03 elementor-position-left elementor-vertical-align-middle elementor-widget-tablet__width-inherit elementor-widget elementor-widget-image-box\" data-id=\"b9d8a03\" data-element_type=\"widget\" data-widget_type=\"image-box.default\">\n\t\t\t\t<div class=\"elementor-widget-container\">\n\t\t\t\t\t<div class=\"elementor-image-box-wrapper\"><figure class=\"elementor-image-box-img\"><img decoding=\"async\" width=\"64\" height=\"64\" src=\"data:image\/gif;base64,R0lGODlhAQABAIAAAAAAAP\/\/\/yH5BAEAAAAALAAAAAABAAEAAAIBRAA7\" srcset=\"\" data-gaussholder=\"\" data-gaussholder-size=\"64,64,32\" data-originalsrc=\"https:\/\/www.ozono-hb.it\/wp-content\/uploads\/2014\/03\/antivirale.png\" class=\"attachment-full size-full wp-image-3905\" alt=\"\" data-gaussholder-id=\"3905\" data-originalsrcset=\"https:\/\/www.ozono-hb.it\/wp-content\/uploads\/2014\/03\/antivirale.png 64w, https:\/\/www.ozono-hb.it\/wp-content\/uploads\/2014\/03\/antivirale-50x50.png 50w\" sizes=\"(max-width: 64px) 100vw, 64px\" \/><\/figure><div class=\"elementor-image-box-content\"><h3 class=\"elementor-image-box-title\">Antiviral<\/h3><p class=\"elementor-image-box-description\">El ozono interact\u00faa con la \"envoltura\" de algunos tipos de virus induciendo una configuraci\u00f3n electr\u00f3nica alterada del sitio de uni\u00f3n. De esta forma el virus no puede replicarse y por tanto infectar.<\/p><\/div><\/div>\t\t\t\t<\/div>\n\t\t\t\t<\/div>\n\t\t\t\t<div class=\"elementor-element elementor-element-56e1629 elementor-position-left elementor-vertical-align-middle elementor-widget-tablet__width-inherit elementor-widget elementor-widget-image-box\" data-id=\"56e1629\" data-element_type=\"widget\" data-widget_type=\"image-box.default\">\n\t\t\t\t<div class=\"elementor-widget-container\">\n\t\t\t\t\t<div class=\"elementor-image-box-wrapper\"><figure class=\"elementor-image-box-img\"><img loading=\"lazy\" decoding=\"async\" width=\"64\" height=\"64\" src=\"data:image\/gif;base64,R0lGODlhAQABAIAAAAAAAP\/\/\/yH5BAEAAAAALAAAAAABAAEAAAIBRAA7\" srcset=\"\" data-gaussholder=\"\" data-gaussholder-size=\"64,64,32\" data-originalsrc=\"https:\/\/www.ozono-hb.it\/wp-content\/uploads\/2014\/03\/antinfiammatoria.png\" class=\"attachment-full size-full wp-image-3906\" alt=\"\" data-gaussholder-id=\"3906\" data-originalsrcset=\"https:\/\/www.ozono-hb.it\/wp-content\/uploads\/2014\/03\/antinfiammatoria.png 64w, https:\/\/www.ozono-hb.it\/wp-content\/uploads\/2014\/03\/antinfiammatoria-50x50.png 50w\" sizes=\"(max-width: 64px) 100vw, 64px\" \/><\/figure><div class=\"elementor-image-box-content\"><h3 class=\"elementor-image-box-title\">Antiinflamatorio<\/h3><p class=\"elementor-image-box-description\">El ozono induce una disminuci\u00f3n de la s\u00edntesis de prostaglandinas, un \u00e1cido que favorece la inflamaci\u00f3n, con la consiguiente disminuci\u00f3n de la liberaci\u00f3n de aminas bi\u00f3genas en el foco inflamatorio.<\/p><\/div><\/div>\t\t\t\t<\/div>\n\t\t\t\t<\/div>\n\t\t\t\t<div class=\"elementor-element elementor-element-e571a09 elementor-position-left elementor-vertical-align-middle elementor-widget-tablet__width-inherit elementor-widget elementor-widget-image-box\" data-id=\"e571a09\" data-element_type=\"widget\" data-widget_type=\"image-box.default\">\n\t\t\t\t<div class=\"elementor-widget-container\">\n\t\t\t\t\t<div class=\"elementor-image-box-wrapper\"><figure class=\"elementor-image-box-img\"><img loading=\"lazy\" decoding=\"async\" width=\"64\" height=\"64\" src=\"data:image\/gif;base64,R0lGODlhAQABAIAAAAAAAP\/\/\/yH5BAEAAAAALAAAAAABAAEAAAIBRAA7\" srcset=\"\" data-gaussholder=\"\" data-gaussholder-size=\"64,64,32\" data-originalsrc=\"https:\/\/www.ozono-hb.it\/wp-content\/uploads\/2014\/03\/analgesica.png\" class=\"attachment-full size-full wp-image-3908\" alt=\"\" data-gaussholder-id=\"3908\" data-originalsrcset=\"https:\/\/www.ozono-hb.it\/wp-content\/uploads\/2014\/03\/analgesica.png 64w, https:\/\/www.ozono-hb.it\/wp-content\/uploads\/2014\/03\/analgesica-50x50.png 50w\" sizes=\"(max-width: 64px) 100vw, 64px\" \/><\/figure><div class=\"elementor-image-box-content\"><h3 class=\"elementor-image-box-title\">Analg\u00e9sico<\/h3><p class=\"elementor-image-box-description\">Analg\u00e9sico, se obtiene gracias al mayor flujo de ox\u00edgeno en el lugar de la inflamaci\u00f3n, la parte inflamada, y a la oxidaci\u00f3n de los mediadores qu\u00edmicos que determinan el est\u00edmulo doloroso.<\/p><\/div><\/div>\t\t\t\t<\/div>\n\t\t\t\t<\/div>\n\t\t\t\t<div class=\"elementor-element elementor-element-93a79ae elementor-position-left elementor-vertical-align-middle elementor-widget-tablet__width-inherit elementor-widget elementor-widget-image-box\" data-id=\"93a79ae\" data-element_type=\"widget\" data-widget_type=\"image-box.default\">\n\t\t\t\t<div class=\"elementor-widget-container\">\n\t\t\t\t\t<div class=\"elementor-image-box-wrapper\"><figure class=\"elementor-image-box-img\"><img loading=\"lazy\" decoding=\"async\" width=\"64\" height=\"64\" src=\"data:image\/gif;base64,R0lGODlhAQABAIAAAAAAAP\/\/\/yH5BAEAAAAALAAAAAABAAEAAAIBRAA7\" srcset=\"\" data-gaussholder=\"\" data-gaussholder-size=\"64,64,32\" data-originalsrc=\"https:\/\/www.ozono-hb.it\/wp-content\/uploads\/2014\/03\/immunomodulante.png\" class=\"attachment-full size-full wp-image-3903\" alt=\"\" data-gaussholder-id=\"3903\" data-originalsrcset=\"https:\/\/www.ozono-hb.it\/wp-content\/uploads\/2014\/03\/immunomodulante.png 64w, https:\/\/www.ozono-hb.it\/wp-content\/uploads\/2014\/03\/immunomodulante-50x50.png 50w\" sizes=\"(max-width: 64px) 100vw, 64px\" \/><\/figure><div class=\"elementor-image-box-content\"><h3 class=\"elementor-image-box-title\">Inmunomodulador<\/h3><p class=\"elementor-image-box-description\">El ozono ejerce un efecto inductor de citocinas (las citocinas desempe\u00f1an un papel fundamental en la regulaci\u00f3n del sistema inmunol\u00f3gico) favoreciendo as\u00ed el desarrollo de las defensas inmunitarias.<\/p><\/div><\/div>\t\t\t\t<\/div>\n\t\t\t\t<\/div>\n\t\t\t\t\t<\/div>\n\t\t<\/div>\n\t\t\t\t\t<\/div>\n\t\t<\/section>\n\t\t        \t\t<section class=\"elementor-section elementor-top-section elementor-element elementor-element-698714b elementor-section-boxed elementor-section-height-default elementor-section-height-default\" data-id=\"698714b\" data-element_type=\"section\">\n\t\t\t\t\t\t<div class=\"elementor-container elementor-column-gap-extended\">\n\t\t\t\t\t<div class=\"elementor-column elementor-col-100 elementor-top-column elementor-element elementor-element-4505eba\" data-id=\"4505eba\" data-element_type=\"column\">\n\t\t\t<div class=\"elementor-widget-wrap elementor-element-populated\">\n\t\t\t\t\t\t<div class=\"elementor-element elementor-element-ca9d8fc elementor-widget elementor-widget-heading\" data-id=\"ca9d8fc\" data-element_type=\"widget\" data-widget_type=\"heading.default\">\n\t\t\t\t<div class=\"elementor-widget-container\">\n\t\t\t\t\t<h1 class=\"elementor-heading-title elementor-size-default\">Aceite ozonizado<\/h1>\t\t\t\t<\/div>\n\t\t\t\t<\/div>\n\t\t\t\t<div class=\"elementor-element elementor-element-87e6241 elementor-widget elementor-widget-text-editor\" data-id=\"87e6241\" data-element_type=\"widget\" data-widget_type=\"text-editor.default\">\n\t\t\t\t<div class=\"elementor-widget-container\">\n\t\t\t\t\t\t\t\t\t<p>La vida relativamente corta del ozono en el aire y su inestabilidad hacen que no pueda almacenarse en grandes cantidades, y esta caracter\u00edstica, en algunos casos, puede imponer l\u00edmites a sus aplicaciones, por lo que los investigadores han buscado las condiciones para poder almacenarlo gas en un tanque biol\u00f3gico, para que pueda ser utilizado en el momento adecuado.<\/p><p>\u00a0<\/p><p>La afinidad del ozono por los \u00e1cidos grasos insaturados se aprovech\u00f3, pues, haciendo que el ozono se uniera a los aceites vegetales, en condiciones de reacci\u00f3n adecuadas, dando lugar a los llamados oz\u00f3nidos, compuestos capaces de almacenar ox\u00edgeno en una forma f\u00e1cilmente transferible, para luego liberarlo en nuestros Pieles.<\/p><p>\u00a0<\/p><p>En los aceites de girasol, oliva, lino, c\u00e1\u00f1amo y jojoba, gracias a su alto contenido en \u00e1cidos grasos esenciales, el ozono est\u00e1 microencapsulado en la estructura molecular del propio aceite, en forma de oz\u00f3nido compuesto. De esta forma estabiliza y amplifica su duraci\u00f3n, permitiendo que el ozono permanezca en estado activo \u00abnaciente\u00bb durante un largo per\u00edodo de tiempo, siempre que se mantenga a baja temperatura.<\/p>\t\t\t\t\t\t\t\t<\/div>\n\t\t\t\t<\/div>\n\t\t\t\t\t<\/div>\n\t\t<\/div>\n\t\t\t\t\t<\/div>\n\t\t<\/section>\n\t\t        \t\t<section class=\"elementor-section elementor-top-section elementor-element elementor-element-6d3bb308 elementor-section-content-middle elementor-reverse-mobile elementor-section-boxed elementor-section-height-default elementor-section-height-default\" data-id=\"6d3bb308\" data-element_type=\"section\" data-settings=\"{&quot;background_background&quot;:&quot;classic&quot;}\">\n\t\t\t\t\t\t<div class=\"elementor-container elementor-column-gap-extended\">\n\t\t\t\t\t<div class=\"elementor-column elementor-col-50 elementor-top-column elementor-element elementor-element-1277975c\" data-id=\"1277975c\" data-element_type=\"column\">\n\t\t\t<div class=\"elementor-widget-wrap elementor-element-populated\">\n\t\t\t\t\t\t<div class=\"elementor-element elementor-element-153ea867 elementor-widget elementor-widget-image\" data-id=\"153ea867\" data-element_type=\"widget\" data-widget_type=\"image.default\">\n\t\t\t\t<div class=\"elementor-widget-container\">\n\t\t\t\t\t\t\t\t\t\t\t\t\t\t\t<img loading=\"lazy\" decoding=\"async\" width=\"768\" height=\"930\" src=\"https:\/\/www.ozono-hb.it\/wp-content\/uploads\/2023\/06\/gel-filler_1070-768x930.jpg\" class=\"attachment-medium_large size-medium_large wp-image-5423\" alt=\"\" srcset=\"https:\/\/www.ozono-hb.it\/wp-content\/uploads\/2023\/06\/gel-filler_1070-768x930.jpg 768w, https:\/\/www.ozono-hb.it\/wp-content\/uploads\/2023\/06\/gel-filler_1070-800x969.jpg 800w, https:\/\/www.ozono-hb.it\/wp-content\/uploads\/2023\/06\/gel-filler_1070-495x600.jpg 495w, https:\/\/www.ozono-hb.it\/wp-content\/uploads\/2023\/06\/gel-filler_1070-248x300.jpg 248w, https:\/\/www.ozono-hb.it\/wp-content\/uploads\/2023\/06\/gel-filler_1070-845x1024.jpg 845w, https:\/\/www.ozono-hb.it\/wp-content\/uploads\/2023\/06\/gel-filler_1070.jpg 974w\" sizes=\"(max-width: 768px) 100vw, 768px\" \/>\t\t\t\t\t\t\t\t\t\t\t\t\t\t\t<\/div>\n\t\t\t\t<\/div>\n\t\t\t\t\t<\/div>\n\t\t<\/div>\n\t\t\t\t<div class=\"elementor-column elementor-col-50 elementor-top-column elementor-element elementor-element-350c2621\" data-id=\"350c2621\" data-element_type=\"column\">\n\t\t\t<div class=\"elementor-widget-wrap elementor-element-populated\">\n\t\t\t\t\t\t<div class=\"elementor-element elementor-element-4aa14a00 elementor-widget elementor-widget-text-editor\" data-id=\"4aa14a00\" data-element_type=\"widget\" data-widget_type=\"text-editor.default\">\n\t\t\t\t<div class=\"elementor-widget-container\">\n\t\t\t\t\t\t\t\t\t<p>Cuando hablamos de aceite ozonizado, hablamos por tanto de la acci\u00f3n biol\u00f3gica de los oz\u00f3nidos que, en contacto con la piel y con los tejidos subyacentes, entran r\u00e1pidamente en acci\u00f3n creando una serie de efectos comprobables:<\/p><ul><li>Alta actividad germicida sobre hongos, levaduras, virus y bacterias.<\/li><li>Reactivaci\u00f3n de la microcirculaci\u00f3n sangu\u00ednea.<\/li><li>Estimulaci\u00f3n de la granulaci\u00f3n y crecimiento tisular.<\/li><li>Acci\u00f3n antiinflamatoria y analg\u00e9sica.<\/li><li>Revitalizaci\u00f3n de los tejidos epiteliales.<\/li><\/ul><p>La aplicaci\u00f3n local de aceites ozonizados produce resultados comparables a los tratamientos de ozonoterapia gaseosa en muchas patolog\u00edas, aunque en ocasiones los tiempos de tratamiento son m\u00e1s prolongados.<\/p>\t\t\t\t\t\t\t\t<\/div>\n\t\t\t\t<\/div>\n\t\t\t\t\t<\/div>\n\t\t<\/div>\n\t\t\t\t\t<\/div>\n\t\t<\/section>\n\t\t        \t\t<section class=\"elementor-section elementor-top-section elementor-element elementor-element-141b233b elementor-section-boxed elementor-section-height-default elementor-section-height-default\" data-id=\"141b233b\" data-element_type=\"section\" data-settings=\"{&quot;background_background&quot;:&quot;classic&quot;}\">\n\t\t\t\t\t\t<div class=\"elementor-container elementor-column-gap-extended\">\n\t\t\t\t\t<div class=\"elementor-column elementor-col-100 elementor-top-column elementor-element elementor-element-4bece1ad\" data-id=\"4bece1ad\" data-element_type=\"column\">\n\t\t\t<div class=\"elementor-widget-wrap elementor-element-populated\">\n\t\t\t\t\t\t<div class=\"elementor-element elementor-element-21187bf1 elementor-widget elementor-widget-heading\" data-id=\"21187bf1\" data-element_type=\"widget\" data-widget_type=\"heading.default\">\n\t\t\t\t<div class=\"elementor-widget-container\">\n\t\t\t\t\t<h1 class=\"elementor-heading-title elementor-size-default\">Tratamiento cosm\u00e9tico con aceite ozonizado<\/h1>\t\t\t\t<\/div>\n\t\t\t\t<\/div>\n\t\t\t\t<div class=\"elementor-element elementor-element-4d9a2225 elementor-widget elementor-widget-text-editor\" data-id=\"4d9a2225\" data-element_type=\"widget\" data-widget_type=\"text-editor.default\">\n\t\t\t\t<div class=\"elementor-widget-container\">\n\t\t\t\t\t\t\t\t\t<p>Nuestro aceite ozonizado, obtenido seg\u00fan un m\u00e9todo patentado, contiene una alta concentraci\u00f3n de lipohidroper\u00f3xidos por ml., por lo que sus caracter\u00edsticas y eficacia son de mucha mayor calidad.<\/p><p>\u00a0<\/p><p>Un tratamiento cosm\u00e9tico completo permite que el sujeto tratado tenga resultados concretos y tangibles, sin tener que recurrir a aplicaciones de productos de diferente naturaleza.<\/p>\t\t\t\t\t\t\t\t<\/div>\n\t\t\t\t<\/div>\n\t\t\t\t\t<\/div>\n\t\t<\/div>\n\t\t\t\t\t<\/div>\n\t\t<\/section>\n\t\t        \t\t<\/div>\n\t\t","protected":false},"excerpt":{"rendered":"<p>El Ozono C\u00f3mo se genera el OZONO El ozono, tambi\u00e9n llamado ox\u00edgeno activo, es un gas inestable formado por tres \u00e1tomos de ox\u00edgeno. La mol\u00e9cula de ozono se genera tras un proceso de alto voltaje el\u00e9ctrico, seg\u00fan la reacci\u00f3n: 3O2\u00a0 \u2192\u00a0 2O3 M\u00e1s concretamente de dos formas: De forma natural: se produce de forma natural [&hellip;]<\/p>\n","protected":false},"author":3,"featured_media":0,"parent":0,"menu_order":0,"comment_status":"closed","ping_status":"closed","template":"","meta":{"_acf_changed":false,"footnotes":""},"class_list":["post-5416","page","type-page","status-publish","hentry"],"acf":[],"_links":{"self":[{"href":"https:\/\/www.ozono-hb.it\/es\/wp-json\/wp\/v2\/pages\/5416","targetHints":{"allow":["GET"]}}],"collection":[{"href":"https:\/\/www.ozono-hb.it\/es\/wp-json\/wp\/v2\/pages"}],"about":[{"href":"https:\/\/www.ozono-hb.it\/es\/wp-json\/wp\/v2\/types\/page"}],"author":[{"embeddable":true,"href":"https:\/\/www.ozono-hb.it\/es\/wp-json\/wp\/v2\/users\/3"}],"replies":[{"embeddable":true,"href":"https:\/\/www.ozono-hb.it\/es\/wp-json\/wp\/v2\/comments?post=5416"}],"version-history":[{"count":5,"href":"https:\/\/www.ozono-hb.it\/es\/wp-json\/wp\/v2\/pages\/5416\/revisions"}],"predecessor-version":[{"id":6958,"href":"https:\/\/www.ozono-hb.it\/es\/wp-json\/wp\/v2\/pages\/5416\/revisions\/6958"}],"wp:attachment":[{"href":"https:\/\/www.ozono-hb.it\/es\/wp-json\/wp\/v2\/media?parent=5416"}],"curies":[{"name":"wp","href":"https:\/\/api.w.org\/{rel}","templated":true}]}}