{"id":6409,"date":"2021-04-27T21:46:45","date_gmt":"2021-04-27T19:46:45","guid":{"rendered":"http:\/\/ozono.youelba.com\/faq\/"},"modified":"2023-08-28T11:36:29","modified_gmt":"2023-08-28T09:36:29","slug":"faq","status":"publish","type":"page","link":"https:\/\/www.ozono-hb.it\/es\/faq\/","title":{"rendered":"FAQ"},"content":{"rendered":"\t\t<div data-elementor-type=\"wp-page\" data-elementor-id=\"6409\" class=\"elementor elementor-6409 elementor-526\" data-elementor-post-type=\"page\">\n\t\t\t\t\t\t<section class=\"elementor-section elementor-top-section elementor-element elementor-element-88cabe3 elementor-section-height-min-height elementor-section-boxed elementor-section-height-default elementor-section-items-middle\" data-id=\"88cabe3\" data-element_type=\"section\" data-settings=\"{&quot;background_background&quot;:&quot;classic&quot;}\">\n\t\t\t\t\t\t<div class=\"elementor-container elementor-column-gap-extended\">\n\t\t\t\t\t<div class=\"elementor-column elementor-col-100 elementor-top-column elementor-element elementor-element-efa490c\" data-id=\"efa490c\" data-element_type=\"column\">\n\t\t\t<div class=\"elementor-widget-wrap elementor-element-populated\">\n\t\t\t\t\t\t<div class=\"elementor-element elementor-element-2f42a89 elementor-widget elementor-widget-heading\" data-id=\"2f42a89\" data-element_type=\"widget\" data-widget_type=\"heading.default\">\n\t\t\t\t<div class=\"elementor-widget-container\">\n\t\t\t\t\t<h1 class=\"elementor-heading-title elementor-size-default\">FAQ<\/h1>\t\t\t\t<\/div>\n\t\t\t\t<\/div>\n\t\t\t\t<div class=\"elementor-element elementor-element-17ef95a elementor-widget__width-initial elementor-widget elementor-widget-text-editor\" data-id=\"17ef95a\" data-element_type=\"widget\" data-widget_type=\"text-editor.default\">\n\t\t\t\t<div class=\"elementor-widget-container\">\n\t\t\t\t\t\t\t\t\t<p>Aqu\u00ed encontrar\u00e1 respuestas a las preguntas m\u00e1s frecuentes.<\/p>\t\t\t\t\t\t\t\t<\/div>\n\t\t\t\t<\/div>\n\t\t\t\t\t<\/div>\n\t\t<\/div>\n\t\t\t\t\t<\/div>\n\t\t<\/section>\n\t\t        \t\t<section class=\"elementor-section elementor-top-section elementor-element elementor-element-a9d6e33 elementor-section-boxed elementor-section-height-default elementor-section-height-default\" data-id=\"a9d6e33\" data-element_type=\"section\">\n\t\t\t\t\t\t<div class=\"elementor-container elementor-column-gap-extended\">\n\t\t\t\t\t<div class=\"elementor-column elementor-col-100 elementor-top-column elementor-element elementor-element-4ca886a\" data-id=\"4ca886a\" data-element_type=\"column\">\n\t\t\t<div class=\"elementor-widget-wrap elementor-element-populated\">\n\t\t\t\t\t\t<div class=\"elementor-element elementor-element-1257bda elementor-widget elementor-widget-fs-accordion\" data-id=\"1257bda\" data-element_type=\"widget\" data-widget_type=\"fs-accordion.default\">\n\t\t\t\t<div class=\"elementor-widget-container\">\n\t\t\t\t\t\r\n        <ul class=\"fs-accordion\">\r\n\r\n            \r\n                <li class=\"accordion-item  open \">\r\n\r\n                    <div class=\"open-link\">\r\n\r\n                        <p class=\"accordion-title body-5\">\r\n\r\n                            \u00bfEl ozono contenido en los productos, \u00bfpuede tener contraindicaciones o efectos colaterales sobre la piel?\r\n                        <\/p>\r\n\r\n                        <img decoding=\"async\" src=\"https:\/\/www.ozono-hb.it\/wp-content\/themes\/levre\/assets\/img\/plus.svg\"\r\n                             alt=\"Plus\" class=\"plus-icon\">\r\n\r\n                    <\/div>\r\n\r\n                    <div class=\"accordion-content body-6\">\r\n\r\n                        <p>No, el ozono es un ox\u00edgeno activo y por s\u00ed mismo no presenta contraindicaciones. En algunos casos, puede haber pieles sensibles y al\u00e9rgicas a determinados componentes utilizados en cosmetolog\u00eda, sin embargo, nuestros productos no contienen parabenos y son formulados esencialmente con componentes naturales. Se aconseja leer siempre el INCI indicado en las confecciones.<\/p>\r\n                    <\/div>\r\n\r\n                <\/li>\r\n\r\n                \r\n            \r\n                <li class=\"accordion-item \">\r\n\r\n                    <div class=\"open-link\">\r\n\r\n                        <p class=\"accordion-title body-5\">\r\n\r\n                            \u00bfCu\u00e1nto duran vuestros productos dermocosm\u00e9ticos con ozono?\r\n                        <\/p>\r\n\r\n                        <img decoding=\"async\" src=\"https:\/\/www.ozono-hb.it\/wp-content\/themes\/levre\/assets\/img\/plus.svg\"\r\n                             alt=\"Plus\" class=\"plus-icon\">\r\n\r\n                    <\/div>\r\n\r\n                    <div class=\"accordion-content body-6\">\r\n\r\n                        <p>Cerrados y guardados adecuadamente en un lugar seco, lejos de la luz y fuentes de calor, tienen una duraci\u00f3n de unos tres a\u00f1os. Una vez abiertos, como se indica en la etiqueta, tienen una duraci\u00f3n de aproximadamente 12 meses.<\/p>\r\n                    <\/div>\r\n\r\n                <\/li>\r\n\r\n                \r\n            \r\n                <li class=\"accordion-item \">\r\n\r\n                    <div class=\"open-link\">\r\n\r\n                        <p class=\"accordion-title body-5\">\r\n\r\n                            \u00bfPor qu\u00e9 vuestro aceite ozonizado es de calidad superior con respecto a otros?\r\n                        <\/p>\r\n\r\n                        <img decoding=\"async\" src=\"https:\/\/www.ozono-hb.it\/wp-content\/themes\/levre\/assets\/img\/plus.svg\"\r\n                             alt=\"Plus\" class=\"plus-icon\">\r\n\r\n                    <\/div>\r\n\r\n                    <div class=\"accordion-content body-6\">\r\n\r\n                        Porque nuestro aceite es el Bioperoxoil, protegido por una patente, caracterizado por un elevado n\u00famero de per\u00f3xidos y por la liberaci\u00f3n de ozonuros intermedios: se trata de un aceite ozonizado cuyas caracter\u00edsticas qualitativas superiores hacen que sea adecuado para uso terap\u00e9utico.\r\n                    <\/div>\r\n\r\n                <\/li>\r\n\r\n                \r\n            \r\n                <li class=\"accordion-item \">\r\n\r\n                    <div class=\"open-link\">\r\n\r\n                        <p class=\"accordion-title body-5\">\r\n\r\n                            \u00bfQu\u00e9 relaci\u00f3n tienen los productos dermocosm\u00e9ticos de ozono con la ozonoterapia?\r\n                        <\/p>\r\n\r\n                        <img decoding=\"async\" src=\"https:\/\/www.ozono-hb.it\/wp-content\/themes\/levre\/assets\/img\/plus.svg\"\r\n                             alt=\"Plus\" class=\"plus-icon\">\r\n\r\n                    <\/div>\r\n\r\n                    <div class=\"accordion-content body-6\">\r\n\r\n                        La aplicaci\u00f3n local de los aceites ozonizados genera resultados comparables a aquellos alcanzados a trav\u00e9s del tratamiento con ozonoterapia gaseosa en muchas patolog\u00edas, aunque a veces es m\u00e1s largo el tiempo de tratamiento. Este fen\u00f3meno probablemente es debido a un menor potencial oxidante y a un efecto sist\u00e9mico m\u00e1s bajo del aceite ozonizado, con respecto al O\u0437.\r\n                    <\/div>\r\n\r\n                <\/li>\r\n\r\n                \r\n            \r\n                <li class=\"accordion-item \">\r\n\r\n                    <div class=\"open-link\">\r\n\r\n                        <p class=\"accordion-title body-5\">\r\n\r\n                            He visto que el gel filler que estoy utilizando se est\u00e1 oscureciendo con el tiempo. \u00bfEs normal?\r\n                        <\/p>\r\n\r\n                        <img decoding=\"async\" src=\"https:\/\/www.ozono-hb.it\/wp-content\/themes\/levre\/assets\/img\/plus.svg\"\r\n                             alt=\"Plus\" class=\"plus-icon\">\r\n\r\n                    <\/div>\r\n\r\n                    <div class=\"accordion-content body-6\">\r\n\r\n                        Si, es totalmente normal que el gel filler, as\u00ed como nuestros otros productos, en presencia de luz y con el tiempo se oscurezcan un poco y asuman una pigmentaci\u00f3n amarillenta. Eso ocurre porque son productos artesanos elaborados con sustancias naturales y vegetales, y contienen pocos conservantes.\r\n                    <\/div>\r\n\r\n                <\/li>\r\n\r\n                \r\n            \r\n                <li class=\"accordion-item \">\r\n\r\n                    <div class=\"open-link\">\r\n\r\n                        <p class=\"accordion-title body-5\">\r\n\r\n                            El ozono presente en el aceite ozonizado \u00bfc\u00f3mo puede penetrar en las capas subcut\u00e1neas?\r\n                        <\/p>\r\n\r\n                        <img decoding=\"async\" src=\"https:\/\/www.ozono-hb.it\/wp-content\/themes\/levre\/assets\/img\/plus.svg\"\r\n                             alt=\"Plus\" class=\"plus-icon\">\r\n\r\n                    <\/div>\r\n\r\n                    <div class=\"accordion-content body-6\">\r\n\r\n                        Los oz\u00f3nidos penetran a trav\u00e9s de los fol\u00edculos y tambi\u00e9n en los espacios intercelulares de la epidermis, penetrando luego a la dermis. El supuesto mecanismo de acci\u00f3n biol\u00f3gica sobre el tejido viviente, y en particular sobre la c\u00e9lula, se basa en el bajo peso molecular y en la peque\u00f1a longitud de la cadena de los \u00e1cidos grasos saturados por el ozono, y adem\u00e1s, en la hidrofilia o afinidad de la mol\u00e9cula, que le permite fundirse con la pared celular y derramarse en el citosol, impulsando el ciclo de las reacciones relacionadas con la transformaci\u00f3n de los per\u00f3xidos en alcoholes.\n\n\r\n                    <\/div>\r\n\r\n                <\/li>\r\n\r\n                \r\n            \r\n                <li class=\"accordion-item \">\r\n\r\n                    <div class=\"open-link\">\r\n\r\n                        <p class=\"accordion-title body-5\">\r\n\r\n                            \u00bfPuedo utilizar yo sola la crema adelgazante termog\u00e9nica?\r\n                        <\/p>\r\n\r\n                        <img decoding=\"async\" src=\"https:\/\/www.ozono-hb.it\/wp-content\/themes\/levre\/assets\/img\/plus.svg\"\r\n                             alt=\"Plus\" class=\"plus-icon\">\r\n\r\n                    <\/div>\r\n\r\n                    <div class=\"accordion-content body-6\">\r\n\r\n                        La crema adelgazante termog\u00e9nica, \u00f3ptima contra la celulitis, produce una hiper hematizaci\u00f3n, por lo cual se aconseja un uso profesional, despu\u00e9s de haber probado el producto sobre una peque\u00f1a zona de la epidermis. Se aconseja no utilizar en presencia de cuperosis o de capilares superficiales.\r\n                    <\/div>\r\n\r\n                <\/li>\r\n\r\n                \r\n            \r\n        <\/ul>\r\n\r\n        \t\t\t\t<\/div>\n\t\t\t\t<\/div>\n\t\t\t\t\t<\/div>\n\t\t<\/div>\n\t\t\t\t\t<\/div>\n\t\t<\/section>\n\t\t        \t\t<\/div>\n\t\t","protected":false},"excerpt":{"rendered":"<p>FAQ Aqu\u00ed encontrar\u00e1 respuestas a las preguntas m\u00e1s frecuentes. \u00bfEl ozono contenido en los productos, \u00bfpuede tener contraindicaciones o efectos colaterales sobre la piel? No, el ozono es un ox\u00edgeno activo y por s\u00ed mismo no presenta contraindicaciones. En algunos casos, puede haber pieles sensibles y al\u00e9rgicas a determinados componentes utilizados en cosmetolog\u00eda, sin embargo, [&hellip;]<\/p>\n","protected":false},"author":3,"featured_media":0,"parent":0,"menu_order":0,"comment_status":"closed","ping_status":"closed","template":"","meta":{"_acf_changed":false,"footnotes":""},"class_list":["post-6409","page","type-page","status-publish","hentry"],"acf":[],"_links":{"self":[{"href":"https:\/\/www.ozono-hb.it\/es\/wp-json\/wp\/v2\/pages\/6409","targetHints":{"allow":["GET"]}}],"collection":[{"href":"https:\/\/www.ozono-hb.it\/es\/wp-json\/wp\/v2\/pages"}],"about":[{"href":"https:\/\/www.ozono-hb.it\/es\/wp-json\/wp\/v2\/types\/page"}],"author":[{"embeddable":true,"href":"https:\/\/www.ozono-hb.it\/es\/wp-json\/wp\/v2\/users\/3"}],"replies":[{"embeddable":true,"href":"https:\/\/www.ozono-hb.it\/es\/wp-json\/wp\/v2\/comments?post=6409"}],"version-history":[{"count":5,"href":"https:\/\/www.ozono-hb.it\/es\/wp-json\/wp\/v2\/pages\/6409\/revisions"}],"predecessor-version":[{"id":6437,"href":"https:\/\/www.ozono-hb.it\/es\/wp-json\/wp\/v2\/pages\/6409\/revisions\/6437"}],"wp:attachment":[{"href":"https:\/\/www.ozono-hb.it\/es\/wp-json\/wp\/v2\/media?parent=6409"}],"curies":[{"name":"wp","href":"https:\/\/api.w.org\/{rel}","templated":true}]}}