{"id":6503,"date":"2023-06-14T15:55:46","date_gmt":"2023-06-14T13:55:46","guid":{"rendered":"http:\/\/ozono.youelba.com\/productos\/olio-corpo-universale\/"},"modified":"2023-08-28T12:20:49","modified_gmt":"2023-08-28T10:20:49","slug":"olio-corpo-universale","status":"publish","type":"page","link":"https:\/\/www.ozono-hb.it\/es\/productos\/olio-corpo-universale\/","title":{"rendered":"Aceite corporal Universal"},"content":{"rendered":"\t\t<div data-elementor-type=\"wp-page\" data-elementor-id=\"6503\" class=\"elementor elementor-6503 elementor-4041\" data-elementor-post-type=\"page\">\n\t\t\t\t\t\t<section class=\"elementor-section elementor-top-section elementor-element elementor-element-bf4305b elementor-section-height-min-height elementor-section-items-bottom elementor-section-boxed elementor-section-height-default\" data-id=\"bf4305b\" data-element_type=\"section\" data-settings=\"{&quot;background_background&quot;:&quot;classic&quot;}\">\n\t\t\t\t\t\t<div class=\"elementor-container elementor-column-gap-extended\">\n\t\t\t\t\t<div class=\"elementor-column elementor-col-100 elementor-top-column elementor-element elementor-element-f9c7b7e\" data-id=\"f9c7b7e\" data-element_type=\"column\">\n\t\t\t<div class=\"elementor-widget-wrap elementor-element-populated\">\n\t\t\t\t\t\t<div class=\"elementor-element elementor-element-c630670 elementor-widget elementor-widget-heading\" data-id=\"c630670\" data-element_type=\"widget\" data-widget_type=\"heading.default\">\n\t\t\t\t<div class=\"elementor-widget-container\">\n\t\t\t\t\t<h1 class=\"elementor-heading-title elementor-size-default\">Productos cosm\u00e9ticos<\/h1>\t\t\t\t<\/div>\n\t\t\t\t<\/div>\n\t\t\t\t<div class=\"elementor-element elementor-element-119875e elementor-widget elementor-widget-spacer\" data-id=\"119875e\" data-element_type=\"widget\" data-widget_type=\"spacer.default\">\n\t\t\t\t<div class=\"elementor-widget-container\">\n\t\t\t\t\t\t\t<div class=\"elementor-spacer\">\n\t\t\t<div class=\"elementor-spacer-inner\"><\/div>\n\t\t<\/div>\n\t\t\t\t\t\t<\/div>\n\t\t\t\t<\/div>\n\t\t\t\t\t<\/div>\n\t\t<\/div>\n\t\t\t\t\t<\/div>\n\t\t<\/section>\n\t\t        \t\t<section class=\"elementor-section elementor-top-section elementor-element elementor-element-2a52c7f elementor-section-content-middle elementor-section-full_width elementor-reverse-mobile elementor-section-height-default elementor-section-height-default\" data-id=\"2a52c7f\" data-element_type=\"section\" data-settings=\"{&quot;background_background&quot;:&quot;classic&quot;}\">\n\t\t\t\t\t\t<div class=\"elementor-container elementor-column-gap-no\">\n\t\t\t\t\t<div class=\"elementor-column elementor-col-50 elementor-top-column elementor-element elementor-element-e48ecad\" data-id=\"e48ecad\" data-element_type=\"column\">\n\t\t\t<div class=\"elementor-widget-wrap elementor-element-populated\">\n\t\t\t\t\t\t<div class=\"elementor-element elementor-element-85aa28c elementor-hidden-desktop elementor-hidden-tablet elementor-arrows-position-inside elementor-widget elementor-widget-image-carousel\" data-id=\"85aa28c\" data-element_type=\"widget\" data-settings=\"{&quot;navigation&quot;:&quot;arrows&quot;,&quot;autoplay&quot;:&quot;yes&quot;,&quot;pause_on_hover&quot;:&quot;yes&quot;,&quot;pause_on_interaction&quot;:&quot;yes&quot;,&quot;autoplay_speed&quot;:5000,&quot;infinite&quot;:&quot;yes&quot;,&quot;speed&quot;:500}\" data-widget_type=\"image-carousel.default\">\n\t\t\t\t<div class=\"elementor-widget-container\">\n\t\t\t\t\t\t\t<div class=\"elementor-image-carousel-wrapper swiper\" role=\"region\" aria-roledescription=\"carousel\" aria-label=\"Carrusel de im\u00e1genes\" dir=\"ltr\">\n\t\t\t<div class=\"elementor-image-carousel swiper-wrapper swiper-image-stretch\" aria-live=\"off\">\n\t\t\t\t\t\t\t\t<div class=\"swiper-slide\" role=\"group\" aria-roledescription=\"slide\" aria-label=\"1 de 2\"><figure class=\"swiper-slide-inner\"><img decoding=\"async\" class=\"swiper-slide-image\" src=\"https:\/\/www.ozono-hb.it\/wp-content\/uploads\/2014\/03\/Olio-corpo-6490-1440x1280.jpg\" alt=\"Olio corpo universale - Ozono Health &amp; Beauty\" \/><\/figure><\/div><div class=\"swiper-slide\" role=\"group\" aria-roledescription=\"slide\" aria-label=\"2 de 2\"><figure class=\"swiper-slide-inner\"><img decoding=\"async\" class=\"swiper-slide-image\" src=\"https:\/\/www.ozono-hb.it\/wp-content\/uploads\/2014\/03\/Olio-corpo-05-6490-1440x1280.jpg\" alt=\"Olio corpo universale - Ozono Health &amp; Beauty\" \/><\/figure><\/div>\t\t\t<\/div>\n\t\t\t\t\t\t\t\t\t\t\t\t<div class=\"elementor-swiper-button elementor-swiper-button-prev\" role=\"button\" tabindex=\"0\">\n\t\t\t\t\t\t<i aria-hidden=\"true\" class=\"eicon-chevron-left\"><\/i>\t\t\t\t\t<\/div>\n\t\t\t\t\t<div class=\"elementor-swiper-button elementor-swiper-button-next\" role=\"button\" tabindex=\"0\">\n\t\t\t\t\t\t<i aria-hidden=\"true\" class=\"eicon-chevron-right\"><\/i>\t\t\t\t\t<\/div>\n\t\t\t\t\n\t\t\t\t\t\t\t\t\t<\/div>\n\t\t\t\t\t\t<\/div>\n\t\t\t\t<\/div>\n\t\t\t\t<div class=\"elementor-element elementor-element-87503e6 elementor-widget__width-inherit elementor-hidden-mobile elementor-widget elementor-widget-fs-hero-slider\" data-id=\"87503e6\" data-element_type=\"widget\" data-widget_type=\"fs-hero-slider.default\">\n\t\t\t\t<div class=\"elementor-widget-container\">\n\t\t\t\t\t\r\n        <header class=\"hero-slider-scene\"\r\n                data-autoplay=\"3000\">\r\n\r\n            <div class=\"inner-wrapper\">\r\n\r\n                \r\n                    <div class=\"navigation-button navigation-button-prev\">\r\n\r\n                        <img decoding=\"async\" src=\"https:\/\/www.ozono-hb.it\/wp-content\/themes\/levre\/assets\/img\/arrow_left.svg\"\r\n                             alt=\"Arrow Icon\"\r\n                             style=\"width: 25px;\">\r\n\r\n                    <\/div>\r\n\r\n                \r\n                <div class=\"swiper-container hero-slider\"\r\n                     data-effect=\"fade\">\r\n\r\n                    <div class=\"swiper-wrapper\">\r\n\r\n                        \r\n                            <div class=\"swiper-slide\"\r\n                                 style=\"background-image: url(https:\/\/www.ozono-hb.it\/wp-content\/uploads\/2014\/03\/Olio-corpo-6490.jpg)\">\r\n\r\n                                <div class=\"content-wrapper\">\r\n\r\n                                    <h1 class=\"title\">\r\n\r\n                                        \r\n                                    <\/h1>\r\n\r\n                                    <p class=\"subtitle\">\r\n\r\n                                        \r\n                                    <\/p>\r\n\r\n                                    <div class=\"button-wrapper\">\r\n\r\n                                        \r\n\r\n                                        \r\n                                    <\/div>\r\n\r\n                                <\/div>\r\n\r\n                            <\/div>\r\n\r\n                        \r\n                            <div class=\"swiper-slide\"\r\n                                 style=\"background-image: url(https:\/\/www.ozono-hb.it\/wp-content\/uploads\/2014\/03\/Olio-corpo-05-6490.jpg)\">\r\n\r\n                                <div class=\"content-wrapper\">\r\n\r\n                                    <h1 class=\"title\">\r\n\r\n                                        \r\n                                    <\/h1>\r\n\r\n                                    <p class=\"subtitle\">\r\n\r\n                                        \r\n                                    <\/p>\r\n\r\n                                    <div class=\"button-wrapper\">\r\n\r\n                                        \r\n\r\n                                        \r\n                                    <\/div>\r\n\r\n                                <\/div>\r\n\r\n                            <\/div>\r\n\r\n                        \r\n                    <\/div>\r\n\r\n                    \r\n                <\/div>\r\n\r\n                \r\n                    <div class=\"navigation-button navigation-button-next\">\r\n\r\n                        <img decoding=\"async\" src=\"https:\/\/www.ozono-hb.it\/wp-content\/themes\/levre\/assets\/img\/arrow_right.svg\"\r\n                             alt=\"Arrow Icon\"\r\n                             style=\"width: 25px;\">\r\n\r\n                    <\/div>\r\n\r\n                \r\n            <\/div>\r\n\r\n        <\/header>\r\n\r\n        \t\t\t\t<\/div>\n\t\t\t\t<\/div>\n\t\t\t\t\t<\/div>\n\t\t<\/div>\n\t\t\t\t<div class=\"elementor-column elementor-col-50 elementor-top-column elementor-element elementor-element-7dc0c8f\" data-id=\"7dc0c8f\" data-element_type=\"column\">\n\t\t\t<div class=\"elementor-widget-wrap elementor-element-populated\">\n\t\t\t\t\t\t<div class=\"elementor-element elementor-element-4da381a elementor-widget elementor-widget-heading\" data-id=\"4da381a\" data-element_type=\"widget\" data-widget_type=\"heading.default\">\n\t\t\t\t<div class=\"elementor-widget-container\">\n\t\t\t\t\t<h1 class=\"elementor-heading-title elementor-size-default\">Aceite corporal Universal<\/h1>\t\t\t\t<\/div>\n\t\t\t\t<\/div>\n\t\t\t\t<div class=\"elementor-element elementor-element-65c3790 elementor-widget elementor-widget-heading\" data-id=\"65c3790\" data-element_type=\"widget\" data-widget_type=\"heading.default\">\n\t\t\t\t<div class=\"elementor-widget-container\">\n\t\t\t\t\t<h2 class=\"elementor-heading-title elementor-size-default\">Aceite para masaje fluido y seco con aceite ozonizado<\/h2>\t\t\t\t<\/div>\n\t\t\t\t<\/div>\n\t\t\t\t<div class=\"elementor-element elementor-element-992555a elementor-widget elementor-widget-text-editor\" data-id=\"992555a\" data-element_type=\"widget\" data-widget_type=\"text-editor.default\">\n\t\t\t\t<div class=\"elementor-widget-container\">\n\t\t\t\t\t\t\t\t\t<p>Aceite corporal especialmente fluido que permite un buen masaje sin dejar la piel aceitosa. El aceite ozonizado libera ox\u00edgeno en gran cantidad, favoreciendo el micro c\u00edrculo sangu\u00edneo subcut\u00e1neo, nutriendo e hidratando la piel, dej\u00e1ndola el\u00e1stica y luminosa. Este producto tiene una utilizaci\u00f3n universal, brindando tambi\u00e9n beneficios en caso de exposici\u00f3n solar, contrarrestando los efectos da\u00f1inos. El ozono combate las imperfecciones est\u00e9ticas de la piel, favoreciendo una r\u00e1pida cicatrizaci\u00f3n y regeneraci\u00f3n d\u00e9rmica.<\/p>\t\t\t\t\t\t\t\t<\/div>\n\t\t\t\t<\/div>\n\t\t\t\t<div class=\"elementor-element elementor-element-b53fc33 elementor-widget elementor-widget-text-editor\" data-id=\"b53fc33\" data-element_type=\"widget\" data-widget_type=\"text-editor.default\">\n\t\t\t\t<div class=\"elementor-widget-container\">\n\t\t\t\t\t\t\t\t\t<p><strong>Modo de empleo<\/strong>: simple de utilizar, aplicar unas pocas gotas directamente en la zona a tratar, perfectamente limpia. Se puede aplicar solo o antes de una crema de tratamiento. Para optimizar el efecto del producto, masajear la piel con delicados movimientos circulares. Uso externo.<\/p>\t\t\t\t\t\t\t\t<\/div>\n\t\t\t\t<\/div>\n\t\t\t\t<div class=\"elementor-element elementor-element-b9d19af elementor-widget elementor-widget-text-editor\" data-id=\"b9d19af\" data-element_type=\"widget\" data-widget_type=\"text-editor.default\">\n\t\t\t\t<div class=\"elementor-widget-container\">\n\t\t\t\t\t\t\t\t\t<p><strong>Tama\u00f1o<\/strong>: 200 ml. e 500 ml.<\/p>\t\t\t\t\t\t\t\t<\/div>\n\t\t\t\t<\/div>\n\t\t\t\t<div class=\"elementor-element elementor-element-31c0a6f elementor-widget elementor-widget-text-editor\" data-id=\"31c0a6f\" data-element_type=\"widget\" data-widget_type=\"text-editor.default\">\n\t\t\t\t<div class=\"elementor-widget-container\">\n\t\t\t\t\t\t\t\t\t<p><strong>Ingredientes<\/strong>: Ethylhexyl palmitate, Ozonized sunflower seed oil, Parfum (Fragrance), Persea gratissima oil (Persea gratissima (Avocado) oil), Simmondsia chinensis seed oil (Simmondsia chinensis(Jojoba) seed oil), Benzyl salicylate, Eugenol, Limonene, Pentaerythrityl Tetra-Di-T-Butyl Hydroxyhydrocinnamat, Linalool, Coumarin, Geraniol, Hexyl cinnamal, Citronellol, Citral, Cinnamyl alcohol, Cinnamal, Evernia furfuracea extract, Evernia prunastri extract.<\/p>\t\t\t\t\t\t\t\t<\/div>\n\t\t\t\t<\/div>\n\t\t\t\t<div class=\"elementor-element elementor-element-d345a66 elementor-widget elementor-widget-fs-button\" data-id=\"d345a66\" data-element_type=\"widget\" data-widget_type=\"fs-button.default\">\n\t\t\t\t<div class=\"elementor-widget-container\">\n\t\t\t\t\t\r\n            <div class=\"button-wrapper\">\r\n\r\n                <a href=\"https:\/\/www.amazon.it\/OZONO-Olio-Corpo-Universale-Professionale\/dp\/B08F8Y1CM9?ref_=ast_sto_dp\"\r\n                   class=\"fs-button dark-border-style\"\r\n                   target=\"_blank\">\r\n\r\n                    Comprar en l\u00ednea\r\n                <\/a>\r\n\r\n            <\/div>\r\n\r\n        \t\t\t\t<\/div>\n\t\t\t\t<\/div>\n\t\t\t\t\t<\/div>\n\t\t<\/div>\n\t\t\t\t\t<\/div>\n\t\t<\/section>\n\t\t        \t\t<\/div>\n\t\t","protected":false},"excerpt":{"rendered":"<p>Productos cosm\u00e9ticos Aceite corporal Universal Aceite para masaje fluido y seco con aceite ozonizado Aceite corporal especialmente fluido que permite un buen masaje sin dejar la piel aceitosa. El aceite ozonizado libera ox\u00edgeno en gran cantidad, favoreciendo el micro c\u00edrculo sangu\u00edneo subcut\u00e1neo, nutriendo e hidratando la piel, dej\u00e1ndola el\u00e1stica y luminosa. Este producto tiene una [&hellip;]<\/p>\n","protected":false},"author":3,"featured_media":0,"parent":5450,"menu_order":0,"comment_status":"closed","ping_status":"closed","template":"","meta":{"_acf_changed":false,"footnotes":""},"class_list":["post-6503","page","type-page","status-publish","hentry"],"acf":[],"_links":{"self":[{"href":"https:\/\/www.ozono-hb.it\/es\/wp-json\/wp\/v2\/pages\/6503","targetHints":{"allow":["GET"]}}],"collection":[{"href":"https:\/\/www.ozono-hb.it\/es\/wp-json\/wp\/v2\/pages"}],"about":[{"href":"https:\/\/www.ozono-hb.it\/es\/wp-json\/wp\/v2\/types\/page"}],"author":[{"embeddable":true,"href":"https:\/\/www.ozono-hb.it\/es\/wp-json\/wp\/v2\/users\/3"}],"replies":[{"embeddable":true,"href":"https:\/\/www.ozono-hb.it\/es\/wp-json\/wp\/v2\/comments?post=6503"}],"version-history":[{"count":4,"href":"https:\/\/www.ozono-hb.it\/es\/wp-json\/wp\/v2\/pages\/6503\/revisions"}],"predecessor-version":[{"id":6507,"href":"https:\/\/www.ozono-hb.it\/es\/wp-json\/wp\/v2\/pages\/6503\/revisions\/6507"}],"up":[{"embeddable":true,"href":"https:\/\/www.ozono-hb.it\/es\/wp-json\/wp\/v2\/pages\/5450"}],"wp:attachment":[{"href":"https:\/\/www.ozono-hb.it\/es\/wp-json\/wp\/v2\/media?parent=6503"}],"curies":[{"name":"wp","href":"https:\/\/api.w.org\/{rel}","templated":true}]}}