{"id":6524,"date":"2023-06-13T16:07:49","date_gmt":"2023-06-13T14:07:49","guid":{"rendered":"http:\/\/ozono.youelba.com\/productos\/tonico-viso\/"},"modified":"2023-08-28T12:33:27","modified_gmt":"2023-08-28T10:33:27","slug":"tonico-facial","status":"publish","type":"page","link":"https:\/\/www.ozono-hb.it\/es\/productos\/tonico-facial\/","title":{"rendered":"T\u00f3nico facial"},"content":{"rendered":"\t\t<div data-elementor-type=\"wp-page\" data-elementor-id=\"6524\" class=\"elementor elementor-6524 elementor-3916\" data-elementor-post-type=\"page\">\n\t\t\t\t\t\t<section class=\"elementor-section elementor-top-section elementor-element elementor-element-bf4305b elementor-section-height-min-height elementor-section-items-bottom elementor-section-boxed elementor-section-height-default\" data-id=\"bf4305b\" data-element_type=\"section\" data-settings=\"{&quot;background_background&quot;:&quot;classic&quot;}\">\n\t\t\t\t\t\t<div class=\"elementor-container elementor-column-gap-extended\">\n\t\t\t\t\t<div class=\"elementor-column elementor-col-100 elementor-top-column elementor-element elementor-element-f9c7b7e\" data-id=\"f9c7b7e\" data-element_type=\"column\">\n\t\t\t<div class=\"elementor-widget-wrap elementor-element-populated\">\n\t\t\t\t\t\t<div class=\"elementor-element elementor-element-c630670 elementor-widget elementor-widget-heading\" data-id=\"c630670\" data-element_type=\"widget\" data-widget_type=\"heading.default\">\n\t\t\t\t<div class=\"elementor-widget-container\">\n\t\t\t\t\t<h1 class=\"elementor-heading-title elementor-size-default\">Productos cosm\u00e9ticos<\/h1>\t\t\t\t<\/div>\n\t\t\t\t<\/div>\n\t\t\t\t<div class=\"elementor-element elementor-element-119875e elementor-widget elementor-widget-spacer\" data-id=\"119875e\" data-element_type=\"widget\" data-widget_type=\"spacer.default\">\n\t\t\t\t<div class=\"elementor-widget-container\">\n\t\t\t\t\t\t\t<div class=\"elementor-spacer\">\n\t\t\t<div class=\"elementor-spacer-inner\"><\/div>\n\t\t<\/div>\n\t\t\t\t\t\t<\/div>\n\t\t\t\t<\/div>\n\t\t\t\t\t<\/div>\n\t\t<\/div>\n\t\t\t\t\t<\/div>\n\t\t<\/section>\n\t\t        \t\t<section class=\"elementor-section elementor-top-section elementor-element elementor-element-2a52c7f elementor-section-content-middle elementor-section-full_width elementor-reverse-mobile elementor-section-height-default elementor-section-height-default\" data-id=\"2a52c7f\" data-element_type=\"section\" data-settings=\"{&quot;background_background&quot;:&quot;classic&quot;}\">\n\t\t\t\t\t\t<div class=\"elementor-container elementor-column-gap-no\">\n\t\t\t\t\t<div class=\"elementor-column elementor-col-50 elementor-top-column elementor-element elementor-element-e48ecad\" data-id=\"e48ecad\" data-element_type=\"column\">\n\t\t\t<div class=\"elementor-widget-wrap elementor-element-populated\">\n\t\t\t\t\t\t<div class=\"elementor-element elementor-element-85aa28c elementor-hidden-desktop elementor-hidden-tablet elementor-arrows-position-inside elementor-widget elementor-widget-image-carousel\" data-id=\"85aa28c\" data-element_type=\"widget\" data-settings=\"{&quot;navigation&quot;:&quot;arrows&quot;,&quot;autoplay&quot;:&quot;yes&quot;,&quot;pause_on_hover&quot;:&quot;yes&quot;,&quot;pause_on_interaction&quot;:&quot;yes&quot;,&quot;autoplay_speed&quot;:5000,&quot;infinite&quot;:&quot;yes&quot;,&quot;speed&quot;:500}\" data-widget_type=\"image-carousel.default\">\n\t\t\t\t<div class=\"elementor-widget-container\">\n\t\t\t\t\t\t\t<div class=\"elementor-image-carousel-wrapper swiper\" role=\"region\" aria-roledescription=\"carousel\" aria-label=\"Carrusel de im\u00e1genes\" dir=\"ltr\">\n\t\t\t<div class=\"elementor-image-carousel swiper-wrapper swiper-image-stretch\" aria-live=\"off\">\n\t\t\t\t\t\t\t\t<div class=\"swiper-slide\" role=\"group\" aria-roledescription=\"slide\" aria-label=\"1 de 2\"><figure class=\"swiper-slide-inner\"><img decoding=\"async\" class=\"swiper-slide-image\" src=\"https:\/\/www.ozono-hb.it\/wp-content\/uploads\/2014\/03\/Tonico-viso-6608-1440x1280.jpg\" alt=\"Tonico viso - Ozono Health &amp; Beauty\" \/><\/figure><\/div><div class=\"swiper-slide\" role=\"group\" aria-roledescription=\"slide\" aria-label=\"2 de 2\"><figure class=\"swiper-slide-inner\"><img decoding=\"async\" class=\"swiper-slide-image\" src=\"https:\/\/www.ozono-hb.it\/wp-content\/uploads\/2014\/03\/Tonico-viso-6601-1440x1280.jpg\" alt=\"Tonico viso - Ozono Health &amp; Beauty\" \/><\/figure><\/div>\t\t\t<\/div>\n\t\t\t\t\t\t\t\t\t\t\t\t<div class=\"elementor-swiper-button elementor-swiper-button-prev\" role=\"button\" tabindex=\"0\">\n\t\t\t\t\t\t<i aria-hidden=\"true\" class=\"eicon-chevron-left\"><\/i>\t\t\t\t\t<\/div>\n\t\t\t\t\t<div class=\"elementor-swiper-button elementor-swiper-button-next\" role=\"button\" tabindex=\"0\">\n\t\t\t\t\t\t<i aria-hidden=\"true\" class=\"eicon-chevron-right\"><\/i>\t\t\t\t\t<\/div>\n\t\t\t\t\n\t\t\t\t\t\t\t\t\t<\/div>\n\t\t\t\t\t\t<\/div>\n\t\t\t\t<\/div>\n\t\t\t\t<div class=\"elementor-element elementor-element-87503e6 elementor-widget__width-inherit elementor-hidden-mobile elementor-widget elementor-widget-fs-hero-slider\" data-id=\"87503e6\" data-element_type=\"widget\" data-widget_type=\"fs-hero-slider.default\">\n\t\t\t\t<div class=\"elementor-widget-container\">\n\t\t\t\t\t\r\n        <header class=\"hero-slider-scene\"\r\n                data-autoplay=\"3000\">\r\n\r\n            <div class=\"inner-wrapper\">\r\n\r\n                \r\n                    <div class=\"navigation-button navigation-button-prev\">\r\n\r\n                        <img decoding=\"async\" src=\"https:\/\/www.ozono-hb.it\/wp-content\/themes\/levre\/assets\/img\/arrow_left.svg\"\r\n                             alt=\"Arrow Icon\"\r\n                             style=\"width: 25px;\">\r\n\r\n                    <\/div>\r\n\r\n                \r\n                <div class=\"swiper-container hero-slider\"\r\n                     data-effect=\"fade\">\r\n\r\n                    <div class=\"swiper-wrapper\">\r\n\r\n                        \r\n                            <div class=\"swiper-slide\"\r\n                                 style=\"background-image: url(https:\/\/www.ozono-hb.it\/wp-content\/uploads\/2014\/03\/Tonico-viso-6608.jpg)\">\r\n\r\n                                <div class=\"content-wrapper\">\r\n\r\n                                    <h1 class=\"title\">\r\n\r\n                                        \r\n                                    <\/h1>\r\n\r\n                                    <p class=\"subtitle\">\r\n\r\n                                        \r\n                                    <\/p>\r\n\r\n                                    <div class=\"button-wrapper\">\r\n\r\n                                        \r\n\r\n                                        \r\n                                    <\/div>\r\n\r\n                                <\/div>\r\n\r\n                            <\/div>\r\n\r\n                        \r\n                            <div class=\"swiper-slide\"\r\n                                 style=\"background-image: url(https:\/\/www.ozono-hb.it\/wp-content\/uploads\/2014\/03\/Tonico-viso-6601.jpg)\">\r\n\r\n                                <div class=\"content-wrapper\">\r\n\r\n                                    <h1 class=\"title\">\r\n\r\n                                        \r\n                                    <\/h1>\r\n\r\n                                    <p class=\"subtitle\">\r\n\r\n                                        \r\n                                    <\/p>\r\n\r\n                                    <div class=\"button-wrapper\">\r\n\r\n                                        \r\n\r\n                                        \r\n                                    <\/div>\r\n\r\n                                <\/div>\r\n\r\n                            <\/div>\r\n\r\n                        \r\n                    <\/div>\r\n\r\n                    \r\n                <\/div>\r\n\r\n                \r\n                    <div class=\"navigation-button navigation-button-next\">\r\n\r\n                        <img decoding=\"async\" src=\"https:\/\/www.ozono-hb.it\/wp-content\/themes\/levre\/assets\/img\/arrow_right.svg\"\r\n                             alt=\"Arrow Icon\"\r\n                             style=\"width: 25px;\">\r\n\r\n                    <\/div>\r\n\r\n                \r\n            <\/div>\r\n\r\n        <\/header>\r\n\r\n        \t\t\t\t<\/div>\n\t\t\t\t<\/div>\n\t\t\t\t\t<\/div>\n\t\t<\/div>\n\t\t\t\t<div class=\"elementor-column elementor-col-50 elementor-top-column elementor-element elementor-element-7dc0c8f\" data-id=\"7dc0c8f\" data-element_type=\"column\">\n\t\t\t<div class=\"elementor-widget-wrap elementor-element-populated\">\n\t\t\t\t\t\t<div class=\"elementor-element elementor-element-4da381a elementor-widget elementor-widget-heading\" data-id=\"4da381a\" data-element_type=\"widget\" data-widget_type=\"heading.default\">\n\t\t\t\t<div class=\"elementor-widget-container\">\n\t\t\t\t\t<h1 class=\"elementor-heading-title elementor-size-default\">T\u00f3nico facial<\/h1>\t\t\t\t<\/div>\n\t\t\t\t<\/div>\n\t\t\t\t<div class=\"elementor-element elementor-element-7a3d451 elementor-widget elementor-widget-heading\" data-id=\"7a3d451\" data-element_type=\"widget\" data-widget_type=\"heading.default\">\n\t\t\t\t<div class=\"elementor-widget-container\">\n\t\t\t\t\t<h2 class=\"elementor-heading-title elementor-size-default\">T\u00f3nico facial con aceite ozonizado microencapsulado<\/h2>\t\t\t\t<\/div>\n\t\t\t\t<\/div>\n\t\t\t\t<div class=\"elementor-element elementor-element-992555a elementor-widget elementor-widget-text-editor\" data-id=\"992555a\" data-element_type=\"widget\" data-widget_type=\"text-editor.default\">\n\t\t\t\t<div class=\"elementor-widget-container\">\n\t\t\t\t\t\t\t\t\t<p>Loci\u00f3n t\u00f3nica para el rostro, ideal para dar suavidad y vigor a la piel despu\u00e9s de la limpieza. El gel de \u00e1loe vera aporta una acci\u00f3n hidratante, lenitiva y emoliente, asimismo el extracto de pomelo gracias a sus propiedades astringentes y purificantes hace que el producto sea ideal tambi\u00e9n para pieles grasas. El t\u00f3nico es enriquecido con aceite ozonizado.<\/p>\t\t\t\t\t\t\t\t<\/div>\n\t\t\t\t<\/div>\n\t\t\t\t<div class=\"elementor-element elementor-element-b53fc33 elementor-widget elementor-widget-text-editor\" data-id=\"b53fc33\" data-element_type=\"widget\" data-widget_type=\"text-editor.default\">\n\t\t\t\t<div class=\"elementor-widget-container\">\n\t\t\t\t\t\t\t\t\t<p><strong>Modo de empleo<\/strong>: Utilizar un disco de algod\u00f3n para aplicar con toques suaves sobre el rostro y el cuello, despu\u00e9s utilizar la leche limpiadora y\/o la aplicaci\u00f3n de mascarilla. Uso externo.<\/p>\t\t\t\t\t\t\t\t<\/div>\n\t\t\t\t<\/div>\n\t\t\t\t<div class=\"elementor-element elementor-element-b9d19af elementor-widget elementor-widget-text-editor\" data-id=\"b9d19af\" data-element_type=\"widget\" data-widget_type=\"text-editor.default\">\n\t\t\t\t<div class=\"elementor-widget-container\">\n\t\t\t\t\t\t\t\t\t<p><strong>Tama\u00f1o<\/strong>: 250 ml. e 500 ml.<\/p>\t\t\t\t\t\t\t\t<\/div>\n\t\t\t\t<\/div>\n\t\t\t\t<div class=\"elementor-element elementor-element-31c0a6f elementor-widget elementor-widget-text-editor\" data-id=\"31c0a6f\" data-element_type=\"widget\" data-widget_type=\"text-editor.default\">\n\t\t\t\t<div class=\"elementor-widget-container\">\n\t\t\t\t\t\t\t\t\t<p><strong>Ingredientes<\/strong>: Aqua (Water), Propylene glycol, Aloe barbadensis gel (Aloe barbadensis leaf juce), Phenoxyethanol, PEG-40 Hydrogenated castor oil, Parfum (Fragrance), Benzoic acid, Dehydroacetic acid, Allantoin, Ethylhexylglycerin, Hamamelis virginiana leaf extract (Hamamelis virginiana (Witchhazel) leaf extract), Citrus grandis extract (Citrus grandis (Grapefruit) fruit extract), Glucose, Sorbitol, Sodium glutamate, Urea, Potassium sorbate, Sodium benzoate, Ozonized sunflower seed oil, CI 42090 (Fd &amp; C blue No.1), Glycine, Hydrolyzed wheat protein, Lactic acid, Panthenol, Sodium Pca, Tetrasodium glutamate diacetatechelante.<\/p>\t\t\t\t\t\t\t\t<\/div>\n\t\t\t\t<\/div>\n\t\t\t\t<div class=\"elementor-element elementor-element-d345a66 elementor-widget elementor-widget-fs-button\" data-id=\"d345a66\" data-element_type=\"widget\" data-widget_type=\"fs-button.default\">\n\t\t\t\t<div class=\"elementor-widget-container\">\n\t\t\t\t\t\r\n            <div class=\"button-wrapper\">\r\n\r\n                <a href=\"https:\/\/www.amazon.it\/Ozono-Lozione-Tonica\/dp\/B07CWVR6B3?ref_=ast_sto_dp\"\r\n                   class=\"fs-button dark-border-style\"\r\n                   target=\"_blank\">\r\n\r\n                    Comprar en l\u00ednea\r\n                <\/a>\r\n\r\n            <\/div>\r\n\r\n        \t\t\t\t<\/div>\n\t\t\t\t<\/div>\n\t\t\t\t\t<\/div>\n\t\t<\/div>\n\t\t\t\t\t<\/div>\n\t\t<\/section>\n\t\t        \t\t<\/div>\n\t\t","protected":false},"excerpt":{"rendered":"<p>Productos cosm\u00e9ticos T\u00f3nico facial T\u00f3nico facial con aceite ozonizado microencapsulado Loci\u00f3n t\u00f3nica para el rostro, ideal para dar suavidad y vigor a la piel despu\u00e9s de la limpieza. El gel de \u00e1loe vera aporta una acci\u00f3n hidratante, lenitiva y emoliente, asimismo el extracto de pomelo gracias a sus propiedades astringentes y purificantes hace que el [&hellip;]<\/p>\n","protected":false},"author":3,"featured_media":0,"parent":5450,"menu_order":0,"comment_status":"closed","ping_status":"closed","template":"","meta":{"_acf_changed":false,"footnotes":""},"class_list":["post-6524","page","type-page","status-publish","hentry"],"acf":[],"_links":{"self":[{"href":"https:\/\/www.ozono-hb.it\/es\/wp-json\/wp\/v2\/pages\/6524","targetHints":{"allow":["GET"]}}],"collection":[{"href":"https:\/\/www.ozono-hb.it\/es\/wp-json\/wp\/v2\/pages"}],"about":[{"href":"https:\/\/www.ozono-hb.it\/es\/wp-json\/wp\/v2\/types\/page"}],"author":[{"embeddable":true,"href":"https:\/\/www.ozono-hb.it\/es\/wp-json\/wp\/v2\/users\/3"}],"replies":[{"embeddable":true,"href":"https:\/\/www.ozono-hb.it\/es\/wp-json\/wp\/v2\/comments?post=6524"}],"version-history":[{"count":4,"href":"https:\/\/www.ozono-hb.it\/es\/wp-json\/wp\/v2\/pages\/6524\/revisions"}],"predecessor-version":[{"id":6528,"href":"https:\/\/www.ozono-hb.it\/es\/wp-json\/wp\/v2\/pages\/6524\/revisions\/6528"}],"up":[{"embeddable":true,"href":"https:\/\/www.ozono-hb.it\/es\/wp-json\/wp\/v2\/pages\/5450"}],"wp:attachment":[{"href":"https:\/\/www.ozono-hb.it\/es\/wp-json\/wp\/v2\/media?parent=6524"}],"curies":[{"name":"wp","href":"https:\/\/api.w.org\/{rel}","templated":true}]}}