{"id":5789,"date":"2023-08-01T14:34:55","date_gmt":"2023-08-01T12:34:55","guid":{"rendered":"http:\/\/ozono.youelba.com\/shop\/hair\/"},"modified":"2023-09-15T14:07:03","modified_gmt":"2023-09-15T12:07:03","slug":"hair","status":"publish","type":"product","link":"https:\/\/www.ozono-hb.it\/es\/shop\/hair\/","title":{"rendered":"Hair"},"content":{"rendered":"\t\t<div data-elementor-type=\"wp-post\" data-elementor-id=\"5789\" class=\"elementor elementor-5789 elementor-4544\" data-elementor-post-type=\"product\">\n\t\t\t\t\t\t<section class=\"elementor-section elementor-top-section elementor-element elementor-element-6361b17 elementor-section-boxed elementor-section-height-default elementor-section-height-default\" data-id=\"6361b17\" data-element_type=\"section\">\n\t\t\t\t\t\t<div class=\"elementor-container elementor-column-gap-default\">\n\t\t\t\t\t<div class=\"elementor-column elementor-col-100 elementor-top-column elementor-element elementor-element-491b901\" data-id=\"491b901\" data-element_type=\"column\">\n\t\t\t<div class=\"elementor-widget-wrap\">\n\t\t\t\t\t\t\t<\/div>\n\t\t<\/div>\n\t\t\t\t\t<\/div>\n\t\t<\/section>\n\t\t        \t\t<\/div>\n\t\t","protected":false},"excerpt":{"rendered":"<h4>Porque hasta tu cabello debe ser mimado<\/h4>\n<p>Cabello es la soluci\u00f3n de OZONO tambi\u00e9n para nuestro cabello, utilizando queratina hidrolizada y aceite de arg\u00e1n<\/p>\n<ul>\n<li><strong>Mousse limpiadora<\/strong>, al ser hipoalerg\u00e9nica y antibacteriana esta mousse es perfecta no s\u00f3lo para limpiar el rostro sino tambi\u00e9n para partes irritadas o heridas de la piel, pieles delicadas o con tendencia a irritarse e incluso zonas \u00edntimas<\/li>\n<li><strong>Hair Restorer Shampoo<\/strong>, una limpieza reestructurante para el cabello<\/li>\n<li><strong>Hair Restorer Mask<\/strong>, un acondicionador humectante<\/li>\n<li><strong>Aceite de Arg\u00e1n Restaurador Capilar<\/strong>, a\u00fan m\u00e1s enriquecido con aceite ozonizado<\/li>\n<\/ul>\n<p>La l\u00ednea Restaurador Capilar se caracteriza por la presencia de aceite ozonizado; acondiciona el cabello realineando las escamas de la cut\u00edcula y lo reestructura en profundidad. Con queratina hidrolizada, aceite de arg\u00e1n y aceite derivado de Alba Limnanthes. Su acci\u00f3n reestructurante aporta al cabello suavidad, brillo y cuerpo; Aporta hidrataci\u00f3n y estructura a la fibra capilar. No lo peses. Los principios activos que contiene, gracias a su alta afinidad con la fibra capilar, se absorben f\u00e1cilmente y act\u00faan en sinergia aportando nutrici\u00f3n al cabello. Desempe\u00f1an tambi\u00e9n una valiosa acci\u00f3n cementante\/reparadora as\u00ed como un tratante \u00abantifricci\u00f3n\u00bb aportando peinado, suavidad y luz.<\/p>\n","protected":false},"featured_media":5790,"comment_status":"open","ping_status":"closed","template":"","meta":{"_acf_changed":false},"product_brand":[],"product_cat":[167],"product_tag":[214,216,188,218,208],"class_list":{"0":"post-5789","1":"product","2":"type-product","3":"status-publish","4":"has-post-thumbnail","6":"product_cat-linea-cosmetica","7":"product_tag-aceite-de-argan-restaurador","8":"product_tag-acondicionador-restaurador","9":"product_tag-cabello","10":"product_tag-champu-restaurador","11":"product_tag-mousse-limpiadora","13":"first","14":"instock","15":"sale","16":"shipping-taxable","17":"purchasable","18":"product-type-simple"},"acf":[],"_links":{"self":[{"href":"https:\/\/www.ozono-hb.it\/es\/wp-json\/wp\/v2\/product\/5789","targetHints":{"allow":["GET"]}}],"collection":[{"href":"https:\/\/www.ozono-hb.it\/es\/wp-json\/wp\/v2\/product"}],"about":[{"href":"https:\/\/www.ozono-hb.it\/es\/wp-json\/wp\/v2\/types\/product"}],"replies":[{"embeddable":true,"href":"https:\/\/www.ozono-hb.it\/es\/wp-json\/wp\/v2\/comments?post=5789"}],"version-history":[{"count":3,"href":"https:\/\/www.ozono-hb.it\/es\/wp-json\/wp\/v2\/product\/5789\/revisions"}],"predecessor-version":[{"id":7049,"href":"https:\/\/www.ozono-hb.it\/es\/wp-json\/wp\/v2\/product\/5789\/revisions\/7049"}],"wp:featuredmedia":[{"embeddable":true,"href":"https:\/\/www.ozono-hb.it\/es\/wp-json\/wp\/v2\/media\/5790"}],"wp:attachment":[{"href":"https:\/\/www.ozono-hb.it\/es\/wp-json\/wp\/v2\/media?parent=5789"}],"wp:term":[{"taxonomy":"product_brand","embeddable":true,"href":"https:\/\/www.ozono-hb.it\/es\/wp-json\/wp\/v2\/product_brand?post=5789"},{"taxonomy":"product_cat","embeddable":true,"href":"https:\/\/www.ozono-hb.it\/es\/wp-json\/wp\/v2\/product_cat?post=5789"},{"taxonomy":"product_tag","embeddable":true,"href":"https:\/\/www.ozono-hb.it\/es\/wp-json\/wp\/v2\/product_tag?post=5789"}],"curies":[{"name":"wp","href":"https:\/\/api.w.org\/{rel}","templated":true}]}}