{"id":5793,"date":"2023-08-01T14:29:44","date_gmt":"2023-08-01T12:29:44","guid":{"rendered":"http:\/\/ozono.youelba.com\/shop\/slimming\/"},"modified":"2023-09-15T14:00:33","modified_gmt":"2023-09-15T12:00:33","slug":"slimming","status":"publish","type":"product","link":"https:\/\/www.ozono-hb.it\/es\/shop\/slimming\/","title":{"rendered":"Slimming"},"content":{"rendered":"\t\t<div data-elementor-type=\"wp-post\" data-elementor-id=\"5793\" class=\"elementor elementor-5793 elementor-4538\" data-elementor-post-type=\"product\">\n\t\t\t\t\t\t<section class=\"elementor-section elementor-top-section elementor-element elementor-element-6361b17 elementor-section-boxed elementor-section-height-default elementor-section-height-default\" data-id=\"6361b17\" data-element_type=\"section\">\n\t\t\t\t\t\t<div class=\"elementor-container elementor-column-gap-default\">\n\t\t\t\t\t<div class=\"elementor-column elementor-col-100 elementor-top-column elementor-element elementor-element-491b901\" data-id=\"491b901\" data-element_type=\"column\">\n\t\t\t<div class=\"elementor-widget-wrap\">\n\t\t\t\t\t\t\t<\/div>\n\t\t<\/div>\n\t\t\t\t\t<\/div>\n\t\t<\/section>\n\t\t        \t\t<\/div>\n\t\t","protected":false},"excerpt":{"rendered":"<h4>Una ayuda para la retenci\u00f3n de agua y la fusi\u00f3n de grasas<\/h4>\n<p>Dos cremas corporales adelgazantes, que ayudan a eliminar la retenci\u00f3n de l\u00edquidos y a derretir las grasas depositadas.<\/p>\n<ul>\n<li>La <strong>Crema Drenante Adelgazante<\/strong> ayuda a la retenci\u00f3n de l\u00edquidos, dejando una delicada fragancia en la piel<\/li>\n<li>La <strong>Crema Adelgazante Termog\u00e9nica<\/strong> es la hermana \u201cpicante\u201d, de hecho contiene chile y al aplicarla la piel la calienta mientras derrite las grasas, al aplicar esta crema se recomienda tener cuidado y no tocarse ojos, nariz, boca y lavarse las manos. Inmediatamente despu\u00e9s de su uso, es normal que la piel se enrojezca, la activaci\u00f3n de la crema provoca un enrojecimiento c\u00e1lido de la piel, no es permanente<\/li>\n<\/ul>\n","protected":false},"featured_media":5794,"comment_status":"open","ping_status":"closed","template":"","meta":{"_acf_changed":false},"product_brand":[],"product_cat":[167],"product_tag":[222,196,194,190],"class_list":{"0":"post-5793","1":"product","2":"type-product","3":"status-publish","4":"has-post-thumbnail","6":"product_cat-linea-cosmetica","7":"product_tag-adelgazante","8":"product_tag-crema-adelgazante-termogenica","9":"product_tag-crema-reductora-drenante","10":"product_tag-cuerpo","12":"first","13":"instock","14":"sale","15":"shipping-taxable","16":"purchasable","17":"product-type-simple"},"acf":[],"_links":{"self":[{"href":"https:\/\/www.ozono-hb.it\/es\/wp-json\/wp\/v2\/product\/5793","targetHints":{"allow":["GET"]}}],"collection":[{"href":"https:\/\/www.ozono-hb.it\/es\/wp-json\/wp\/v2\/product"}],"about":[{"href":"https:\/\/www.ozono-hb.it\/es\/wp-json\/wp\/v2\/types\/product"}],"replies":[{"embeddable":true,"href":"https:\/\/www.ozono-hb.it\/es\/wp-json\/wp\/v2\/comments?post=5793"}],"version-history":[{"count":3,"href":"https:\/\/www.ozono-hb.it\/es\/wp-json\/wp\/v2\/product\/5793\/revisions"}],"predecessor-version":[{"id":7047,"href":"https:\/\/www.ozono-hb.it\/es\/wp-json\/wp\/v2\/product\/5793\/revisions\/7047"}],"wp:featuredmedia":[{"embeddable":true,"href":"https:\/\/www.ozono-hb.it\/es\/wp-json\/wp\/v2\/media\/5794"}],"wp:attachment":[{"href":"https:\/\/www.ozono-hb.it\/es\/wp-json\/wp\/v2\/media?parent=5793"}],"wp:term":[{"taxonomy":"product_brand","embeddable":true,"href":"https:\/\/www.ozono-hb.it\/es\/wp-json\/wp\/v2\/product_brand?post=5793"},{"taxonomy":"product_cat","embeddable":true,"href":"https:\/\/www.ozono-hb.it\/es\/wp-json\/wp\/v2\/product_cat?post=5793"},{"taxonomy":"product_tag","embeddable":true,"href":"https:\/\/www.ozono-hb.it\/es\/wp-json\/wp\/v2\/product_tag?post=5793"}],"curies":[{"name":"wp","href":"https:\/\/api.w.org\/{rel}","templated":true}]}}