{"id":5798,"date":"2023-08-01T14:22:27","date_gmt":"2023-08-01T12:22:27","guid":{"rendered":"http:\/\/ozono.youelba.com\/shop\/body-care\/"},"modified":"2023-09-15T13:58:18","modified_gmt":"2023-09-15T11:58:18","slug":"body-care","status":"publish","type":"product","link":"https:\/\/www.ozono-hb.it\/es\/shop\/body-care\/","title":{"rendered":"Body care"},"content":{"rendered":"\t\t<div data-elementor-type=\"wp-post\" data-elementor-id=\"5798\" class=\"elementor elementor-5798 elementor-4533\" data-elementor-post-type=\"product\">\n\t\t\t\t\t\t<section class=\"elementor-section elementor-top-section elementor-element elementor-element-6361b17 elementor-section-boxed elementor-section-height-default elementor-section-height-default\" data-id=\"6361b17\" data-element_type=\"section\">\n\t\t\t\t\t\t<div class=\"elementor-container elementor-column-gap-default\">\n\t\t\t\t\t<div class=\"elementor-column elementor-col-100 elementor-top-column elementor-element elementor-element-491b901\" data-id=\"491b901\" data-element_type=\"column\">\n\t\t\t<div class=\"elementor-widget-wrap\">\n\t\t\t\t\t\t\t<\/div>\n\t\t<\/div>\n\t\t\t\t\t<\/div>\n\t\t<\/section>\n\t\t        \t\t<\/div>\n\t\t","protected":false},"excerpt":{"rendered":"<h4>Un abrazo acogedor para el cuerpo<\/h4>\n<p>Incluso nuestro cuerpo necesita una rutina de belleza adecuada, estos tres productos son el mimo que podemos darle.<\/p>\n<ul>\n<li>La <strong>mousse limpiadora<\/strong>, al ser hipoalerg\u00e9nica y antibacteriana, es perfecta no s\u00f3lo para limpiar el rostro sino tambi\u00e9n para las partes irritadas o heridas de la piel, e incluso para las zonas \u00edntimas<\/li>\n<li><strong>Aceite corporal universal<\/strong>, un aceite seco de masaje ozonizado. No deja la piel grasa, excelente inmediatamente despu\u00e9s de la ducha despu\u00e9s de la actividad deportiva o incluso despu\u00e9s de la depilaci\u00f3n<\/li>\n<li>Puedes consentirte un poco m\u00e1s con la <strong>Crema Estr\u00edas<\/strong>, para tratar las estr\u00edas y elastificar la piel excelente para las futuras mam\u00e1s y sus barrigas.<\/li>\n<\/ul>\n","protected":false},"featured_media":5799,"comment_status":"open","ping_status":"closed","template":"","meta":{"_acf_changed":false},"product_brand":[],"product_cat":[167],"product_tag":[210,192,190,208],"class_list":{"0":"post-5798","1":"product","2":"type-product","3":"status-publish","4":"has-post-thumbnail","6":"product_cat-linea-cosmetica","7":"product_tag-aceite-corporal-universal","8":"product_tag-crema-anti-estrias","9":"product_tag-cuerpo","10":"product_tag-mousse-limpiadora","12":"first","13":"instock","14":"sale","15":"shipping-taxable","16":"purchasable","17":"product-type-simple"},"acf":[],"_links":{"self":[{"href":"https:\/\/www.ozono-hb.it\/es\/wp-json\/wp\/v2\/product\/5798","targetHints":{"allow":["GET"]}}],"collection":[{"href":"https:\/\/www.ozono-hb.it\/es\/wp-json\/wp\/v2\/product"}],"about":[{"href":"https:\/\/www.ozono-hb.it\/es\/wp-json\/wp\/v2\/types\/product"}],"replies":[{"embeddable":true,"href":"https:\/\/www.ozono-hb.it\/es\/wp-json\/wp\/v2\/comments?post=5798"}],"version-history":[{"count":4,"href":"https:\/\/www.ozono-hb.it\/es\/wp-json\/wp\/v2\/product\/5798\/revisions"}],"predecessor-version":[{"id":7045,"href":"https:\/\/www.ozono-hb.it\/es\/wp-json\/wp\/v2\/product\/5798\/revisions\/7045"}],"wp:featuredmedia":[{"embeddable":true,"href":"https:\/\/www.ozono-hb.it\/es\/wp-json\/wp\/v2\/media\/5799"}],"wp:attachment":[{"href":"https:\/\/www.ozono-hb.it\/es\/wp-json\/wp\/v2\/media?parent=5798"}],"wp:term":[{"taxonomy":"product_brand","embeddable":true,"href":"https:\/\/www.ozono-hb.it\/es\/wp-json\/wp\/v2\/product_brand?post=5798"},{"taxonomy":"product_cat","embeddable":true,"href":"https:\/\/www.ozono-hb.it\/es\/wp-json\/wp\/v2\/product_cat?post=5798"},{"taxonomy":"product_tag","embeddable":true,"href":"https:\/\/www.ozono-hb.it\/es\/wp-json\/wp\/v2\/product_tag?post=5798"}],"curies":[{"name":"wp","href":"https:\/\/api.w.org\/{rel}","templated":true}]}}