{"id":5414,"date":"2023-06-08T14:11:59","date_gmt":"2023-06-08T12:11:59","guid":{"rendered":"http:\/\/ozono.youelba.com\/ozono\/"},"modified":"2023-09-15T11:44:44","modified_gmt":"2023-09-15T09:44:44","slug":"ozone","status":"publish","type":"page","link":"https:\/\/www.ozono-hb.it\/fr\/ozone\/","title":{"rendered":"L&rsquo;Ozone"},"content":{"rendered":"\t\t<div data-elementor-type=\"wp-page\" data-elementor-id=\"5414\" class=\"elementor elementor-5414 elementor-3484\" data-elementor-post-type=\"page\">\n\t\t\t\t\t\t<section class=\"elementor-section elementor-top-section elementor-element elementor-element-bf4305b elementor-section-height-min-height elementor-section-boxed elementor-section-height-default elementor-section-items-middle\" data-id=\"bf4305b\" data-element_type=\"section\" data-settings=\"{&quot;background_background&quot;:&quot;classic&quot;}\">\n\t\t\t\t\t\t<div class=\"elementor-container elementor-column-gap-extended\">\n\t\t\t\t\t<div class=\"elementor-column elementor-col-100 elementor-top-column elementor-element elementor-element-f9c7b7e\" data-id=\"f9c7b7e\" data-element_type=\"column\">\n\t\t\t<div class=\"elementor-widget-wrap elementor-element-populated\">\n\t\t\t\t\t\t<div class=\"elementor-element elementor-element-c630670 elementor-widget elementor-widget-heading\" data-id=\"c630670\" data-element_type=\"widget\" data-widget_type=\"heading.default\">\n\t\t\t\t<div class=\"elementor-widget-container\">\n\t\t\t\t\t<h1 class=\"elementor-heading-title elementor-size-default\">L'Ozone<\/h1>\t\t\t\t<\/div>\n\t\t\t\t<\/div>\n\t\t\t\t\t<\/div>\n\t\t<\/div>\n\t\t\t\t\t<\/div>\n\t\t<\/section>\n\t\t        \t\t<section class=\"elementor-section elementor-top-section elementor-element elementor-element-04f572a elementor-section-boxed elementor-section-height-default elementor-section-height-default\" data-id=\"04f572a\" data-element_type=\"section\">\n\t\t\t\t\t\t<div class=\"elementor-container elementor-column-gap-extended\">\n\t\t\t\t\t<div class=\"elementor-column elementor-col-100 elementor-top-column elementor-element elementor-element-866f06c\" data-id=\"866f06c\" data-element_type=\"column\">\n\t\t\t<div class=\"elementor-widget-wrap elementor-element-populated\">\n\t\t\t\t\t\t<div class=\"elementor-element elementor-element-2d77755 elementor-widget elementor-widget-heading\" data-id=\"2d77755\" data-element_type=\"widget\" data-widget_type=\"heading.default\">\n\t\t\t\t<div class=\"elementor-widget-container\">\n\t\t\t\t\t<h1 class=\"elementor-heading-title elementor-size-default\">Comment l'ozone est-il g\u00e9n\u00e9r\u00e9<\/h1>\t\t\t\t<\/div>\n\t\t\t\t<\/div>\n\t\t\t\t<div class=\"elementor-element elementor-element-cd2700c elementor-widget elementor-widget-text-editor\" data-id=\"cd2700c\" data-element_type=\"widget\" data-widget_type=\"text-editor.default\">\n\t\t\t\t<div class=\"elementor-widget-container\">\n\t\t\t\t\t\t\t\t\tL\u2019ozono, \u00e9galement appel\u00e9 oxyg\u00e8ne actif, est un gaz instable form\u00e9 \u00e0 partir de trois atomes d\u2019oxyg\u00e8nes.\nLa mol\u00e9cule de l\u2019ozone est g\u00e9n\u00e9r\u00e9e en suivant un processus stricte qui consiste \u00e0 cr\u00e9er une tension \u00e9lectrique importante, cr\u00e9ant ainsi une seconde r\u00e9action: 3O<sub>2<\/sub>\u00a0 \u2192\u00a0 2O<sub>3<\/sub>\t\t\t\t\t\t\t\t<\/div>\n\t\t\t\t<\/div>\n\t\t\t\t<div class=\"elementor-element elementor-element-c341362 elementor-widget elementor-widget-text-editor\" data-id=\"c341362\" data-element_type=\"widget\" data-widget_type=\"text-editor.default\">\n\t\t\t\t<div class=\"elementor-widget-container\">\n\t\t\t\t\t\t\t\t\t<p>Il existe plus pr\u00e9cisement, deux mani\u00e8res diff\u00e9rentes d\u2019extraire cette mol\u00e9cule:<\/p><ul><li><strong>Naturellement<\/strong>: en effet, la mol\u00e9cule est naturellement produite \u00e0 partir de diff\u00e8rents types de r\u00e9actions chimiques : par d\u00e9charges \u00e9lectriques, par effet photochimique des rayons ultraviolets du soleil, en pr\u00e9sence de forte humidit\u00e9 (surtout \u00e0 l&rsquo;aube et au cr\u00e9puscule) en mer et en montagne et meme pendant un orage lorsque la foudre frappe, les hautes tensions lib\u00e9r\u00e9es par celle-ci produisent de l&rsquo;ozone. L&rsquo;odeur fra\u00eeche caract\u00e9ristique ressentie apr\u00e8s un orage est caus\u00e9e par la formation de ce gaz.<\/li><li><strong>Artificiellement<\/strong>: L&rsquo;ozone peut \u00eatre produit artificiellement en reproduisant le m\u00eame ph\u00e9nom\u00e8ne qui se produit dans la nature. Les \u00ab\u00a0g\u00e9n\u00e9rateurs d&rsquo;ozone\u00a0\u00bb sont des machines qui produisent le gaz au moyen de tensions \u00e9lectriques extr\u00eamement \u00e9lev\u00e9es, par rayonnement avec des rayons UV. Dans les deux m\u00e9thodes, la connexion entre les mol\u00e9cules d&rsquo;oxyg\u00e8ne est rompue. L&rsquo;air ambiant et l&rsquo;oxyg\u00e8ne pur peuvent \u00eatre utilis\u00e9s pour l&rsquo;alimentation \u00e9lectrique des ozoniseurs, m\u00eame si une plus grande quantit\u00e9 d&rsquo;ozone peut \u00eatre produite en utilisant ce dernier.<\/li><\/ul>\t\t\t\t\t\t\t\t<\/div>\n\t\t\t\t<\/div>\n\t\t\t\t\t<\/div>\n\t\t<\/div>\n\t\t\t\t\t<\/div>\n\t\t<\/section>\n\t\t        \t\t<section class=\"elementor-section elementor-top-section elementor-element elementor-element-128e760 elementor-section-boxed elementor-section-height-default elementor-section-height-default\" data-id=\"128e760\" data-element_type=\"section\" data-settings=\"{&quot;background_background&quot;:&quot;classic&quot;}\">\n\t\t\t\t\t\t<div class=\"elementor-container elementor-column-gap-extended\">\n\t\t\t\t\t<div class=\"elementor-column elementor-col-100 elementor-top-column elementor-element elementor-element-5d46d71\" data-id=\"5d46d71\" data-element_type=\"column\">\n\t\t\t<div class=\"elementor-widget-wrap elementor-element-populated\">\n\t\t\t\t\t\t<div class=\"elementor-element elementor-element-a9ed4bc elementor-widget elementor-widget-heading\" data-id=\"a9ed4bc\" data-element_type=\"widget\" data-widget_type=\"heading.default\">\n\t\t\t\t<div class=\"elementor-widget-container\">\n\t\t\t\t\t<h1 class=\"elementor-heading-title elementor-size-default\">Pourquoi l'Ozone<\/h1>\t\t\t\t<\/div>\n\t\t\t\t<\/div>\n\t\t\t\t<div class=\"elementor-element elementor-element-0cc36df elementor-widget elementor-widget-text-editor\" data-id=\"0cc36df\" data-element_type=\"widget\" data-widget_type=\"text-editor.default\">\n\t\t\t\t<div class=\"elementor-widget-container\">\n\t\t\t\t\t\t\t\t\t<p>L\u2019ozone poss\u00e8de d\u2019importantes propri\u00e9t\u00e9s t\u00e9rapeuthiques qui sont utilis\u00e9s dans la soi-disant th\u00e9rapie \u00e0 l&rsquo;ozone.<\/p><p>Les propri\u00e9t\u00e9s t\u00e9rapeuthiques de l\u2019ozone ont \u00e9t\u00e9 prouv\u00e9 scientifiquement :<\/p>\t\t\t\t\t\t\t\t<\/div>\n\t\t\t\t<\/div>\n\t\t\t\t<div class=\"elementor-element elementor-element-80cddfa elementor-position-left elementor-vertical-align-middle elementor-widget-tablet__width-inherit elementor-widget elementor-widget-image-box\" data-id=\"80cddfa\" data-element_type=\"widget\" data-widget_type=\"image-box.default\">\n\t\t\t\t<div class=\"elementor-widget-container\">\n\t\t\t\t\t<div class=\"elementor-image-box-wrapper\"><figure class=\"elementor-image-box-img\"><img decoding=\"async\" width=\"64\" height=\"64\" src=\"data:image\/gif;base64,R0lGODlhAQABAIAAAAAAAP\/\/\/yH5BAEAAAAALAAAAAABAAEAAAIBRAA7\" srcset=\"\" data-gaussholder=\"\" data-gaussholder-size=\"64,64,32\" data-originalsrc=\"https:\/\/www.ozono-hb.it\/wp-content\/uploads\/2014\/03\/cicatrizzante.png\" class=\"attachment-full size-full wp-image-3904\" alt=\"\" data-gaussholder-id=\"3904\" data-originalsrcset=\"https:\/\/www.ozono-hb.it\/wp-content\/uploads\/2014\/03\/cicatrizzante.png 64w, https:\/\/www.ozono-hb.it\/wp-content\/uploads\/2014\/03\/cicatrizzante-50x50.png 50w\" sizes=\"(max-width: 64px) 100vw, 64px\" \/><\/figure><div class=\"elementor-image-box-content\"><h3 class=\"elementor-image-box-title\">Cicatrisent et r\u00e9g\u00e9n\u00e9rent les muqueuses<\/h3><p class=\"elementor-image-box-description\">L'ozone favorise le processus de cicatrisation et stimulant la formation des tissus.<\/p><\/div><\/div>\t\t\t\t<\/div>\n\t\t\t\t<\/div>\n\t\t\t\t<div class=\"elementor-element elementor-element-38aefca elementor-position-left elementor-vertical-align-middle elementor-widget-tablet__width-inherit elementor-widget elementor-widget-image-box\" data-id=\"38aefca\" data-element_type=\"widget\" data-widget_type=\"image-box.default\">\n\t\t\t\t<div class=\"elementor-widget-container\">\n\t\t\t\t\t<div class=\"elementor-image-box-wrapper\"><figure class=\"elementor-image-box-img\"><img decoding=\"async\" width=\"64\" height=\"64\" src=\"data:image\/gif;base64,R0lGODlhAQABAIAAAAAAAP\/\/\/yH5BAEAAAAALAAAAAABAAEAAAIBRAA7\" srcset=\"\" data-gaussholder=\"\" data-gaussholder-size=\"64,64,32\" data-originalsrc=\"https:\/\/www.ozono-hb.it\/wp-content\/uploads\/2014\/03\/antibatterica.png\" class=\"attachment-full size-full wp-image-3907\" alt=\"\" data-gaussholder-id=\"3907\" data-originalsrcset=\"https:\/\/www.ozono-hb.it\/wp-content\/uploads\/2014\/03\/antibatterica.png 64w, https:\/\/www.ozono-hb.it\/wp-content\/uploads\/2014\/03\/antibatterica-50x50.png 50w\" sizes=\"(max-width: 64px) 100vw, 64px\" \/><\/figure><div class=\"elementor-image-box-content\"><h3 class=\"elementor-image-box-title\">Antibact\u00e9rien<\/h3><p class=\"elementor-image-box-description\">L\u2019ozone est un bact\u00e9ricide qui agit avec un m\u00e9canisme direct par des r\u00e9actions de peroxydation (oxyg\u00e9nation gr\u00e2ce \u00e0 l'oxyg\u00e8ne mol\u00e9culaire) des phospholipides et des prot\u00e9ines de celui-ci, puis avec un m\u00e9canisme indirect par l'activation de syst\u00e8mes de d\u00e9fenses endog\u00e8nes, augmentant l'activit\u00e9 m\u00e9tabolique des phagocytes , c'est-\u00e0-dire des cellules qui ing\u00e8rent du mat\u00e9riel extracellulaire tel que du mat\u00e9riel bact\u00e9rien.<\/p><\/div><\/div>\t\t\t\t<\/div>\n\t\t\t\t<\/div>\n\t\t\t\t<div class=\"elementor-element elementor-element-b9d8a03 elementor-position-left elementor-vertical-align-middle elementor-widget-tablet__width-inherit elementor-widget elementor-widget-image-box\" data-id=\"b9d8a03\" data-element_type=\"widget\" data-widget_type=\"image-box.default\">\n\t\t\t\t<div class=\"elementor-widget-container\">\n\t\t\t\t\t<div class=\"elementor-image-box-wrapper\"><figure class=\"elementor-image-box-img\"><img decoding=\"async\" width=\"64\" height=\"64\" src=\"data:image\/gif;base64,R0lGODlhAQABAIAAAAAAAP\/\/\/yH5BAEAAAAALAAAAAABAAEAAAIBRAA7\" srcset=\"\" data-gaussholder=\"\" data-gaussholder-size=\"64,64,32\" data-originalsrc=\"https:\/\/www.ozono-hb.it\/wp-content\/uploads\/2014\/03\/antivirale.png\" class=\"attachment-full size-full wp-image-3905\" alt=\"\" data-gaussholder-id=\"3905\" data-originalsrcset=\"https:\/\/www.ozono-hb.it\/wp-content\/uploads\/2014\/03\/antivirale.png 64w, https:\/\/www.ozono-hb.it\/wp-content\/uploads\/2014\/03\/antivirale-50x50.png 50w\" sizes=\"(max-width: 64px) 100vw, 64px\" \/><\/figure><div class=\"elementor-image-box-content\"><h3 class=\"elementor-image-box-title\">Antiviral<\/h3><p class=\"elementor-image-box-description\">L\u2019ozone interagit avec \"l'enveloppe\" de certains types de virus induisant une configuration \u00e9lectronique alt\u00e9r\u00e9e du site de liaison. De cette fa\u00e7on, le virus ne peut pas se r\u00e9pliquer et donc infecter.<\/p><\/div><\/div>\t\t\t\t<\/div>\n\t\t\t\t<\/div>\n\t\t\t\t<div class=\"elementor-element elementor-element-56e1629 elementor-position-left elementor-vertical-align-middle elementor-widget-tablet__width-inherit elementor-widget elementor-widget-image-box\" data-id=\"56e1629\" data-element_type=\"widget\" data-widget_type=\"image-box.default\">\n\t\t\t\t<div class=\"elementor-widget-container\">\n\t\t\t\t\t<div class=\"elementor-image-box-wrapper\"><figure class=\"elementor-image-box-img\"><img loading=\"lazy\" decoding=\"async\" width=\"64\" height=\"64\" src=\"data:image\/gif;base64,R0lGODlhAQABAIAAAAAAAP\/\/\/yH5BAEAAAAALAAAAAABAAEAAAIBRAA7\" srcset=\"\" data-gaussholder=\"\" data-gaussholder-size=\"64,64,32\" data-originalsrc=\"https:\/\/www.ozono-hb.it\/wp-content\/uploads\/2014\/03\/antinfiammatoria.png\" class=\"attachment-full size-full wp-image-3906\" alt=\"\" data-gaussholder-id=\"3906\" data-originalsrcset=\"https:\/\/www.ozono-hb.it\/wp-content\/uploads\/2014\/03\/antinfiammatoria.png 64w, https:\/\/www.ozono-hb.it\/wp-content\/uploads\/2014\/03\/antinfiammatoria-50x50.png 50w\" sizes=\"(max-width: 64px) 100vw, 64px\" \/><\/figure><div class=\"elementor-image-box-content\"><h3 class=\"elementor-image-box-title\">Anti-inflammatoire<\/h3><p class=\"elementor-image-box-description\">L\u2019ozone induit une diminution de la synth\u00e8se des prostaglandines, un acide qui favorise l'inflammation, et donc cela entraine une diminution de la lib\u00e9ration d'amines biog\u00e8nes dans le foyer inflammatoire.<\/p><\/div><\/div>\t\t\t\t<\/div>\n\t\t\t\t<\/div>\n\t\t\t\t<div class=\"elementor-element elementor-element-e571a09 elementor-position-left elementor-vertical-align-middle elementor-widget-tablet__width-inherit elementor-widget elementor-widget-image-box\" data-id=\"e571a09\" data-element_type=\"widget\" data-widget_type=\"image-box.default\">\n\t\t\t\t<div class=\"elementor-widget-container\">\n\t\t\t\t\t<div class=\"elementor-image-box-wrapper\"><figure class=\"elementor-image-box-img\"><img loading=\"lazy\" decoding=\"async\" width=\"64\" height=\"64\" src=\"data:image\/gif;base64,R0lGODlhAQABAIAAAAAAAP\/\/\/yH5BAEAAAAALAAAAAABAAEAAAIBRAA7\" srcset=\"\" data-gaussholder=\"\" data-gaussholder-size=\"64,64,32\" data-originalsrc=\"https:\/\/www.ozono-hb.it\/wp-content\/uploads\/2014\/03\/analgesica.png\" class=\"attachment-full size-full wp-image-3908\" alt=\"\" data-gaussholder-id=\"3908\" data-originalsrcset=\"https:\/\/www.ozono-hb.it\/wp-content\/uploads\/2014\/03\/analgesica.png 64w, https:\/\/www.ozono-hb.it\/wp-content\/uploads\/2014\/03\/analgesica-50x50.png 50w\" sizes=\"(max-width: 64px) 100vw, 64px\" \/><\/figure><div class=\"elementor-image-box-content\"><h3 class=\"elementor-image-box-title\">Analg\u00e9sique<\/h3><p class=\"elementor-image-box-description\">Ce ph\u00e9nom\u00e8ne est obtenu gr\u00e2ce au flux d'oxyg\u00e8ne pr\u00e9sent dans la partie inflamm\u00e9e, c\u2019est  l'oxydation des m\u00e9diateurs chimiques qui d\u00e9terminent le stimulus douloureux.<\/p><\/div><\/div>\t\t\t\t<\/div>\n\t\t\t\t<\/div>\n\t\t\t\t<div class=\"elementor-element elementor-element-93a79ae elementor-position-left elementor-vertical-align-middle elementor-widget-tablet__width-inherit elementor-widget elementor-widget-image-box\" data-id=\"93a79ae\" data-element_type=\"widget\" data-widget_type=\"image-box.default\">\n\t\t\t\t<div class=\"elementor-widget-container\">\n\t\t\t\t\t<div class=\"elementor-image-box-wrapper\"><figure class=\"elementor-image-box-img\"><img loading=\"lazy\" decoding=\"async\" width=\"64\" height=\"64\" src=\"data:image\/gif;base64,R0lGODlhAQABAIAAAAAAAP\/\/\/yH5BAEAAAAALAAAAAABAAEAAAIBRAA7\" srcset=\"\" data-gaussholder=\"\" data-gaussholder-size=\"64,64,32\" data-originalsrc=\"https:\/\/www.ozono-hb.it\/wp-content\/uploads\/2014\/03\/immunomodulante.png\" class=\"attachment-full size-full wp-image-3903\" alt=\"\" data-gaussholder-id=\"3903\" data-originalsrcset=\"https:\/\/www.ozono-hb.it\/wp-content\/uploads\/2014\/03\/immunomodulante.png 64w, https:\/\/www.ozono-hb.it\/wp-content\/uploads\/2014\/03\/immunomodulante-50x50.png 50w\" sizes=\"(max-width: 64px) 100vw, 64px\" \/><\/figure><div class=\"elementor-image-box-content\"><h3 class=\"elementor-image-box-title\">Immunomodulateur<\/h3><p class=\"elementor-image-box-description\">L\u2019ozone exerce un effet inducteur de cytokines (les cytokines jouent un r\u00f4le fondamental dans la r\u00e9gulation du syst\u00e8me immunitaire) favorisant ainsi le d\u00e9veloppement des d\u00e9fenses immunitaires.<\/p><\/div><\/div>\t\t\t\t<\/div>\n\t\t\t\t<\/div>\n\t\t\t\t\t<\/div>\n\t\t<\/div>\n\t\t\t\t\t<\/div>\n\t\t<\/section>\n\t\t        \t\t<section class=\"elementor-section elementor-top-section elementor-element elementor-element-698714b elementor-section-boxed elementor-section-height-default elementor-section-height-default\" data-id=\"698714b\" data-element_type=\"section\">\n\t\t\t\t\t\t<div class=\"elementor-container elementor-column-gap-extended\">\n\t\t\t\t\t<div class=\"elementor-column elementor-col-100 elementor-top-column elementor-element elementor-element-4505eba\" data-id=\"4505eba\" data-element_type=\"column\">\n\t\t\t<div class=\"elementor-widget-wrap elementor-element-populated\">\n\t\t\t\t\t\t<div class=\"elementor-element elementor-element-ca9d8fc elementor-widget elementor-widget-heading\" data-id=\"ca9d8fc\" data-element_type=\"widget\" data-widget_type=\"heading.default\">\n\t\t\t\t<div class=\"elementor-widget-container\">\n\t\t\t\t\t<h1 class=\"elementor-heading-title elementor-size-default\">Huile ozon\u00e9e<\/h1>\t\t\t\t<\/div>\n\t\t\t\t<\/div>\n\t\t\t\t<div class=\"elementor-element elementor-element-87e6241 elementor-widget elementor-widget-text-editor\" data-id=\"87e6241\" data-element_type=\"widget\" data-widget_type=\"text-editor.default\">\n\t\t\t\t<div class=\"elementor-widget-container\">\n\t\t\t\t\t\t\t\t\t<p>La dur\u00e9e de vie relativement courte de l&rsquo;ozone dans l&rsquo;air ainsi que son instabilit\u00e9 font qu&rsquo;il ne peut pas \u00eatre stock\u00e9 en grande quantit\u00e9, et cette caract\u00e9ristique, dans certains cas, peut constituer des obstacles pour son utilisation. Les chercheurs se sont pench\u00e9s sur les conditions pour pouvoir le stocker gaz dans un r\u00e9servoir biologique, afin qu&rsquo;il puisse \u00eatre utilis\u00e9 au bon moment.<\/p><p><span style=\"font-family: var(--text-font); color: var( --e-global-color-text ); background-color: var(--white-color);\">\u00a0<\/span><\/p><p><span style=\"font-family: var(--text-font); color: var( --e-global-color-text ); background-color: var(--white-color);\">L&rsquo;utilisation de l&rsquo;ozone pour les acides gras insatur\u00e9s a \u00e9t\u00e9 mis au gout du jour en liant l&rsquo;ozone aux huiles v\u00e9g\u00e9tales, donnant naissance aux soi-disant ozonides : des compos\u00e9s capables de stocker l&rsquo;oxyg\u00e8ne sous une forme facilement transf\u00e9rable, pour ensuite le lib\u00e9rer sur notre peau.<\/span><\/p><p><span style=\"font-family: var(--text-font); color: var( --e-global-color-text ); background-color: var(--white-color);\">\u00a0<\/span><\/p><p><span style=\"font-family: var(--text-font); color: var( --e-global-color-text ); background-color: var(--white-color);\">Dans les huiles de tournesol, d&rsquo;olive, de lin, de chanvre ou encore de jojoba, leur haute teneur en acides gras essentiels permettent \u00e0 l&rsquo;ozone d\u2019etre microencapsul\u00e9 dans la structure mol\u00e9culaire de l&rsquo;huile elle-m\u00eame, sous forme de compos\u00e9 ozonide. De cette fa\u00e7on, il stabilise et amplifie sa dur\u00e9e de vie, permettant \u00e0 l&rsquo;ozone de rester dans un \u00e9tat \u00ab\u00a0naissant\u00a0\u00bb actif pendant une longue p\u00e9riode de temps, \u00e0 condition qu&rsquo;il soit maintenu \u00e0 basse temp\u00e9rature.<\/span><\/p>\t\t\t\t\t\t\t\t<\/div>\n\t\t\t\t<\/div>\n\t\t\t\t\t<\/div>\n\t\t<\/div>\n\t\t\t\t\t<\/div>\n\t\t<\/section>\n\t\t        \t\t<section class=\"elementor-section elementor-top-section elementor-element elementor-element-6d3bb308 elementor-section-content-middle elementor-reverse-mobile elementor-section-boxed elementor-section-height-default elementor-section-height-default\" data-id=\"6d3bb308\" data-element_type=\"section\" data-settings=\"{&quot;background_background&quot;:&quot;classic&quot;}\">\n\t\t\t\t\t\t<div class=\"elementor-container elementor-column-gap-extended\">\n\t\t\t\t\t<div class=\"elementor-column elementor-col-50 elementor-top-column elementor-element elementor-element-1277975c\" data-id=\"1277975c\" data-element_type=\"column\">\n\t\t\t<div class=\"elementor-widget-wrap elementor-element-populated\">\n\t\t\t\t\t\t<div class=\"elementor-element elementor-element-153ea867 elementor-widget elementor-widget-image\" data-id=\"153ea867\" data-element_type=\"widget\" data-widget_type=\"image.default\">\n\t\t\t\t<div class=\"elementor-widget-container\">\n\t\t\t\t\t\t\t\t\t\t\t\t\t\t\t<img loading=\"lazy\" decoding=\"async\" width=\"768\" height=\"930\" src=\"https:\/\/www.ozono-hb.it\/wp-content\/uploads\/2023\/06\/gel-filler_1070-768x930.jpg\" class=\"attachment-medium_large size-medium_large wp-image-5419\" alt=\"\" srcset=\"https:\/\/www.ozono-hb.it\/wp-content\/uploads\/2023\/06\/gel-filler_1070-768x930.jpg 768w, https:\/\/www.ozono-hb.it\/wp-content\/uploads\/2023\/06\/gel-filler_1070-800x969.jpg 800w, https:\/\/www.ozono-hb.it\/wp-content\/uploads\/2023\/06\/gel-filler_1070-495x600.jpg 495w, https:\/\/www.ozono-hb.it\/wp-content\/uploads\/2023\/06\/gel-filler_1070-248x300.jpg 248w, https:\/\/www.ozono-hb.it\/wp-content\/uploads\/2023\/06\/gel-filler_1070-845x1024.jpg 845w, https:\/\/www.ozono-hb.it\/wp-content\/uploads\/2023\/06\/gel-filler_1070.jpg 974w\" sizes=\"(max-width: 768px) 100vw, 768px\" \/>\t\t\t\t\t\t\t\t\t\t\t\t\t\t\t<\/div>\n\t\t\t\t<\/div>\n\t\t\t\t\t<\/div>\n\t\t<\/div>\n\t\t\t\t<div class=\"elementor-column elementor-col-50 elementor-top-column elementor-element elementor-element-350c2621\" data-id=\"350c2621\" data-element_type=\"column\">\n\t\t\t<div class=\"elementor-widget-wrap elementor-element-populated\">\n\t\t\t\t\t\t<div class=\"elementor-element elementor-element-4aa14a00 elementor-widget elementor-widget-text-editor\" data-id=\"4aa14a00\" data-element_type=\"widget\" data-widget_type=\"text-editor.default\">\n\t\t\t\t<div class=\"elementor-widget-container\">\n\t\t\t\t\t\t\t\t\t<p>Quand on parle d&rsquo;huile ozon\u00e9e, on parle donc de l&rsquo;action biologique des ozonides qui, au contact de la peau et des tissus sous-jacents, entrent rapidement en action, cr\u00e9ant une s\u00e9rie d&rsquo;effets b\u00e9n\u00e9fiques:<\/p><ul><li>Haute activit\u00e9 germicide pour contrer les champignons, levures, virus et bact\u00e9ries.<\/li><li>R\u00e9activation de la microcirculation sanguine.<\/li><li>Stimulation de la granulation et croissance tissulaire.<\/li><li>Action anti-inflammatoire et antalgique.<\/li><li>Revitalisation des tissus \u00e9pith\u00e9liaux.<\/li><\/ul><p>L&rsquo;application locale d&rsquo;huiles ozon\u00e9es produit des r\u00e9sultats comparables aux traitements d&rsquo;ozonoth\u00e9rapie gazeuse utilis\u00e9s pour de nombreuses pathologies.<\/p>\t\t\t\t\t\t\t\t<\/div>\n\t\t\t\t<\/div>\n\t\t\t\t\t<\/div>\n\t\t<\/div>\n\t\t\t\t\t<\/div>\n\t\t<\/section>\n\t\t        \t\t<section class=\"elementor-section elementor-top-section elementor-element elementor-element-141b233b elementor-section-boxed elementor-section-height-default elementor-section-height-default\" data-id=\"141b233b\" data-element_type=\"section\" data-settings=\"{&quot;background_background&quot;:&quot;classic&quot;}\">\n\t\t\t\t\t\t<div class=\"elementor-container elementor-column-gap-extended\">\n\t\t\t\t\t<div class=\"elementor-column elementor-col-100 elementor-top-column elementor-element elementor-element-4bece1ad\" data-id=\"4bece1ad\" data-element_type=\"column\">\n\t\t\t<div class=\"elementor-widget-wrap elementor-element-populated\">\n\t\t\t\t\t\t<div class=\"elementor-element elementor-element-21187bf1 elementor-widget elementor-widget-heading\" data-id=\"21187bf1\" data-element_type=\"widget\" data-widget_type=\"heading.default\">\n\t\t\t\t<div class=\"elementor-widget-container\">\n\t\t\t\t\t<h1 class=\"elementor-heading-title elementor-size-default\">Traitement cosm\u00e9tique \u00e0 l'huile ozon\u00e9e<\/h1>\t\t\t\t<\/div>\n\t\t\t\t<\/div>\n\t\t\t\t<div class=\"elementor-element elementor-element-4d9a2225 elementor-widget elementor-widget-text-editor\" data-id=\"4d9a2225\" data-element_type=\"widget\" data-widget_type=\"text-editor.default\">\n\t\t\t\t<div class=\"elementor-widget-container\">\n\t\t\t\t\t\t\t\t\t<p>Notre huile ozon\u00e9e, obtenue selon une m\u00e9thode brevet\u00e9e, contient une forte concentration de lipohydroperoxydes par ml., pour lesquels ses caract\u00e9ristiques et son efficacit\u00e9 sont d\u2019une qualit\u00e9 nettement sup\u00e9rieure.<\/p><p>\u00a0<\/p><p>Un traitement cosm\u00e9tique complet permet au patient trait\u00e9 d&rsquo;avoir des r\u00e9sultats concrets et tangibles, sans avoir recours \u00e0 des applications de produits de nature diff\u00e9rente.<\/p>\t\t\t\t\t\t\t\t<\/div>\n\t\t\t\t<\/div>\n\t\t\t\t\t<\/div>\n\t\t<\/div>\n\t\t\t\t\t<\/div>\n\t\t<\/section>\n\t\t        \t\t<\/div>\n\t\t","protected":false},"excerpt":{"rendered":"<p>L&rsquo;Ozone Comment l&rsquo;ozone est-il g\u00e9n\u00e9r\u00e9 L\u2019ozono, \u00e9galement appel\u00e9 oxyg\u00e8ne actif, est un gaz instable form\u00e9 \u00e0 partir de trois atomes d\u2019oxyg\u00e8nes. La mol\u00e9cule de l\u2019ozone est g\u00e9n\u00e9r\u00e9e en suivant un processus stricte qui consiste \u00e0 cr\u00e9er une tension \u00e9lectrique importante, cr\u00e9ant ainsi une seconde r\u00e9action: 3O2\u00a0 \u2192\u00a0 2O3 Il existe plus pr\u00e9cisement, deux mani\u00e8res diff\u00e9rentes [&hellip;]<\/p>\n","protected":false},"author":3,"featured_media":0,"parent":0,"menu_order":0,"comment_status":"closed","ping_status":"closed","template":"","meta":{"_acf_changed":false,"footnotes":""},"class_list":["post-5414","page","type-page","status-publish","hentry"],"acf":[],"_links":{"self":[{"href":"https:\/\/www.ozono-hb.it\/fr\/wp-json\/wp\/v2\/pages\/5414","targetHints":{"allow":["GET"]}}],"collection":[{"href":"https:\/\/www.ozono-hb.it\/fr\/wp-json\/wp\/v2\/pages"}],"about":[{"href":"https:\/\/www.ozono-hb.it\/fr\/wp-json\/wp\/v2\/types\/page"}],"author":[{"embeddable":true,"href":"https:\/\/www.ozono-hb.it\/fr\/wp-json\/wp\/v2\/users\/3"}],"replies":[{"embeddable":true,"href":"https:\/\/www.ozono-hb.it\/fr\/wp-json\/wp\/v2\/comments?post=5414"}],"version-history":[{"count":5,"href":"https:\/\/www.ozono-hb.it\/fr\/wp-json\/wp\/v2\/pages\/5414\/revisions"}],"predecessor-version":[{"id":6918,"href":"https:\/\/www.ozono-hb.it\/fr\/wp-json\/wp\/v2\/pages\/5414\/revisions\/6918"}],"wp:attachment":[{"href":"https:\/\/www.ozono-hb.it\/fr\/wp-json\/wp\/v2\/media?parent=5414"}],"curies":[{"name":"wp","href":"https:\/\/api.w.org\/{rel}","templated":true}]}}