{"id":6019,"date":"2021-04-27T21:46:45","date_gmt":"2021-04-27T19:46:45","guid":{"rendered":"http:\/\/ozono.youelba.com\/faq\/"},"modified":"2023-08-25T12:57:04","modified_gmt":"2023-08-25T10:57:04","slug":"faq","status":"publish","type":"page","link":"https:\/\/www.ozono-hb.it\/fr\/faq\/","title":{"rendered":"FAQ"},"content":{"rendered":"\t\t<div data-elementor-type=\"wp-page\" data-elementor-id=\"6019\" class=\"elementor elementor-6019 elementor-526\" data-elementor-post-type=\"page\">\n\t\t\t\t\t\t<section class=\"elementor-section elementor-top-section elementor-element elementor-element-88cabe3 elementor-section-height-min-height elementor-section-boxed elementor-section-height-default elementor-section-items-middle\" data-id=\"88cabe3\" data-element_type=\"section\" data-settings=\"{&quot;background_background&quot;:&quot;classic&quot;}\">\n\t\t\t\t\t\t<div class=\"elementor-container elementor-column-gap-extended\">\n\t\t\t\t\t<div class=\"elementor-column elementor-col-100 elementor-top-column elementor-element elementor-element-efa490c\" data-id=\"efa490c\" data-element_type=\"column\">\n\t\t\t<div class=\"elementor-widget-wrap elementor-element-populated\">\n\t\t\t\t\t\t<div class=\"elementor-element elementor-element-2f42a89 elementor-widget elementor-widget-heading\" data-id=\"2f42a89\" data-element_type=\"widget\" data-widget_type=\"heading.default\">\n\t\t\t\t<div class=\"elementor-widget-container\">\n\t\t\t\t\t<h1 class=\"elementor-heading-title elementor-size-default\">FAQ<\/h1>\t\t\t\t<\/div>\n\t\t\t\t<\/div>\n\t\t\t\t<div class=\"elementor-element elementor-element-17ef95a elementor-widget__width-initial elementor-widget elementor-widget-text-editor\" data-id=\"17ef95a\" data-element_type=\"widget\" data-widget_type=\"text-editor.default\">\n\t\t\t\t<div class=\"elementor-widget-container\">\n\t\t\t\t\t\t\t\t\t<p>Vous trouverez ici les r\u00e9ponses aux questions fr\u00e9quemment pos\u00e9es.<\/p>\t\t\t\t\t\t\t\t<\/div>\n\t\t\t\t<\/div>\n\t\t\t\t\t<\/div>\n\t\t<\/div>\n\t\t\t\t\t<\/div>\n\t\t<\/section>\n\t\t        \t\t<section class=\"elementor-section elementor-top-section elementor-element elementor-element-a9d6e33 elementor-section-boxed elementor-section-height-default elementor-section-height-default\" data-id=\"a9d6e33\" data-element_type=\"section\">\n\t\t\t\t\t\t<div class=\"elementor-container elementor-column-gap-extended\">\n\t\t\t\t\t<div class=\"elementor-column elementor-col-100 elementor-top-column elementor-element elementor-element-4ca886a\" data-id=\"4ca886a\" data-element_type=\"column\">\n\t\t\t<div class=\"elementor-widget-wrap elementor-element-populated\">\n\t\t\t\t\t\t<div class=\"elementor-element elementor-element-1257bda elementor-widget elementor-widget-fs-accordion\" data-id=\"1257bda\" data-element_type=\"widget\" data-widget_type=\"fs-accordion.default\">\n\t\t\t\t<div class=\"elementor-widget-container\">\n\t\t\t\t\t\r\n        <ul class=\"fs-accordion\">\r\n\r\n            \r\n                <li class=\"accordion-item  open \">\r\n\r\n                    <div class=\"open-link\">\r\n\r\n                        <p class=\"accordion-title body-5\">\r\n\r\n                            L'ozone dans les produits peut-il avoir des contre-indications ou des effets secondaires sur la peau?\r\n                        <\/p>\r\n\r\n                        <img decoding=\"async\" src=\"https:\/\/www.ozono-hb.it\/wp-content\/themes\/levre\/assets\/img\/plus.svg\"\r\n                             alt=\"Plus\" class=\"plus-icon\">\r\n\r\n                    <\/div>\r\n\r\n                    <div class=\"accordion-content body-6\">\r\n\r\n                        Non, l'ozone est de l'oxyg\u00e8ne actif et, par cons\u00e9quent, ne pr\u00e9sente aucune contre-indication en soi. Parfois, il peut y avoir des peaux sensibles et allergiques \u00e0 certains composants utilis\u00e9s en cosm\u00e9tologie, mais nos produits ne contiennent pas de parab\u00e8nes et sont formul\u00e9s essentiellement avec des composants naturels. Il est conseill\u00e9 de toujours lire l'INCI indiqu\u00e9 sur l'emballage.\r\n                    <\/div>\r\n\r\n                <\/li>\r\n\r\n                \r\n            \r\n                <li class=\"accordion-item \">\r\n\r\n                    <div class=\"open-link\">\r\n\r\n                        <p class=\"accordion-title body-5\">\r\n\r\n                            Combien de temps durent vos produits dermocosm\u00e9tiques \u00e0 l'ozone?\r\n                        <\/p>\r\n\r\n                        <img decoding=\"async\" src=\"https:\/\/www.ozono-hb.it\/wp-content\/themes\/levre\/assets\/img\/plus.svg\"\r\n                             alt=\"Plus\" class=\"plus-icon\">\r\n\r\n                    <\/div>\r\n\r\n                    <div class=\"accordion-content body-6\">\r\n\r\n                        Si ils sont ferm\u00e9s et stock\u00e9s correctement, dans un endroit sec \u00e0 l'abri de la lumi\u00e8re et des sources de chaleur, ils durent environ trois ans. Une fois ouverts, comme indiqu\u00e9 sur l'\u00e9tiquette, ils sont conserv\u00e9s pendant environ 12 mois.\r\n                    <\/div>\r\n\r\n                <\/li>\r\n\r\n                \r\n            \r\n                <li class=\"accordion-item \">\r\n\r\n                    <div class=\"open-link\">\r\n\r\n                        <p class=\"accordion-title body-5\">\r\n\r\n                            Pourquoi votre huile ozon\u00e9e est-elle de meilleure qualit\u00e9 que les autres?\r\n                        <\/p>\r\n\r\n                        <img decoding=\"async\" src=\"https:\/\/www.ozono-hb.it\/wp-content\/themes\/levre\/assets\/img\/plus.svg\"\r\n                             alt=\"Plus\" class=\"plus-icon\">\r\n\r\n                    <\/div>\r\n\r\n                    <div class=\"accordion-content body-6\">\r\n\r\n                        Parce que notre huile est couverte par un brevet, elle est caract\u00e9ris\u00e9 par un nombre \u00e9lev\u00e9 de peroxydes et par la lib\u00e9ration de plusieurs ozonide interm\u00e9diaire: donc une huile ozon\u00e9e avec des caract\u00e9ristiques qualitatives sup\u00e9rieures, ce qui la rend \u00e9galement adapt\u00e9e \u00e0 une utilisation th\u00e9rapeutique.\r\n                    <\/div>\r\n\r\n                <\/li>\r\n\r\n                \r\n            \r\n                <li class=\"accordion-item \">\r\n\r\n                    <div class=\"open-link\">\r\n\r\n                        <p class=\"accordion-title body-5\">\r\n\r\n                            Quelle est la pertinence des produits dermocosm\u00e9tiques \u00e0 base d'ozone avec l'ozonoth\u00e9rapie?\r\n                        <\/p>\r\n\r\n                        <img decoding=\"async\" src=\"https:\/\/www.ozono-hb.it\/wp-content\/themes\/levre\/assets\/img\/plus.svg\"\r\n                             alt=\"Plus\" class=\"plus-icon\">\r\n\r\n                    <\/div>\r\n\r\n                    <div class=\"accordion-content body-6\">\r\n\r\n                        L'application locale d'huiles ozon\u00e9es donne des r\u00e9sultats comparables \u00e0 ceux des traitements \u00e0 l'ozone gazeux dans de nombreuses maladies, bien que les dur\u00e9es de traitement soient parfois plus longues. Ce ph\u00e9nom\u00e8ne est probablement d\u00fb \u00e0 un potentiel d'oxydation plus faible et \u00e0 un effet syst\u00e9mique plus faible de l'huile ozon\u00e9e, par rapport \u00e0 O\u0437.\r\n                    <\/div>\r\n\r\n                <\/li>\r\n\r\n                \r\n            \r\n                <li class=\"accordion-item \">\r\n\r\n                    <div class=\"open-link\">\r\n\r\n                        <p class=\"accordion-title body-5\">\r\n\r\n                            J'ai vu que le Gel de comblement que j'utilise a tendance \u00e0 noircir avec le temps. Est-ce normal?\r\n                        <\/p>\r\n\r\n                        <img decoding=\"async\" src=\"https:\/\/www.ozono-hb.it\/wp-content\/themes\/levre\/assets\/img\/plus.svg\"\r\n                             alt=\"Plus\" class=\"plus-icon\">\r\n\r\n                    <\/div>\r\n\r\n                    <div class=\"accordion-content body-6\">\r\n\r\n                        Oui, il est tout \u00e0 fait normal que les g\u00e9lifiants, ainsi que nos autres produits, en pr\u00e9sence de lumi\u00e8re et avec le temps aient tendance \u00e0 s'assombrir un peu et \u00e0 prendre une pigmentation jaun\u00e2tre. C'est parce qu'ils sont fabriqu\u00e9s dans un laboratoire non industriel, avec des substances v\u00e9g\u00e9tales et naturelles, et contiennent peu de conservateurs.\r\n                    <\/div>\r\n\r\n                <\/li>\r\n\r\n                \r\n            \r\n                <li class=\"accordion-item \">\r\n\r\n                    <div class=\"open-link\">\r\n\r\n                        <p class=\"accordion-title body-5\">\r\n\r\n                            L'ozone pr\u00e9sent dans l'huile ozon\u00e9e comment fait-il pour p\u00e9n\u00e9trer dans les couches sous-cutan\u00e9es?\r\n                        <\/p>\r\n\r\n                        <img decoding=\"async\" src=\"https:\/\/www.ozono-hb.it\/wp-content\/themes\/levre\/assets\/img\/plus.svg\"\r\n                             alt=\"Plus\" class=\"plus-icon\">\r\n\r\n                    <\/div>\r\n\r\n                    <div class=\"accordion-content body-6\">\r\n\r\n                        Les ozonides p\u00e9n\u00e8trent \u00e0 la fois folliculairement et dans les espaces intracellulaires de l'\u00e9piderme, puis ils perfusent jusqu\u2019au derme. Leur m\u00e9canisme d'action biologique suppos\u00e9 sur le tissu vivant, et en particulier sur la cellule, trouve l'hypoth\u00e8se dans son faible poids mol\u00e9culaire et dans la courte longueur de la cha\u00eene des acides gras satur\u00e9s par l\u2019ozone, ainsi que par l'affinit\u00e9 de la mol\u00e9cule, qui lui permet de fusionner avec la paroi cellulaire et de verser dans le cytosol, d\u00e9clenchant le cycle de r\u00e9actions li\u00e9es \u00e0 la transformation des peroxydes en alcools.\r\n                    <\/div>\r\n\r\n                <\/li>\r\n\r\n                \r\n            \r\n                <li class=\"accordion-item \">\r\n\r\n                    <div class=\"open-link\">\r\n\r\n                        <p class=\"accordion-title body-5\">\r\n\r\n                            Puis-je utiliser la cr\u00e8me minceur thermog\u00e9nique de moi?\r\n                        <\/p>\r\n\r\n                        <img decoding=\"async\" src=\"https:\/\/www.ozono-hb.it\/wp-content\/themes\/levre\/assets\/img\/plus.svg\"\r\n                             alt=\"Plus\" class=\"plus-icon\">\r\n\r\n                    <\/div>\r\n\r\n                    <div class=\"accordion-content body-6\">\r\n\r\n                        La cr\u00e8me minceur thermog\u00e9nique, excellente contre la cellulite, a des effets hyper\u00e9miques, donc nous recommandons de pr\u00e9f\u00e9rence une utilisation professionnelle, apr\u00e8s avoir test\u00e9 le produit sur une petite partie de l'\u00e9piderme. Ne pas utiliser cependant sur la couperose et en pr\u00e9sence de vaisseaux capillaires superficiels.\r\n                    <\/div>\r\n\r\n                <\/li>\r\n\r\n                \r\n            \r\n        <\/ul>\r\n\r\n        \t\t\t\t<\/div>\n\t\t\t\t<\/div>\n\t\t\t\t\t<\/div>\n\t\t<\/div>\n\t\t\t\t\t<\/div>\n\t\t<\/section>\n\t\t        \t\t<\/div>\n\t\t","protected":false},"excerpt":{"rendered":"<p>FAQ Vous trouverez ici les r\u00e9ponses aux questions fr\u00e9quemment pos\u00e9es. L&rsquo;ozone dans les produits peut-il avoir des contre-indications ou des effets secondaires sur la peau? Non, l&rsquo;ozone est de l&rsquo;oxyg\u00e8ne actif et, par cons\u00e9quent, ne pr\u00e9sente aucune contre-indication en soi. Parfois, il peut y avoir des peaux sensibles et allergiques \u00e0 certains composants utilis\u00e9s en [&hellip;]<\/p>\n","protected":false},"author":3,"featured_media":0,"parent":0,"menu_order":0,"comment_status":"closed","ping_status":"closed","template":"","meta":{"_acf_changed":false,"footnotes":""},"class_list":["post-6019","page","type-page","status-publish","hentry"],"acf":[],"_links":{"self":[{"href":"https:\/\/www.ozono-hb.it\/fr\/wp-json\/wp\/v2\/pages\/6019","targetHints":{"allow":["GET"]}}],"collection":[{"href":"https:\/\/www.ozono-hb.it\/fr\/wp-json\/wp\/v2\/pages"}],"about":[{"href":"https:\/\/www.ozono-hb.it\/fr\/wp-json\/wp\/v2\/types\/page"}],"author":[{"embeddable":true,"href":"https:\/\/www.ozono-hb.it\/fr\/wp-json\/wp\/v2\/users\/3"}],"replies":[{"embeddable":true,"href":"https:\/\/www.ozono-hb.it\/fr\/wp-json\/wp\/v2\/comments?post=6019"}],"version-history":[{"count":5,"href":"https:\/\/www.ozono-hb.it\/fr\/wp-json\/wp\/v2\/pages\/6019\/revisions"}],"predecessor-version":[{"id":6036,"href":"https:\/\/www.ozono-hb.it\/fr\/wp-json\/wp\/v2\/pages\/6019\/revisions\/6036"}],"wp:attachment":[{"href":"https:\/\/www.ozono-hb.it\/fr\/wp-json\/wp\/v2\/media?parent=6019"}],"curies":[{"name":"wp","href":"https:\/\/api.w.org\/{rel}","templated":true}]}}