{"id":6067,"date":"2023-06-14T15:00:22","date_gmt":"2023-06-14T13:00:22","guid":{"rendered":"http:\/\/ozono.youelba.com\/produits\/fitocrema-idratante\/"},"modified":"2023-08-25T14:29:16","modified_gmt":"2023-08-25T12:29:16","slug":"fitocrema-hydratante","status":"publish","type":"page","link":"https:\/\/www.ozono-hb.it\/fr\/produits\/fitocrema-hydratante\/","title":{"rendered":"Fitocrema hydratante"},"content":{"rendered":"\t\t<div data-elementor-type=\"wp-page\" data-elementor-id=\"6067\" class=\"elementor elementor-6067 elementor-3957\" data-elementor-post-type=\"page\">\n\t\t\t\t\t\t<section class=\"elementor-section elementor-top-section elementor-element elementor-element-bf4305b elementor-section-height-min-height elementor-section-items-bottom elementor-section-boxed elementor-section-height-default\" data-id=\"bf4305b\" data-element_type=\"section\" data-settings=\"{&quot;background_background&quot;:&quot;classic&quot;}\">\n\t\t\t\t\t\t<div class=\"elementor-container elementor-column-gap-extended\">\n\t\t\t\t\t<div class=\"elementor-column elementor-col-100 elementor-top-column elementor-element elementor-element-f9c7b7e\" data-id=\"f9c7b7e\" data-element_type=\"column\">\n\t\t\t<div class=\"elementor-widget-wrap elementor-element-populated\">\n\t\t\t\t\t\t<div class=\"elementor-element elementor-element-c630670 elementor-widget elementor-widget-heading\" data-id=\"c630670\" data-element_type=\"widget\" data-widget_type=\"heading.default\">\n\t\t\t\t<div class=\"elementor-widget-container\">\n\t\t\t\t\t<h1 class=\"elementor-heading-title elementor-size-default\">Produits cosm\u00e9tiques<\/h1>\t\t\t\t<\/div>\n\t\t\t\t<\/div>\n\t\t\t\t<div class=\"elementor-element elementor-element-119875e elementor-widget elementor-widget-spacer\" data-id=\"119875e\" data-element_type=\"widget\" data-widget_type=\"spacer.default\">\n\t\t\t\t<div class=\"elementor-widget-container\">\n\t\t\t\t\t\t\t<div class=\"elementor-spacer\">\n\t\t\t<div class=\"elementor-spacer-inner\"><\/div>\n\t\t<\/div>\n\t\t\t\t\t\t<\/div>\n\t\t\t\t<\/div>\n\t\t\t\t\t<\/div>\n\t\t<\/div>\n\t\t\t\t\t<\/div>\n\t\t<\/section>\n\t\t        \t\t<section class=\"elementor-section elementor-top-section elementor-element elementor-element-2a52c7f elementor-section-content-middle elementor-section-full_width elementor-reverse-mobile elementor-section-height-default elementor-section-height-default\" data-id=\"2a52c7f\" data-element_type=\"section\" data-settings=\"{&quot;background_background&quot;:&quot;classic&quot;}\">\n\t\t\t\t\t\t<div class=\"elementor-container elementor-column-gap-no\">\n\t\t\t\t\t<div class=\"elementor-column elementor-col-50 elementor-top-column elementor-element elementor-element-e48ecad\" data-id=\"e48ecad\" data-element_type=\"column\">\n\t\t\t<div class=\"elementor-widget-wrap elementor-element-populated\">\n\t\t\t\t\t\t<div class=\"elementor-element elementor-element-85aa28c elementor-hidden-desktop elementor-hidden-tablet elementor-arrows-position-inside elementor-widget elementor-widget-image-carousel\" data-id=\"85aa28c\" data-element_type=\"widget\" data-settings=\"{&quot;navigation&quot;:&quot;arrows&quot;,&quot;autoplay&quot;:&quot;yes&quot;,&quot;pause_on_hover&quot;:&quot;yes&quot;,&quot;pause_on_interaction&quot;:&quot;yes&quot;,&quot;autoplay_speed&quot;:5000,&quot;infinite&quot;:&quot;yes&quot;,&quot;speed&quot;:500}\" data-widget_type=\"image-carousel.default\">\n\t\t\t\t<div class=\"elementor-widget-container\">\n\t\t\t\t\t\t\t<div class=\"elementor-image-carousel-wrapper swiper\" role=\"region\" aria-roledescription=\"carousel\" aria-label=\"Carrousel d\u2019images\" dir=\"ltr\">\n\t\t\t<div class=\"elementor-image-carousel swiper-wrapper swiper-image-stretch\" aria-live=\"off\">\n\t\t\t\t\t\t\t\t<div class=\"swiper-slide\" role=\"group\" aria-roledescription=\"slide\" aria-label=\"1 sur 4\"><figure class=\"swiper-slide-inner\"><img decoding=\"async\" class=\"swiper-slide-image\" src=\"https:\/\/www.ozono-hb.it\/wp-content\/uploads\/2014\/03\/Fitocrema-6533.jpg\" alt=\"Fitocrema - Ozono Health &amp; Beauty\" \/><\/figure><\/div><div class=\"swiper-slide\" role=\"group\" aria-roledescription=\"slide\" aria-label=\"2 sur 4\"><figure class=\"swiper-slide-inner\"><img decoding=\"async\" class=\"swiper-slide-image\" src=\"https:\/\/www.ozono-hb.it\/wp-content\/uploads\/2014\/03\/Fitocrema-6466.jpg\" alt=\"Fitocrema - Ozono Health &amp; Beauty\" \/><\/figure><\/div><div class=\"swiper-slide\" role=\"group\" aria-roledescription=\"slide\" aria-label=\"3 sur 4\"><figure class=\"swiper-slide-inner\"><img decoding=\"async\" class=\"swiper-slide-image\" src=\"https:\/\/www.ozono-hb.it\/wp-content\/uploads\/2014\/03\/Fitocrema-6527.jpg\" alt=\"Fitocrema - Ozono Health &amp; Beauty\" \/><\/figure><\/div><div class=\"swiper-slide\" role=\"group\" aria-roledescription=\"slide\" aria-label=\"4 sur 4\"><figure class=\"swiper-slide-inner\"><img decoding=\"async\" class=\"swiper-slide-image\" src=\"https:\/\/www.ozono-hb.it\/wp-content\/uploads\/2014\/02\/Pulcherrima-03-6544-A.jpg\" alt=\"Crema Pulcherrima e Fitocrema - Ozono Health &amp; Beauty\" \/><\/figure><\/div>\t\t\t<\/div>\n\t\t\t\t\t\t\t\t\t\t\t\t<div class=\"elementor-swiper-button elementor-swiper-button-prev\" role=\"button\" tabindex=\"0\">\n\t\t\t\t\t\t<i aria-hidden=\"true\" class=\"eicon-chevron-left\"><\/i>\t\t\t\t\t<\/div>\n\t\t\t\t\t<div class=\"elementor-swiper-button elementor-swiper-button-next\" role=\"button\" tabindex=\"0\">\n\t\t\t\t\t\t<i aria-hidden=\"true\" class=\"eicon-chevron-right\"><\/i>\t\t\t\t\t<\/div>\n\t\t\t\t\n\t\t\t\t\t\t\t\t\t<\/div>\n\t\t\t\t\t\t<\/div>\n\t\t\t\t<\/div>\n\t\t\t\t<div class=\"elementor-element elementor-element-87503e6 elementor-widget__width-inherit elementor-hidden-mobile elementor-widget elementor-widget-fs-hero-slider\" data-id=\"87503e6\" data-element_type=\"widget\" data-widget_type=\"fs-hero-slider.default\">\n\t\t\t\t<div class=\"elementor-widget-container\">\n\t\t\t\t\t\r\n        <header class=\"hero-slider-scene\"\r\n                data-autoplay=\"3000\">\r\n\r\n            <div class=\"inner-wrapper\">\r\n\r\n                \r\n                    <div class=\"navigation-button navigation-button-prev\">\r\n\r\n                        <img decoding=\"async\" src=\"https:\/\/www.ozono-hb.it\/wp-content\/themes\/levre\/assets\/img\/arrow_left.svg\"\r\n                             alt=\"Arrow Icon\"\r\n                             style=\"width: 25px;\">\r\n\r\n                    <\/div>\r\n\r\n                \r\n                <div class=\"swiper-container hero-slider\"\r\n                     data-effect=\"fade\">\r\n\r\n                    <div class=\"swiper-wrapper\">\r\n\r\n                        \r\n                            <div class=\"swiper-slide\"\r\n                                 style=\"background-image: url(https:\/\/www.ozono-hb.it\/wp-content\/uploads\/2014\/03\/Fitocrema-6533.jpg)\">\r\n\r\n                                <div class=\"content-wrapper\">\r\n\r\n                                    <h1 class=\"title\">\r\n\r\n                                        \r\n                                    <\/h1>\r\n\r\n                                    <p class=\"subtitle\">\r\n\r\n                                        \r\n                                    <\/p>\r\n\r\n                                    <div class=\"button-wrapper\">\r\n\r\n                                        \r\n\r\n                                        \r\n                                    <\/div>\r\n\r\n                                <\/div>\r\n\r\n                            <\/div>\r\n\r\n                        \r\n                            <div class=\"swiper-slide\"\r\n                                 style=\"background-image: url(https:\/\/www.ozono-hb.it\/wp-content\/uploads\/2014\/03\/Fitocrema-6466.jpg)\">\r\n\r\n                                <div class=\"content-wrapper\">\r\n\r\n                                    <h1 class=\"title\">\r\n\r\n                                        \r\n                                    <\/h1>\r\n\r\n                                    <p class=\"subtitle\">\r\n\r\n                                        \r\n                                    <\/p>\r\n\r\n                                    <div class=\"button-wrapper\">\r\n\r\n                                        \r\n\r\n                                        \r\n                                    <\/div>\r\n\r\n                                <\/div>\r\n\r\n                            <\/div>\r\n\r\n                        \r\n                            <div class=\"swiper-slide\"\r\n                                 style=\"background-image: url(https:\/\/www.ozono-hb.it\/wp-content\/uploads\/2014\/03\/Fitocrema-6527.jpg)\">\r\n\r\n                                <div class=\"content-wrapper\">\r\n\r\n                                    <h1 class=\"title\">\r\n\r\n                                        \r\n                                    <\/h1>\r\n\r\n                                    <p class=\"subtitle\">\r\n\r\n                                        \r\n                                    <\/p>\r\n\r\n                                    <div class=\"button-wrapper\">\r\n\r\n                                        \r\n\r\n                                        \r\n                                    <\/div>\r\n\r\n                                <\/div>\r\n\r\n                            <\/div>\r\n\r\n                        \r\n                            <div class=\"swiper-slide\"\r\n                                 style=\"background-image: url(https:\/\/www.ozono-hb.it\/wp-content\/uploads\/2014\/02\/Pulcherrima-03-6544-A.jpg)\">\r\n\r\n                                <div class=\"content-wrapper\">\r\n\r\n                                    <h1 class=\"title\">\r\n\r\n                                        \r\n                                    <\/h1>\r\n\r\n                                    <p class=\"subtitle\">\r\n\r\n                                        \r\n                                    <\/p>\r\n\r\n                                    <div class=\"button-wrapper\">\r\n\r\n                                        \r\n\r\n                                        \r\n                                    <\/div>\r\n\r\n                                <\/div>\r\n\r\n                            <\/div>\r\n\r\n                        \r\n                    <\/div>\r\n\r\n                    \r\n                <\/div>\r\n\r\n                \r\n                    <div class=\"navigation-button navigation-button-next\">\r\n\r\n                        <img decoding=\"async\" src=\"https:\/\/www.ozono-hb.it\/wp-content\/themes\/levre\/assets\/img\/arrow_right.svg\"\r\n                             alt=\"Arrow Icon\"\r\n                             style=\"width: 25px;\">\r\n\r\n                    <\/div>\r\n\r\n                \r\n            <\/div>\r\n\r\n        <\/header>\r\n\r\n        \t\t\t\t<\/div>\n\t\t\t\t<\/div>\n\t\t\t\t\t<\/div>\n\t\t<\/div>\n\t\t\t\t<div class=\"elementor-column elementor-col-50 elementor-top-column elementor-element elementor-element-7dc0c8f\" data-id=\"7dc0c8f\" data-element_type=\"column\">\n\t\t\t<div class=\"elementor-widget-wrap elementor-element-populated\">\n\t\t\t\t\t\t<div class=\"elementor-element elementor-element-4da381a elementor-widget elementor-widget-heading\" data-id=\"4da381a\" data-element_type=\"widget\" data-widget_type=\"heading.default\">\n\t\t\t\t<div class=\"elementor-widget-container\">\n\t\t\t\t\t<h1 class=\"elementor-heading-title elementor-size-default\">Fitocrema hydratante<\/h1>\t\t\t\t<\/div>\n\t\t\t\t<\/div>\n\t\t\t\t<div class=\"elementor-element elementor-element-ce0f819 elementor-widget elementor-widget-heading\" data-id=\"ce0f819\" data-element_type=\"widget\" data-widget_type=\"heading.default\">\n\t\t\t\t<div class=\"elementor-widget-container\">\n\t\t\t\t\t<h2 class=\"elementor-heading-title elementor-size-default\">Fitocrema hydratante \u00e0 l\u2019huile ozonis\u00e9e microincapsul\u00e9e<\/h2>\t\t\t\t<\/div>\n\t\t\t\t<\/div>\n\t\t\t\t<div class=\"elementor-element elementor-element-992555a elementor-widget elementor-widget-text-editor\" data-id=\"992555a\" data-element_type=\"widget\" data-widget_type=\"text-editor.default\">\n\t\t\t\t<div class=\"elementor-widget-container\">\n\t\t\t\t\t\t\t\t\t<p>Cr\u00e8me hydratante, revitalisante et \u00e9molliente \u00e0 base de mati\u00e8res premi\u00e8res v\u00e9g\u00e9tales, absorbant rapidement, texture l\u00e9g\u00e8re et agr\u00e9able sensation de peau. R\u00e9tablit rapidement l&rsquo;hydratation essentielle, pr\u00e9vient le dess\u00e8chement et l&rsquo;aspect terne de la peau, assurant une protection prolong\u00e9e tout au long de la journ\u00e9e. L&rsquo;amalgame parfait avec l&rsquo;huile ozon\u00e9e am\u00e9liore le renouvellement cellulaire, l&rsquo;apparence et la brillance de la peau, la rendant tonique et compacte.<\/p>\t\t\t\t\t\t\t\t<\/div>\n\t\t\t\t<\/div>\n\t\t\t\t<div class=\"elementor-element elementor-element-b53fc33 elementor-widget elementor-widget-text-editor\" data-id=\"b53fc33\" data-element_type=\"widget\" data-widget_type=\"text-editor.default\">\n\t\t\t\t<div class=\"elementor-widget-container\">\n\t\t\t\t\t\t\t\t\t<p><strong>Utilisation<\/strong>: appliquer sur le visage et le cou apr\u00e8s un nettoyage normal, en effectuant un l\u00e9ger massage sur la surface trait\u00e9e. Usage externe.<\/p>\t\t\t\t\t\t\t\t<\/div>\n\t\t\t\t<\/div>\n\t\t\t\t<div class=\"elementor-element elementor-element-b9d19af elementor-widget elementor-widget-text-editor\" data-id=\"b9d19af\" data-element_type=\"widget\" data-widget_type=\"text-editor.default\">\n\t\t\t\t<div class=\"elementor-widget-container\">\n\t\t\t\t\t\t\t\t\t<p><strong>Quantit\u00e9<\/strong>: 50 ml. e 250 ml.<\/p>\t\t\t\t\t\t\t\t<\/div>\n\t\t\t\t<\/div>\n\t\t\t\t<div class=\"elementor-element elementor-element-31c0a6f elementor-widget elementor-widget-text-editor\" data-id=\"31c0a6f\" data-element_type=\"widget\" data-widget_type=\"text-editor.default\">\n\t\t\t\t<div class=\"elementor-widget-container\">\n\t\t\t\t\t\t\t\t\t<p><strong>Ingr\u00e9dients<\/strong>: Aqua (water), Cetearyl alcohol, Glyceryl stearate, Ethylhexyl palmitate, Cera Alba (Beeswax), Glycerin, Caprylic\/Capric Triglyceride, Ozonized sunflower seed oil, Potassium Palmitoyl hydrolyzed wheat protein, Phenoxyethanol, Triticum vulgare germ oil (Triticum vulgare (Wheat) germ oil), Parfum (Fragrance), Prunus amygdalus dulcis oil (Prunus amygdalus dulcis (Sweet almond) oil), Propylene Glycol, Ethylhexylglycerin, Xanthan gum, Allantoin, Tocopheryl acetate, Caramel, Citric acid, Calendula officinalis extract (Calendula officinalis flower extract), Malva sylvestris extract (Malva sylvestris (Mallow) leaf extract), CI 19140 (FD &amp; C Yellow No.5), CI 42090 (FD &amp; C Blue No. 1), CI 75810 (Chlorophyllin copper complex), Tetrasodium glutamate diacetatechelante.<\/p>\t\t\t\t\t\t\t\t<\/div>\n\t\t\t\t<\/div>\n\t\t\t\t<div class=\"elementor-element elementor-element-d345a66 elementor-widget elementor-widget-fs-button\" data-id=\"d345a66\" data-element_type=\"widget\" data-widget_type=\"fs-button.default\">\n\t\t\t\t<div class=\"elementor-widget-container\">\n\t\t\t\t\t\r\n            <div class=\"button-wrapper\">\r\n\r\n                <a href=\"https:\/\/www.amazon.it\/OZONO-Crema-Hydratante-fitocrema\/dp\/B07CWVY7K3?ref_=ast_sto_dp\"\r\n                   class=\"fs-button dark-border-style\"\r\n                   target=\"_blank\">\r\n\r\n                    Acheter en ligne\r\n                <\/a>\r\n\r\n            <\/div>\r\n\r\n        \t\t\t\t<\/div>\n\t\t\t\t<\/div>\n\t\t\t\t\t<\/div>\n\t\t<\/div>\n\t\t\t\t\t<\/div>\n\t\t<\/section>\n\t\t        \t\t<\/div>\n\t\t","protected":false},"excerpt":{"rendered":"<p>Produits cosm\u00e9tiques Fitocrema hydratante Fitocrema hydratante \u00e0 l\u2019huile ozonis\u00e9e microincapsul\u00e9e Cr\u00e8me hydratante, revitalisante et \u00e9molliente \u00e0 base de mati\u00e8res premi\u00e8res v\u00e9g\u00e9tales, absorbant rapidement, texture l\u00e9g\u00e8re et agr\u00e9able sensation de peau. R\u00e9tablit rapidement l&rsquo;hydratation essentielle, pr\u00e9vient le dess\u00e8chement et l&rsquo;aspect terne de la peau, assurant une protection prolong\u00e9e tout au long de la journ\u00e9e. L&rsquo;amalgame parfait [&hellip;]<\/p>\n","protected":false},"author":3,"featured_media":0,"parent":5448,"menu_order":0,"comment_status":"closed","ping_status":"closed","template":"","meta":{"_acf_changed":false,"footnotes":""},"class_list":["post-6067","page","type-page","status-publish","hentry"],"acf":[],"_links":{"self":[{"href":"https:\/\/www.ozono-hb.it\/fr\/wp-json\/wp\/v2\/pages\/6067","targetHints":{"allow":["GET"]}}],"collection":[{"href":"https:\/\/www.ozono-hb.it\/fr\/wp-json\/wp\/v2\/pages"}],"about":[{"href":"https:\/\/www.ozono-hb.it\/fr\/wp-json\/wp\/v2\/types\/page"}],"author":[{"embeddable":true,"href":"https:\/\/www.ozono-hb.it\/fr\/wp-json\/wp\/v2\/users\/3"}],"replies":[{"embeddable":true,"href":"https:\/\/www.ozono-hb.it\/fr\/wp-json\/wp\/v2\/comments?post=6067"}],"version-history":[{"count":5,"href":"https:\/\/www.ozono-hb.it\/fr\/wp-json\/wp\/v2\/pages\/6067\/revisions"}],"predecessor-version":[{"id":6102,"href":"https:\/\/www.ozono-hb.it\/fr\/wp-json\/wp\/v2\/pages\/6067\/revisions\/6102"}],"up":[{"embeddable":true,"href":"https:\/\/www.ozono-hb.it\/fr\/wp-json\/wp\/v2\/pages\/5448"}],"wp:attachment":[{"href":"https:\/\/www.ozono-hb.it\/fr\/wp-json\/wp\/v2\/media?parent=6067"}],"curies":[{"name":"wp","href":"https:\/\/api.w.org\/{rel}","templated":true}]}}