{"id":6072,"date":"2023-06-09T12:41:47","date_gmt":"2023-06-09T10:41:47","guid":{"rendered":"http:\/\/ozono.youelba.com\/produits\/latte-detergente\/"},"modified":"2023-08-25T14:25:19","modified_gmt":"2023-08-25T12:25:19","slug":"lait-demaquillant","status":"publish","type":"page","link":"https:\/\/www.ozono-hb.it\/fr\/produits\/lait-demaquillant\/","title":{"rendered":"Lait d\u00e9maquillant"},"content":{"rendered":"\t\t<div data-elementor-type=\"wp-page\" data-elementor-id=\"6072\" class=\"elementor elementor-6072 elementor-3882\" data-elementor-post-type=\"page\">\n\t\t\t\t\t\t<section class=\"elementor-section elementor-top-section elementor-element elementor-element-bf4305b elementor-section-height-min-height elementor-section-items-bottom elementor-section-boxed elementor-section-height-default\" data-id=\"bf4305b\" data-element_type=\"section\" data-settings=\"{&quot;background_background&quot;:&quot;classic&quot;}\">\n\t\t\t\t\t\t<div class=\"elementor-container elementor-column-gap-extended\">\n\t\t\t\t\t<div class=\"elementor-column elementor-col-100 elementor-top-column elementor-element elementor-element-f9c7b7e\" data-id=\"f9c7b7e\" data-element_type=\"column\">\n\t\t\t<div class=\"elementor-widget-wrap elementor-element-populated\">\n\t\t\t\t\t\t<div class=\"elementor-element elementor-element-c630670 elementor-widget elementor-widget-heading\" data-id=\"c630670\" data-element_type=\"widget\" data-widget_type=\"heading.default\">\n\t\t\t\t<div class=\"elementor-widget-container\">\n\t\t\t\t\t<h1 class=\"elementor-heading-title elementor-size-default\">Produits cosm\u00e9tiques<\/h1>\t\t\t\t<\/div>\n\t\t\t\t<\/div>\n\t\t\t\t<div class=\"elementor-element elementor-element-119875e elementor-widget elementor-widget-spacer\" data-id=\"119875e\" data-element_type=\"widget\" data-widget_type=\"spacer.default\">\n\t\t\t\t<div class=\"elementor-widget-container\">\n\t\t\t\t\t\t\t<div class=\"elementor-spacer\">\n\t\t\t<div class=\"elementor-spacer-inner\"><\/div>\n\t\t<\/div>\n\t\t\t\t\t\t<\/div>\n\t\t\t\t<\/div>\n\t\t\t\t\t<\/div>\n\t\t<\/div>\n\t\t\t\t\t<\/div>\n\t\t<\/section>\n\t\t        \t\t<section class=\"elementor-section elementor-top-section elementor-element elementor-element-2a52c7f elementor-section-content-middle elementor-section-full_width elementor-reverse-mobile elementor-section-height-default elementor-section-height-default\" data-id=\"2a52c7f\" data-element_type=\"section\" data-settings=\"{&quot;background_background&quot;:&quot;classic&quot;}\">\n\t\t\t\t\t\t<div class=\"elementor-container elementor-column-gap-no\">\n\t\t\t\t\t<div class=\"elementor-column elementor-col-50 elementor-top-column elementor-element elementor-element-e48ecad\" data-id=\"e48ecad\" data-element_type=\"column\">\n\t\t\t<div class=\"elementor-widget-wrap elementor-element-populated\">\n\t\t\t\t\t\t<div class=\"elementor-element elementor-element-85aa28c elementor-hidden-desktop elementor-hidden-tablet elementor-arrows-position-inside elementor-widget elementor-widget-image-carousel\" data-id=\"85aa28c\" data-element_type=\"widget\" data-settings=\"{&quot;navigation&quot;:&quot;arrows&quot;,&quot;autoplay&quot;:&quot;yes&quot;,&quot;pause_on_hover&quot;:&quot;yes&quot;,&quot;pause_on_interaction&quot;:&quot;yes&quot;,&quot;autoplay_speed&quot;:5000,&quot;infinite&quot;:&quot;yes&quot;,&quot;speed&quot;:500}\" data-widget_type=\"image-carousel.default\">\n\t\t\t\t<div class=\"elementor-widget-container\">\n\t\t\t\t\t\t\t<div class=\"elementor-image-carousel-wrapper swiper\" role=\"region\" aria-roledescription=\"carousel\" aria-label=\"Carrousel d\u2019images\" dir=\"ltr\">\n\t\t\t<div class=\"elementor-image-carousel swiper-wrapper swiper-image-stretch\" aria-live=\"off\">\n\t\t\t\t\t\t\t\t<div class=\"swiper-slide\" role=\"group\" aria-roledescription=\"slide\" aria-label=\"1 sur 3\"><figure class=\"swiper-slide-inner\"><img decoding=\"async\" class=\"swiper-slide-image\" src=\"https:\/\/www.ozono-hb.it\/wp-content\/uploads\/2023\/06\/Detergente-6606.jpg\" alt=\"Latte detergente - Ozono Health &amp; Beauty\" \/><\/figure><\/div><div class=\"swiper-slide\" role=\"group\" aria-roledescription=\"slide\" aria-label=\"2 sur 3\"><figure class=\"swiper-slide-inner\"><img decoding=\"async\" class=\"swiper-slide-image\" src=\"https:\/\/www.ozono-hb.it\/wp-content\/uploads\/2023\/06\/Detergente-6287.jpg\" alt=\"Latte detergente - Ozono Health &amp; Beauty\" \/><\/figure><\/div><div class=\"swiper-slide\" role=\"group\" aria-roledescription=\"slide\" aria-label=\"3 sur 3\"><figure class=\"swiper-slide-inner\"><img decoding=\"async\" class=\"swiper-slide-image\" src=\"https:\/\/www.ozono-hb.it\/wp-content\/uploads\/2023\/06\/Detergente-01-6601.jpg\" alt=\"Latte detergente - Ozono Health &amp; Beauty\" \/><\/figure><\/div>\t\t\t<\/div>\n\t\t\t\t\t\t\t\t\t\t\t\t<div class=\"elementor-swiper-button elementor-swiper-button-prev\" role=\"button\" tabindex=\"0\">\n\t\t\t\t\t\t<i aria-hidden=\"true\" class=\"eicon-chevron-left\"><\/i>\t\t\t\t\t<\/div>\n\t\t\t\t\t<div class=\"elementor-swiper-button elementor-swiper-button-next\" role=\"button\" tabindex=\"0\">\n\t\t\t\t\t\t<i aria-hidden=\"true\" class=\"eicon-chevron-right\"><\/i>\t\t\t\t\t<\/div>\n\t\t\t\t\n\t\t\t\t\t\t\t\t\t<\/div>\n\t\t\t\t\t\t<\/div>\n\t\t\t\t<\/div>\n\t\t\t\t<div class=\"elementor-element elementor-element-87503e6 elementor-widget__width-inherit elementor-hidden-mobile elementor-widget elementor-widget-fs-hero-slider\" data-id=\"87503e6\" data-element_type=\"widget\" data-widget_type=\"fs-hero-slider.default\">\n\t\t\t\t<div class=\"elementor-widget-container\">\n\t\t\t\t\t\r\n        <header class=\"hero-slider-scene\"\r\n                data-autoplay=\"3000\">\r\n\r\n            <div class=\"inner-wrapper\">\r\n\r\n                \r\n                    <div class=\"navigation-button navigation-button-prev\">\r\n\r\n                        <img decoding=\"async\" src=\"https:\/\/www.ozono-hb.it\/wp-content\/themes\/levre\/assets\/img\/arrow_left.svg\"\r\n                             alt=\"Arrow Icon\"\r\n                             style=\"width: 25px;\">\r\n\r\n                    <\/div>\r\n\r\n                \r\n                <div class=\"swiper-container hero-slider\"\r\n                     data-effect=\"fade\">\r\n\r\n                    <div class=\"swiper-wrapper\">\r\n\r\n                        \r\n                            <div class=\"swiper-slide\"\r\n                                 style=\"background-image: url(https:\/\/www.ozono-hb.it\/wp-content\/uploads\/2023\/06\/Detergente-6606.jpg)\">\r\n\r\n                                <div class=\"content-wrapper\">\r\n\r\n                                    <h1 class=\"title\">\r\n\r\n                                        \r\n                                    <\/h1>\r\n\r\n                                    <p class=\"subtitle\">\r\n\r\n                                        \r\n                                    <\/p>\r\n\r\n                                    <div class=\"button-wrapper\">\r\n\r\n                                        \r\n\r\n                                        \r\n                                    <\/div>\r\n\r\n                                <\/div>\r\n\r\n                            <\/div>\r\n\r\n                        \r\n                            <div class=\"swiper-slide\"\r\n                                 style=\"background-image: url(https:\/\/www.ozono-hb.it\/wp-content\/uploads\/2023\/06\/Detergente-6287.jpg)\">\r\n\r\n                                <div class=\"content-wrapper\">\r\n\r\n                                    <h1 class=\"title\">\r\n\r\n                                        \r\n                                    <\/h1>\r\n\r\n                                    <p class=\"subtitle\">\r\n\r\n                                        \r\n                                    <\/p>\r\n\r\n                                    <div class=\"button-wrapper\">\r\n\r\n                                        \r\n\r\n                                        \r\n                                    <\/div>\r\n\r\n                                <\/div>\r\n\r\n                            <\/div>\r\n\r\n                        \r\n                            <div class=\"swiper-slide\"\r\n                                 style=\"background-image: url(https:\/\/www.ozono-hb.it\/wp-content\/uploads\/2023\/06\/Detergente-01-6601.jpg)\">\r\n\r\n                                <div class=\"content-wrapper\">\r\n\r\n                                    <h1 class=\"title\">\r\n\r\n                                        \r\n                                    <\/h1>\r\n\r\n                                    <p class=\"subtitle\">\r\n\r\n                                        \r\n                                    <\/p>\r\n\r\n                                    <div class=\"button-wrapper\">\r\n\r\n                                        \r\n\r\n                                        \r\n                                    <\/div>\r\n\r\n                                <\/div>\r\n\r\n                            <\/div>\r\n\r\n                        \r\n                    <\/div>\r\n\r\n                    \r\n                <\/div>\r\n\r\n                \r\n                    <div class=\"navigation-button navigation-button-next\">\r\n\r\n                        <img decoding=\"async\" src=\"https:\/\/www.ozono-hb.it\/wp-content\/themes\/levre\/assets\/img\/arrow_right.svg\"\r\n                             alt=\"Arrow Icon\"\r\n                             style=\"width: 25px;\">\r\n\r\n                    <\/div>\r\n\r\n                \r\n            <\/div>\r\n\r\n        <\/header>\r\n\r\n        \t\t\t\t<\/div>\n\t\t\t\t<\/div>\n\t\t\t\t\t<\/div>\n\t\t<\/div>\n\t\t\t\t<div class=\"elementor-column elementor-col-50 elementor-top-column elementor-element elementor-element-7dc0c8f\" data-id=\"7dc0c8f\" data-element_type=\"column\">\n\t\t\t<div class=\"elementor-widget-wrap elementor-element-populated\">\n\t\t\t\t\t\t<div class=\"elementor-element elementor-element-4da381a elementor-widget elementor-widget-heading\" data-id=\"4da381a\" data-element_type=\"widget\" data-widget_type=\"heading.default\">\n\t\t\t\t<div class=\"elementor-widget-container\">\n\t\t\t\t\t<h1 class=\"elementor-heading-title elementor-size-default\">Lait d\u00e9maquillant<\/h1>\t\t\t\t<\/div>\n\t\t\t\t<\/div>\n\t\t\t\t<div class=\"elementor-element elementor-element-ce0f819 elementor-widget elementor-widget-heading\" data-id=\"ce0f819\" data-element_type=\"widget\" data-widget_type=\"heading.default\">\n\t\t\t\t<div class=\"elementor-widget-container\">\n\t\t\t\t\t<h2 class=\"elementor-heading-title elementor-size-default\">Lait detergent \u00e0 l\u2019huile ozonis\u00e9e hydrodispersible<\/h2>\t\t\t\t<\/div>\n\t\t\t\t<\/div>\n\t\t\t\t<div class=\"elementor-element elementor-element-992555a elementor-widget elementor-widget-text-editor\" data-id=\"992555a\" data-element_type=\"widget\" data-widget_type=\"text-editor.default\">\n\t\t\t\t<div class=\"elementor-widget-container\">\n\t\t\t\t\t\t\t\t\t<p>\u00c9mulsion fluide et l\u00e9g\u00e8re, exerce une action d\u00e9tergente d\u00e9licate. C&rsquo;est la solution id\u00e9ale pour d\u00e9maquiller en fin de journ\u00e9e, ou pour nettoyer le visage en g\u00e9n\u00e9ral. Contient de l&rsquo;Aloe Vera, aux propri\u00e9t\u00e9s anti-rougeurs et apaisantes, important pour contrer les effets agressifs du maquillage. Les huiles d&rsquo;amande douce et d&rsquo;olive contribuent \u00e0 l&rsquo;\u00e9mollience et \u00e0 l&rsquo;hydratation. Enrichi avec de l&rsquo;huile ozon\u00e9e.<\/p>\t\t\t\t\t\t\t\t<\/div>\n\t\t\t\t<\/div>\n\t\t\t\t<div class=\"elementor-element elementor-element-b53fc33 elementor-widget elementor-widget-text-editor\" data-id=\"b53fc33\" data-element_type=\"widget\" data-widget_type=\"text-editor.default\">\n\t\t\t\t<div class=\"elementor-widget-container\">\n\t\t\t\t\t\t\t\t\t<p><strong>Utilisation<\/strong>: appliquer une quantit\u00e9 suffisante de produit sur une boule de coton et nettoyer le visage. Pour un meilleur r\u00e9sultat, r\u00e9p\u00e9tez l&rsquo;application une seconde fois, puis nettoyez avec le tonique facial. Usage externe.<\/p>\t\t\t\t\t\t\t\t<\/div>\n\t\t\t\t<\/div>\n\t\t\t\t<div class=\"elementor-element elementor-element-b9d19af elementor-widget elementor-widget-text-editor\" data-id=\"b9d19af\" data-element_type=\"widget\" data-widget_type=\"text-editor.default\">\n\t\t\t\t<div class=\"elementor-widget-container\">\n\t\t\t\t\t\t\t\t\t<p><strong>Quantit\u00e9<\/strong>: 250 ml. e 500 ml.<\/p>\t\t\t\t\t\t\t\t<\/div>\n\t\t\t\t<\/div>\n\t\t\t\t<div class=\"elementor-element elementor-element-31c0a6f elementor-widget elementor-widget-text-editor\" data-id=\"31c0a6f\" data-element_type=\"widget\" data-widget_type=\"text-editor.default\">\n\t\t\t\t<div class=\"elementor-widget-container\">\n\t\t\t\t\t\t\t\t\t<p><strong>Ingr\u00e9dients<\/strong>: Aqua (Water), Ethylhexyl palmitate, Glycerin, C12-15 Alkyl benzoate, Prunus amygdalus dulcis oil (Prunus amygdalus dulcis (Sweet almond) 8007-69-0 oil), Aloe barbadensis gel (Aloe barbadensis leaf juce), Ozonized sunflower seed oil, Olea Europaea oil (Olea Europaea (olive) fruito oil), Phenoxyethanol, Cetearyl alcohol, Glyceryl stearate, Parfum (Fragrance), Disodium edta, Ethylhexylglycerin, Bisabolol, Acrylates\/C 10-30 alkyl acrylate crosspolymer, Carbomer, Polyacrylamide, Sodium hydroxide, C 13-14 Isoparaffin, Laureth-7.<\/p>\t\t\t\t\t\t\t\t<\/div>\n\t\t\t\t<\/div>\n\t\t\t\t<div class=\"elementor-element elementor-element-d345a66 elementor-widget elementor-widget-fs-button\" data-id=\"d345a66\" data-element_type=\"widget\" data-widget_type=\"fs-button.default\">\n\t\t\t\t<div class=\"elementor-widget-container\">\n\t\t\t\t\t\r\n            <div class=\"button-wrapper\">\r\n\r\n                <a href=\"https:\/\/www.amazon.it\/Ozono-Latte-D%C3%A9maquillant\/dp\/B07CWW86B7?ref_=ast_sto_dp\"\r\n                   class=\"fs-button dark-border-style\"\r\n                   target=\"_blank\">\r\n\r\n                    Acheter en ligne\r\n                <\/a>\r\n\r\n            <\/div>\r\n\r\n        \t\t\t\t<\/div>\n\t\t\t\t<\/div>\n\t\t\t\t\t<\/div>\n\t\t<\/div>\n\t\t\t\t\t<\/div>\n\t\t<\/section>\n\t\t        \t\t<\/div>\n\t\t","protected":false},"excerpt":{"rendered":"<p>Produits cosm\u00e9tiques Lait d\u00e9maquillant Lait detergent \u00e0 l\u2019huile ozonis\u00e9e hydrodispersible \u00c9mulsion fluide et l\u00e9g\u00e8re, exerce une action d\u00e9tergente d\u00e9licate. C&rsquo;est la solution id\u00e9ale pour d\u00e9maquiller en fin de journ\u00e9e, ou pour nettoyer le visage en g\u00e9n\u00e9ral. Contient de l&rsquo;Aloe Vera, aux propri\u00e9t\u00e9s anti-rougeurs et apaisantes, important pour contrer les effets agressifs du maquillage. Les huiles [&hellip;]<\/p>\n","protected":false},"author":3,"featured_media":0,"parent":5448,"menu_order":0,"comment_status":"closed","ping_status":"closed","template":"","meta":{"_acf_changed":false,"footnotes":""},"class_list":["post-6072","page","type-page","status-publish","hentry"],"acf":[],"_links":{"self":[{"href":"https:\/\/www.ozono-hb.it\/fr\/wp-json\/wp\/v2\/pages\/6072","targetHints":{"allow":["GET"]}}],"collection":[{"href":"https:\/\/www.ozono-hb.it\/fr\/wp-json\/wp\/v2\/pages"}],"about":[{"href":"https:\/\/www.ozono-hb.it\/fr\/wp-json\/wp\/v2\/types\/page"}],"author":[{"embeddable":true,"href":"https:\/\/www.ozono-hb.it\/fr\/wp-json\/wp\/v2\/users\/3"}],"replies":[{"embeddable":true,"href":"https:\/\/www.ozono-hb.it\/fr\/wp-json\/wp\/v2\/comments?post=6072"}],"version-history":[{"count":5,"href":"https:\/\/www.ozono-hb.it\/fr\/wp-json\/wp\/v2\/pages\/6072\/revisions"}],"predecessor-version":[{"id":6087,"href":"https:\/\/www.ozono-hb.it\/fr\/wp-json\/wp\/v2\/pages\/6072\/revisions\/6087"}],"up":[{"embeddable":true,"href":"https:\/\/www.ozono-hb.it\/fr\/wp-json\/wp\/v2\/pages\/5448"}],"wp:attachment":[{"href":"https:\/\/www.ozono-hb.it\/fr\/wp-json\/wp\/v2\/media?parent=6072"}],"curies":[{"name":"wp","href":"https:\/\/api.w.org\/{rel}","templated":true}]}}