{"id":5782,"date":"2023-08-01T14:40:10","date_gmt":"2023-08-01T12:40:10","guid":{"rendered":"http:\/\/ozono.youelba.com\/shop\/glow-up\/"},"modified":"2025-04-15T12:22:11","modified_gmt":"2025-04-15T10:22:11","slug":"glow-up","status":"publish","type":"product","link":"https:\/\/www.ozono-hb.it\/fr\/shop\/glow-up\/","title":{"rendered":"Glow Up"},"content":{"rendered":"\t\t<div data-elementor-type=\"wp-post\" data-elementor-id=\"5782\" class=\"elementor elementor-5782 elementor-4548\" data-elementor-post-type=\"product\">\n\t\t\t\t\t\t<section class=\"elementor-section elementor-top-section elementor-element elementor-element-6361b17 elementor-section-boxed elementor-section-height-default elementor-section-height-default\" data-id=\"6361b17\" data-element_type=\"section\">\n\t\t\t\t\t\t<div class=\"elementor-container elementor-column-gap-default\">\n\t\t\t\t\t<div class=\"elementor-column elementor-col-100 elementor-top-column elementor-element elementor-element-491b901\" data-id=\"491b901\" data-element_type=\"column\">\n\t\t\t<div class=\"elementor-widget-wrap\">\n\t\t\t\t\t\t\t<\/div>\n\t\t<\/div>\n\t\t\t\t\t<\/div>\n\t\t<\/section>\n\t\t        \t\t<\/div>\n\t\t","protected":false},"excerpt":{"rendered":"<h4>La s\u00e9lection compl\u00e8te de nos produits visage et corps pour un nouveau visage \u00e9clatant<\/h4>\n<ul>\n<li><strong>Lait d\u00e9maquillant<\/strong> pour \u00e9liminer les impuret\u00e9s du maquillage qui se d\u00e9posent sur la peau au cours de la journ\u00e9e<\/li>\n<li><strong>Tonique visage<\/strong> pour apaiser les rougeurs et laisser la peau velout\u00e9e et douce sans alcool<\/li>\n<li><strong>S\u00e9rum EYES<\/strong> pour traiter le contour des yeux avec sa texture l\u00e9g\u00e8re, peut \u00e9galement \u00eatre utilis\u00e9 pour le contour des l\u00e8vres<\/li>\n<li><strong>Gel Filler<\/strong> un gel pour compl\u00e9ter le visage et le cou par l&rsquo;effet \u00ab comblant \u00bb et liftant, gr\u00e2ce \u00e0 deux types d&rsquo;acide hyaluronique<\/li>\n<li><strong>Pulcherrima<\/strong> cr\u00e8me visage anti-\u00e2ge restructurante lissante et matifiante, reine de notre gamme<\/li>\n<li><strong>Huile corporelle universelle<\/strong>, une huile s\u00e8che de massage ozon\u00e9e. Il ne laisse pas la peau grasse, excellent imm\u00e9diatement apr\u00e8s la douche apr\u00e8s une activit\u00e9 sportive ou m\u00eame apr\u00e8s une \u00e9pilation<\/li>\n<li>Vous pourrez vous chouchouter un peu plus avec la<strong> Cr\u00e8me Vergetures<\/strong>, pour traiter les vergetures et assouplir la peau excellente pour les futures mamans et leur ventre<\/li>\n<\/ul>\n","protected":false},"featured_media":5783,"comment_status":"open","ping_status":"closed","template":"","meta":{"_acf_changed":false},"product_brand":[],"product_cat":[166],"product_tag":[189,191,197,201,209,203,223,211,225],"class_list":{"0":"post-5782","1":"product","2":"type-product","3":"status-publish","4":"has-post-thumbnail","6":"product_cat-ligne-cosmetique","7":"product_tag-corps","8":"product_tag-creme-anti-vergetures","9":"product_tag-eyes-serum","10":"product_tag-gel-de-comblement-visage-et-cou","11":"product_tag-huile-corporelle-universelle","12":"product_tag-lait-demaquillant","13":"product_tag-lotion-tonique","14":"product_tag-pulcherrima","15":"product_tag-visage","17":"first","18":"instock","19":"sale","20":"shipping-taxable","21":"purchasable","22":"product-type-simple"},"acf":[],"_links":{"self":[{"href":"https:\/\/www.ozono-hb.it\/fr\/wp-json\/wp\/v2\/product\/5782","targetHints":{"allow":["GET"]}}],"collection":[{"href":"https:\/\/www.ozono-hb.it\/fr\/wp-json\/wp\/v2\/product"}],"about":[{"href":"https:\/\/www.ozono-hb.it\/fr\/wp-json\/wp\/v2\/types\/product"}],"replies":[{"embeddable":true,"href":"https:\/\/www.ozono-hb.it\/fr\/wp-json\/wp\/v2\/comments?post=5782"}],"version-history":[{"count":3,"href":"https:\/\/www.ozono-hb.it\/fr\/wp-json\/wp\/v2\/product\/5782\/revisions"}],"predecessor-version":[{"id":7005,"href":"https:\/\/www.ozono-hb.it\/fr\/wp-json\/wp\/v2\/product\/5782\/revisions\/7005"}],"wp:featuredmedia":[{"embeddable":true,"href":"https:\/\/www.ozono-hb.it\/fr\/wp-json\/wp\/v2\/media\/5783"}],"wp:attachment":[{"href":"https:\/\/www.ozono-hb.it\/fr\/wp-json\/wp\/v2\/media?parent=5782"}],"wp:term":[{"taxonomy":"product_brand","embeddable":true,"href":"https:\/\/www.ozono-hb.it\/fr\/wp-json\/wp\/v2\/product_brand?post=5782"},{"taxonomy":"product_cat","embeddable":true,"href":"https:\/\/www.ozono-hb.it\/fr\/wp-json\/wp\/v2\/product_cat?post=5782"},{"taxonomy":"product_tag","embeddable":true,"href":"https:\/\/www.ozono-hb.it\/fr\/wp-json\/wp\/v2\/product_tag?post=5782"}],"curies":[{"name":"wp","href":"https:\/\/api.w.org\/{rel}","templated":true}]}}