{"id":5787,"date":"2023-08-01T14:34:55","date_gmt":"2023-08-01T12:34:55","guid":{"rendered":"http:\/\/ozono.youelba.com\/shop\/hair\/"},"modified":"2025-04-15T12:21:42","modified_gmt":"2025-04-15T10:21:42","slug":"hair","status":"publish","type":"product","link":"https:\/\/www.ozono-hb.it\/fr\/shop\/hair\/","title":{"rendered":"Hair"},"content":{"rendered":"\t\t<div data-elementor-type=\"wp-post\" data-elementor-id=\"5787\" class=\"elementor elementor-5787 elementor-4544\" data-elementor-post-type=\"product\">\n\t\t\t\t\t\t<section class=\"elementor-section elementor-top-section elementor-element elementor-element-6361b17 elementor-section-boxed elementor-section-height-default elementor-section-height-default\" data-id=\"6361b17\" data-element_type=\"section\">\n\t\t\t\t\t\t<div class=\"elementor-container elementor-column-gap-default\">\n\t\t\t\t\t<div class=\"elementor-column elementor-col-100 elementor-top-column elementor-element elementor-element-491b901\" data-id=\"491b901\" data-element_type=\"column\">\n\t\t\t<div class=\"elementor-widget-wrap\">\n\t\t\t\t\t\t\t<\/div>\n\t\t<\/div>\n\t\t\t\t\t<\/div>\n\t\t<\/section>\n\t\t        \t\t<\/div>\n\t\t","protected":false},"excerpt":{"rendered":"<h4>Parce que m\u00eame vos cheveux doivent \u00eatre chouchout\u00e9s<\/h4>\n<p>Hair est la solution OZONE \u00e9galement pour nos cheveux, gr\u00e2ce \u00e0 la k\u00e9ratine hydrolys\u00e9e et \u00e0 l&rsquo;huile d&rsquo;argan<\/p>\n<ul>\n<li><strong>Mousse nettoyante<\/strong>, \u00e9tant hypoallerg\u00e9nique et antibact\u00e9rienne cette mousse est parfaite non seulement pour nettoyer le visage mais aussi pour les parties irrit\u00e9es ou les plaies de la peau, les peaux d\u00e9licates ou sujettes aux irritations et m\u00eame les zones intimes<\/li>\n<li><strong>Hair Restorer Shampoo<\/strong>, un nettoyage restructurant pour les cheveux<\/li>\n<li><strong>Masque r\u00e9parateur capillaire<\/strong>, un revitalisant hydratant<\/li>\n<li><strong>Huile d&rsquo;argan r\u00e9paratrice capillaire<\/strong>, encore plus enrichie en huile ozon\u00e9e<\/li>\n<\/ul>\n<p>La gamme Hair restorator se caract\u00e9rise par la pr\u00e9sence d&rsquo;huile ozon\u00e9e ; conditionne les cheveux en r\u00e9alignant les \u00e9cailles de la cuticule et les restructure en profondeur. \u00c0 la k\u00e9ratine hydrolys\u00e9e, \u00e0 l&rsquo;huile d&rsquo;argan et au d\u00e9riv\u00e9 d&rsquo;huile d&rsquo;Alba Limnanthes. Son action restructurante donne aux cheveux douceur, luminosit\u00e9 et corps ; apporte hydratation et structure \u00e0 la fibre capillaire. Ne l\u2019alourdissez pas. Les principes actifs qu&rsquo;il contient, gr\u00e2ce \u00e0 leur haute affinit\u00e9 avec la fibre capillaire, sont facilement absorb\u00e9s et agissent en synergie en nourrissant les cheveux. Ils jouent \u00e9galement une pr\u00e9cieuse action ciment\/r\u00e9paratrice ainsi qu&rsquo;un traitant \u00ab\u00a0anti-friction\u00a0\u00bb apportant peignage, douceur et lumi\u00e8re.<\/p>\n","protected":false},"featured_media":5788,"comment_status":"open","ping_status":"closed","template":"","meta":{"_acf_changed":false},"product_brand":[],"product_cat":[166],"product_tag":[187,213,207,215,217],"class_list":{"0":"post-5787","1":"product","2":"type-product","3":"status-publish","4":"has-post-thumbnail","6":"product_cat-ligne-cosmetique","7":"product_tag-cheveux","8":"product_tag-huile-dargan-restauratrice","9":"product_tag-mousse-demaquillant","10":"product_tag-restorer-conditioner","11":"product_tag-shampooing-restorer","13":"first","14":"instock","15":"sale","16":"shipping-taxable","17":"purchasable","18":"product-type-simple"},"acf":[],"_links":{"self":[{"href":"https:\/\/www.ozono-hb.it\/fr\/wp-json\/wp\/v2\/product\/5787","targetHints":{"allow":["GET"]}}],"collection":[{"href":"https:\/\/www.ozono-hb.it\/fr\/wp-json\/wp\/v2\/product"}],"about":[{"href":"https:\/\/www.ozono-hb.it\/fr\/wp-json\/wp\/v2\/types\/product"}],"replies":[{"embeddable":true,"href":"https:\/\/www.ozono-hb.it\/fr\/wp-json\/wp\/v2\/comments?post=5787"}],"version-history":[{"count":3,"href":"https:\/\/www.ozono-hb.it\/fr\/wp-json\/wp\/v2\/product\/5787\/revisions"}],"predecessor-version":[{"id":7003,"href":"https:\/\/www.ozono-hb.it\/fr\/wp-json\/wp\/v2\/product\/5787\/revisions\/7003"}],"wp:featuredmedia":[{"embeddable":true,"href":"https:\/\/www.ozono-hb.it\/fr\/wp-json\/wp\/v2\/media\/5788"}],"wp:attachment":[{"href":"https:\/\/www.ozono-hb.it\/fr\/wp-json\/wp\/v2\/media?parent=5787"}],"wp:term":[{"taxonomy":"product_brand","embeddable":true,"href":"https:\/\/www.ozono-hb.it\/fr\/wp-json\/wp\/v2\/product_brand?post=5787"},{"taxonomy":"product_cat","embeddable":true,"href":"https:\/\/www.ozono-hb.it\/fr\/wp-json\/wp\/v2\/product_cat?post=5787"},{"taxonomy":"product_tag","embeddable":true,"href":"https:\/\/www.ozono-hb.it\/fr\/wp-json\/wp\/v2\/product_tag?post=5787"}],"curies":[{"name":"wp","href":"https:\/\/api.w.org\/{rel}","templated":true}]}}