{"id":5791,"date":"2023-08-01T14:29:44","date_gmt":"2023-08-01T12:29:44","guid":{"rendered":"http:\/\/ozono.youelba.com\/shop\/slimming\/"},"modified":"2023-09-15T12:47:50","modified_gmt":"2023-09-15T10:47:50","slug":"slimming","status":"publish","type":"product","link":"https:\/\/www.ozono-hb.it\/fr\/shop\/slimming\/","title":{"rendered":"Slimming"},"content":{"rendered":"\t\t<div data-elementor-type=\"wp-post\" data-elementor-id=\"5791\" class=\"elementor elementor-5791 elementor-4538\" data-elementor-post-type=\"product\">\n\t\t\t\t\t\t<section class=\"elementor-section elementor-top-section elementor-element elementor-element-6361b17 elementor-section-boxed elementor-section-height-default elementor-section-height-default\" data-id=\"6361b17\" data-element_type=\"section\">\n\t\t\t\t\t\t<div class=\"elementor-container elementor-column-gap-default\">\n\t\t\t\t\t<div class=\"elementor-column elementor-col-100 elementor-top-column elementor-element elementor-element-491b901\" data-id=\"491b901\" data-element_type=\"column\">\n\t\t\t<div class=\"elementor-widget-wrap\">\n\t\t\t\t\t\t\t<\/div>\n\t\t<\/div>\n\t\t\t\t\t<\/div>\n\t\t<\/section>\n\t\t        \t\t<\/div>\n\t\t","protected":false},"excerpt":{"rendered":"<h4>Une aide \u00e0 la r\u00e9tention d&rsquo;eau et \u00e0 la fonte des graisses<\/h4>\n<p>Deux cr\u00e8mes corporelles amincissantes, qui aident \u00e0 \u00e9liminer la r\u00e9tention d&rsquo;eau et \u00e0 faire fondre les graisses d\u00e9pos\u00e9es.<\/p>\n<ul>\n<li>La <strong>Cr\u00e8me Drainante Minceur<\/strong> favorise la r\u00e9tention d&rsquo;eau en laissant un d\u00e9licat parfum sur la peau<\/li>\n<li>La <strong>Cr\u00e8me Thermog\u00e9nique Minceur<\/strong> est la s\u0153ur \u00ab \u00e9pic\u00e9e \u00bb, en effet, elle contient du piment et en l&rsquo;appliquant la peau la r\u00e9chauffe en faisant fondre les graisses, lors de l&rsquo;application de cette cr\u00e8me il est recommand\u00e9 d&rsquo;\u00eatre prudent et de ne pas toucher les yeux, le nez, la bouche et de se laver les mains. imm\u00e9diatement apr\u00e8s utilisation, il est normal que la peau devienne rouge, l&rsquo;activation de la cr\u00e8me provoque une rougeur chaude de la peau, elle n&rsquo;est pas permanente<\/li>\n<\/ul>\n","protected":false},"featured_media":5792,"comment_status":"open","ping_status":"closed","template":"","meta":{"_acf_changed":false},"product_brand":[],"product_cat":[166],"product_tag":[221,189,195,193],"class_list":{"0":"post-5791","1":"product","2":"type-product","3":"status-publish","4":"has-post-thumbnail","6":"product_cat-ligne-cosmetique","7":"product_tag-amincissante","8":"product_tag-corps","9":"product_tag-creme-amincissante-thermogenique","10":"product_tag-creme-drainante-amincissante","12":"first","13":"instock","14":"sale","15":"shipping-taxable","16":"purchasable","17":"product-type-simple"},"acf":[],"_links":{"self":[{"href":"https:\/\/www.ozono-hb.it\/fr\/wp-json\/wp\/v2\/product\/5791","targetHints":{"allow":["GET"]}}],"collection":[{"href":"https:\/\/www.ozono-hb.it\/fr\/wp-json\/wp\/v2\/product"}],"about":[{"href":"https:\/\/www.ozono-hb.it\/fr\/wp-json\/wp\/v2\/types\/product"}],"replies":[{"embeddable":true,"href":"https:\/\/www.ozono-hb.it\/fr\/wp-json\/wp\/v2\/comments?post=5791"}],"version-history":[{"count":3,"href":"https:\/\/www.ozono-hb.it\/fr\/wp-json\/wp\/v2\/product\/5791\/revisions"}],"predecessor-version":[{"id":7001,"href":"https:\/\/www.ozono-hb.it\/fr\/wp-json\/wp\/v2\/product\/5791\/revisions\/7001"}],"wp:featuredmedia":[{"embeddable":true,"href":"https:\/\/www.ozono-hb.it\/fr\/wp-json\/wp\/v2\/media\/5792"}],"wp:attachment":[{"href":"https:\/\/www.ozono-hb.it\/fr\/wp-json\/wp\/v2\/media?parent=5791"}],"wp:term":[{"taxonomy":"product_brand","embeddable":true,"href":"https:\/\/www.ozono-hb.it\/fr\/wp-json\/wp\/v2\/product_brand?post=5791"},{"taxonomy":"product_cat","embeddable":true,"href":"https:\/\/www.ozono-hb.it\/fr\/wp-json\/wp\/v2\/product_cat?post=5791"},{"taxonomy":"product_tag","embeddable":true,"href":"https:\/\/www.ozono-hb.it\/fr\/wp-json\/wp\/v2\/product_tag?post=5791"}],"curies":[{"name":"wp","href":"https:\/\/api.w.org\/{rel}","templated":true}]}}