{"id":5796,"date":"2023-08-01T14:22:27","date_gmt":"2023-08-01T12:22:27","guid":{"rendered":"http:\/\/ozono.youelba.com\/shop\/body-care\/"},"modified":"2025-04-15T12:22:07","modified_gmt":"2025-04-15T10:22:07","slug":"soins-du-corps","status":"publish","type":"product","link":"https:\/\/www.ozono-hb.it\/fr\/shop\/soins-du-corps\/","title":{"rendered":"Soins du corps"},"content":{"rendered":"\t\t<div data-elementor-type=\"wp-post\" data-elementor-id=\"5796\" class=\"elementor elementor-5796 elementor-4533\" data-elementor-post-type=\"product\">\n\t\t\t\t\t\t<section class=\"elementor-section elementor-top-section elementor-element elementor-element-6361b17 elementor-section-boxed elementor-section-height-default elementor-section-height-default\" data-id=\"6361b17\" data-element_type=\"section\">\n\t\t\t\t\t\t<div class=\"elementor-container elementor-column-gap-default\">\n\t\t\t\t\t<div class=\"elementor-column elementor-col-100 elementor-top-column elementor-element elementor-element-491b901\" data-id=\"491b901\" data-element_type=\"column\">\n\t\t\t<div class=\"elementor-widget-wrap\">\n\t\t\t\t\t\t\t<\/div>\n\t\t<\/div>\n\t\t\t\t\t<\/div>\n\t\t<\/section>\n\t\t        \t\t<\/div>\n\t\t","protected":false},"excerpt":{"rendered":"<h4>Un c\u00e2lin douillet pour le corps<\/h4>\n<p>M\u00eame notre corps a besoin d&rsquo;une bonne routine beaut\u00e9, ces trois produits sont le c\u00e2lin que nous pouvons lui offrir.<\/p>\n<ul>\n<li>La <strong>mousse nettoyante<\/strong>, hypoallerg\u00e9nique et antibact\u00e9rienne, est parfaite non seulement pour nettoyer le visage mais aussi pour les parties irrit\u00e9es ou les plaies cutan\u00e9es, et m\u00eame pour les zones intimes<\/li>\n<li><strong>Huile corporelle universelle<\/strong>, une huile s\u00e8che de massage ozon\u00e9e. Il ne laisse pas la peau grasse, excellent imm\u00e9diatement apr\u00e8s la douche apr\u00e8s une activit\u00e9 sportive ou m\u00eame apr\u00e8s une \u00e9pilation<\/li>\n<li>Vous pourrez vous chouchouter un peu plus avec la <strong>Cr\u00e8me Vergetures<\/strong>, pour traiter les vergetures et \u00e9lastifier la peau excellente pour les futures mamans et leur ventre.<\/li>\n<\/ul>\n","protected":false},"featured_media":5797,"comment_status":"open","ping_status":"closed","template":"","meta":{"_acf_changed":false},"product_brand":[],"product_cat":[166],"product_tag":[189,191,209,207],"class_list":{"0":"post-5796","1":"product","2":"type-product","3":"status-publish","4":"has-post-thumbnail","6":"product_cat-ligne-cosmetique","7":"product_tag-corps","8":"product_tag-creme-anti-vergetures","9":"product_tag-huile-corporelle-universelle","10":"product_tag-mousse-demaquillant","12":"first","13":"instock","14":"sale","15":"shipping-taxable","16":"purchasable","17":"product-type-simple"},"acf":[],"_links":{"self":[{"href":"https:\/\/www.ozono-hb.it\/fr\/wp-json\/wp\/v2\/product\/5796","targetHints":{"allow":["GET"]}}],"collection":[{"href":"https:\/\/www.ozono-hb.it\/fr\/wp-json\/wp\/v2\/product"}],"about":[{"href":"https:\/\/www.ozono-hb.it\/fr\/wp-json\/wp\/v2\/types\/product"}],"replies":[{"embeddable":true,"href":"https:\/\/www.ozono-hb.it\/fr\/wp-json\/wp\/v2\/comments?post=5796"}],"version-history":[{"count":4,"href":"https:\/\/www.ozono-hb.it\/fr\/wp-json\/wp\/v2\/product\/5796\/revisions"}],"predecessor-version":[{"id":6999,"href":"https:\/\/www.ozono-hb.it\/fr\/wp-json\/wp\/v2\/product\/5796\/revisions\/6999"}],"wp:featuredmedia":[{"embeddable":true,"href":"https:\/\/www.ozono-hb.it\/fr\/wp-json\/wp\/v2\/media\/5797"}],"wp:attachment":[{"href":"https:\/\/www.ozono-hb.it\/fr\/wp-json\/wp\/v2\/media?parent=5796"}],"wp:term":[{"taxonomy":"product_brand","embeddable":true,"href":"https:\/\/www.ozono-hb.it\/fr\/wp-json\/wp\/v2\/product_brand?post=5796"},{"taxonomy":"product_cat","embeddable":true,"href":"https:\/\/www.ozono-hb.it\/fr\/wp-json\/wp\/v2\/product_cat?post=5796"},{"taxonomy":"product_tag","embeddable":true,"href":"https:\/\/www.ozono-hb.it\/fr\/wp-json\/wp\/v2\/product_tag?post=5796"}],"curies":[{"name":"wp","href":"https:\/\/api.w.org\/{rel}","templated":true}]}}