{"id":5801,"date":"2023-08-01T14:10:48","date_gmt":"2023-08-01T12:10:48","guid":{"rendered":"http:\/\/ozono.youelba.com\/shop\/trattamento-anti-age\/"},"modified":"2023-09-15T12:38:50","modified_gmt":"2023-09-15T10:38:50","slug":"traitement-anti-age","status":"publish","type":"product","link":"https:\/\/www.ozono-hb.it\/fr\/shop\/traitement-anti-age\/","title":{"rendered":"Traitement anti-\u00e2ge"},"content":{"rendered":"\t\t<div data-elementor-type=\"wp-post\" data-elementor-id=\"5801\" class=\"elementor elementor-5801 elementor-4526\" data-elementor-post-type=\"product\">\n\t\t\t\t\t\t<section class=\"elementor-section elementor-top-section elementor-element elementor-element-6361b17 elementor-section-boxed elementor-section-height-default elementor-section-height-default\" data-id=\"6361b17\" data-element_type=\"section\">\n\t\t\t\t\t\t<div class=\"elementor-container elementor-column-gap-default\">\n\t\t\t\t\t<div class=\"elementor-column elementor-col-100 elementor-top-column elementor-element elementor-element-491b901\" data-id=\"491b901\" data-element_type=\"column\">\n\t\t\t<div class=\"elementor-widget-wrap\">\n\t\t\t\t\t\t\t<\/div>\n\t\t<\/div>\n\t\t\t\t\t<\/div>\n\t\t<\/section>\n\t\t        \t\t<\/div>\n\t\t","protected":false},"excerpt":{"rendered":"<h4>Nos best-sellers pour les peaux matures et pour pr\u00e9venir les signes de l&rsquo;\u00e2ge<\/h4>\n<p>Trois produits incontournables de la ligne cr\u00e9\u00e9e pour pr\u00e9venir et traiter les signes de l&rsquo;\u00e2ge:<\/p>\n<ul>\n<li><strong>S\u00e9rum EYES<\/strong> pour traiter le contour des yeux avec sa texture l\u00e9g\u00e8re, peut \u00e9galement \u00eatre utilis\u00e9 pour le contour des l\u00e8vres<\/li>\n<li><strong>Gel Filler<\/strong> un gel pour compl\u00e9ter le visage et le cou par l&rsquo;effet \u00ab comblant \u00bb et liftant, gr\u00e2ce \u00e0 deux types d&rsquo;acide hyaluronique<\/li>\n<li><strong>Pulcherrima<\/strong> cr\u00e8me visage anti-\u00e2ge restructurante lissante et matifiante, reine de notre gamme<\/li>\n<\/ul>\n","protected":false},"featured_media":5802,"comment_status":"open","ping_status":"closed","template":"","meta":{"_acf_changed":false},"product_brand":[],"product_cat":[166],"product_tag":[185,197,201,211,225],"class_list":{"0":"post-5801","1":"product","2":"type-product","3":"status-publish","4":"has-post-thumbnail","6":"product_cat-ligne-cosmetique","7":"product_tag-anti-age","8":"product_tag-eyes-serum","9":"product_tag-gel-de-comblement-visage-et-cou","10":"product_tag-pulcherrima","11":"product_tag-visage","13":"first","14":"instock","15":"sale","16":"shipping-taxable","17":"purchasable","18":"product-type-simple"},"acf":[],"_links":{"self":[{"href":"https:\/\/www.ozono-hb.it\/fr\/wp-json\/wp\/v2\/product\/5801","targetHints":{"allow":["GET"]}}],"collection":[{"href":"https:\/\/www.ozono-hb.it\/fr\/wp-json\/wp\/v2\/product"}],"about":[{"href":"https:\/\/www.ozono-hb.it\/fr\/wp-json\/wp\/v2\/types\/product"}],"replies":[{"embeddable":true,"href":"https:\/\/www.ozono-hb.it\/fr\/wp-json\/wp\/v2\/comments?post=5801"}],"version-history":[{"count":4,"href":"https:\/\/www.ozono-hb.it\/fr\/wp-json\/wp\/v2\/product\/5801\/revisions"}],"predecessor-version":[{"id":6993,"href":"https:\/\/www.ozono-hb.it\/fr\/wp-json\/wp\/v2\/product\/5801\/revisions\/6993"}],"wp:featuredmedia":[{"embeddable":true,"href":"https:\/\/www.ozono-hb.it\/fr\/wp-json\/wp\/v2\/media\/5802"}],"wp:attachment":[{"href":"https:\/\/www.ozono-hb.it\/fr\/wp-json\/wp\/v2\/media?parent=5801"}],"wp:term":[{"taxonomy":"product_brand","embeddable":true,"href":"https:\/\/www.ozono-hb.it\/fr\/wp-json\/wp\/v2\/product_brand?post=5801"},{"taxonomy":"product_cat","embeddable":true,"href":"https:\/\/www.ozono-hb.it\/fr\/wp-json\/wp\/v2\/product_cat?post=5801"},{"taxonomy":"product_tag","embeddable":true,"href":"https:\/\/www.ozono-hb.it\/fr\/wp-json\/wp\/v2\/product_tag?post=5801"}],"curies":[{"name":"wp","href":"https:\/\/api.w.org\/{rel}","templated":true}]}}