{"id":5806,"date":"2023-08-01T13:53:58","date_gmt":"2023-08-01T11:53:58","guid":{"rendered":"http:\/\/ozono.youelba.com\/shop\/purify\/"},"modified":"2025-04-15T12:21:21","modified_gmt":"2025-04-15T10:21:21","slug":"purify","status":"publish","type":"product","link":"https:\/\/www.ozono-hb.it\/fr\/shop\/purify\/","title":{"rendered":"Purify"},"content":{"rendered":"\t\t<div data-elementor-type=\"wp-post\" data-elementor-id=\"5806\" class=\"elementor elementor-5806 elementor-4511\" data-elementor-post-type=\"product\">\n\t\t\t\t\t\t<section class=\"elementor-section elementor-top-section elementor-element elementor-element-6361b17 elementor-section-boxed elementor-section-height-default elementor-section-height-default\" data-id=\"6361b17\" data-element_type=\"section\">\n\t\t\t\t\t\t<div class=\"elementor-container elementor-column-gap-default\">\n\t\t\t\t\t<div class=\"elementor-column elementor-col-100 elementor-top-column elementor-element elementor-element-491b901\" data-id=\"491b901\" data-element_type=\"column\">\n\t\t\t<div class=\"elementor-widget-wrap\">\n\t\t\t\t\t\t\t<\/div>\n\t\t<\/div>\n\t\t\t\t\t<\/div>\n\t\t<\/section>\n\t\t        \t\t<\/div>\n\t\t","protected":false},"excerpt":{"rendered":"<h4>La routine beaut\u00e9 pour lutter contre les impuret\u00e9s<\/h4>\n<p>Purify est la s\u00e9lection de produits id\u00e9aux pour les peaux impures, qui ont besoin d&rsquo;un coup de pouce pour se d\u00e9barrasser des imperfections cutan\u00e9es.<\/p>\n<ul>\n<li><strong>Lait d\u00e9maquillant<\/strong> pour \u00e9liminer les impuret\u00e9s du maquillage qui se d\u00e9posent sur la peau au cours de la journ\u00e9e<\/li>\n<li><strong>Mousse nettoyante<\/strong> pour un nettoyage moussant en profondeur<\/li>\n<li><strong>Tonique visage<\/strong> pour apaiser les rougeurs et laisser la peau velout\u00e9e et douce sans alcool<\/li>\n<\/ul>\n<p>Et les deux traitements:<\/p>\n<ul>\n<li><strong>Gommage Exfoliant<\/strong> aux coques d&rsquo;amandes et \u00e0 l&rsquo;huile ozon\u00e9e, allie la d\u00e9licate action exfoliante des coques d&rsquo;amandes au pouvoir antibact\u00e9rien et cicatrisant de l&rsquo;ozone<\/li>\n<li><strong>Masque min\u00e9ral<\/strong>, une couche fra\u00eeche d&rsquo;argile et de min\u00e9raux qui, associ\u00e9e \u00e0 l&rsquo;huile ozon\u00e9e, donne \u00e0 la peau une sensation de soulagement et la laisse propre et douce<\/li>\n<\/ul>\n","protected":false},"featured_media":5807,"comment_status":"open","ping_status":"closed","template":"","meta":{"_acf_changed":false},"product_brand":[],"product_cat":[166],"product_tag":[219,203,223,205,207,225],"class_list":{"0":"post-5806","1":"product","2":"type-product","3":"status-publish","4":"has-post-thumbnail","6":"product_cat-ligne-cosmetique","7":"product_tag-gommage-exfoliant","8":"product_tag-lait-demaquillant","9":"product_tag-lotion-tonique","10":"product_tag-masque-aux-mineraux","11":"product_tag-mousse-demaquillant","12":"product_tag-visage","14":"first","15":"instock","16":"sale","17":"shipping-taxable","18":"purchasable","19":"product-type-simple"},"acf":[],"_links":{"self":[{"href":"https:\/\/www.ozono-hb.it\/fr\/wp-json\/wp\/v2\/product\/5806","targetHints":{"allow":["GET"]}}],"collection":[{"href":"https:\/\/www.ozono-hb.it\/fr\/wp-json\/wp\/v2\/product"}],"about":[{"href":"https:\/\/www.ozono-hb.it\/fr\/wp-json\/wp\/v2\/types\/product"}],"replies":[{"embeddable":true,"href":"https:\/\/www.ozono-hb.it\/fr\/wp-json\/wp\/v2\/comments?post=5806"}],"version-history":[{"count":4,"href":"https:\/\/www.ozono-hb.it\/fr\/wp-json\/wp\/v2\/product\/5806\/revisions"}],"predecessor-version":[{"id":6996,"href":"https:\/\/www.ozono-hb.it\/fr\/wp-json\/wp\/v2\/product\/5806\/revisions\/6996"}],"wp:featuredmedia":[{"embeddable":true,"href":"https:\/\/www.ozono-hb.it\/fr\/wp-json\/wp\/v2\/media\/5807"}],"wp:attachment":[{"href":"https:\/\/www.ozono-hb.it\/fr\/wp-json\/wp\/v2\/media?parent=5806"}],"wp:term":[{"taxonomy":"product_brand","embeddable":true,"href":"https:\/\/www.ozono-hb.it\/fr\/wp-json\/wp\/v2\/product_brand?post=5806"},{"taxonomy":"product_cat","embeddable":true,"href":"https:\/\/www.ozono-hb.it\/fr\/wp-json\/wp\/v2\/product_cat?post=5806"},{"taxonomy":"product_tag","embeddable":true,"href":"https:\/\/www.ozono-hb.it\/fr\/wp-json\/wp\/v2\/product_tag?post=5806"}],"curies":[{"name":"wp","href":"https:\/\/api.w.org\/{rel}","templated":true}]}}