{"id":5811,"date":"2023-07-03T14:37:42","date_gmt":"2023-07-03T12:37:42","guid":{"rendered":"http:\/\/ozono.youelba.com\/shop\/beauty-routine-essentials\/"},"modified":"2025-04-15T12:22:13","modified_gmt":"2025-04-15T10:22:13","slug":"beauty-routine-essentials","status":"publish","type":"product","link":"https:\/\/www.ozono-hb.it\/fr\/shop\/beauty-routine-essentials\/","title":{"rendered":"Beauty Routine Essentials"},"content":{"rendered":"\t\t<div data-elementor-type=\"wp-post\" data-elementor-id=\"5811\" class=\"elementor elementor-5811 elementor-4444\" data-elementor-post-type=\"product\">\n\t\t\t\t\t\t<section class=\"elementor-section elementor-top-section elementor-element elementor-element-6361b17 elementor-section-boxed elementor-section-height-default elementor-section-height-default\" data-id=\"6361b17\" data-element_type=\"section\">\n\t\t\t\t\t\t<div class=\"elementor-container elementor-column-gap-default\">\n\t\t\t\t\t<div class=\"elementor-column elementor-col-100 elementor-top-column elementor-element elementor-element-491b901\" data-id=\"491b901\" data-element_type=\"column\">\n\t\t\t<div class=\"elementor-widget-wrap\">\n\t\t\t\t\t\t\t<\/div>\n\t\t<\/div>\n\t\t\t\t\t<\/div>\n\t\t<\/section>\n\t\t        \t\t<\/div>\n\t\t","protected":false},"excerpt":{"rendered":"<h4>Une routine de soin courte et fra\u00eeche, pour traiter mais ne pas alourdir le visage<\/h4>\n<p>Essentials est le coffret qui contient les quatre produits cl\u00e9s pour les soins du visage:<\/p>\n<ul>\n<li><strong>Lait d\u00e9maquillant<\/strong> pour \u00e9liminer les impuret\u00e9s du maquillage qui se d\u00e9posent sur la peau au cours de la journ\u00e9e<\/li>\n<li><strong>Tonique visage<\/strong> pour apaiser les rougeurs et laisser la peau velout\u00e9e et douce sans alcool<\/li>\n<li><strong>S\u00e9rum EYES<\/strong> pour traiter le contour des yeux avec sa texture l\u00e9g\u00e8re, peut \u00e9galement \u00eatre utilis\u00e9 pour le contour des l\u00e8vres<\/li>\n<li><strong>Fitocrema<\/strong>, la touche finale incontournable d&rsquo;hydratation naturelle du visage.<\/li>\n<\/ul>\n","protected":false},"featured_media":5812,"comment_status":"open","ping_status":"closed","template":"","meta":{"_acf_changed":false},"product_brand":[],"product_cat":[166],"product_tag":[197,199,203,223,225],"class_list":{"0":"post-5811","1":"product","2":"type-product","3":"status-publish","4":"has-post-thumbnail","6":"product_cat-ligne-cosmetique","7":"product_tag-eyes-serum","8":"product_tag-fitocrema","9":"product_tag-lait-demaquillant","10":"product_tag-lotion-tonique","11":"product_tag-visage","13":"first","14":"instock","15":"sale","16":"shipping-taxable","17":"purchasable","18":"product-type-simple"},"acf":[],"_links":{"self":[{"href":"https:\/\/www.ozono-hb.it\/fr\/wp-json\/wp\/v2\/product\/5811","targetHints":{"allow":["GET"]}}],"collection":[{"href":"https:\/\/www.ozono-hb.it\/fr\/wp-json\/wp\/v2\/product"}],"about":[{"href":"https:\/\/www.ozono-hb.it\/fr\/wp-json\/wp\/v2\/types\/product"}],"replies":[{"embeddable":true,"href":"https:\/\/www.ozono-hb.it\/fr\/wp-json\/wp\/v2\/comments?post=5811"}],"version-history":[{"count":4,"href":"https:\/\/www.ozono-hb.it\/fr\/wp-json\/wp\/v2\/product\/5811\/revisions"}],"predecessor-version":[{"id":6990,"href":"https:\/\/www.ozono-hb.it\/fr\/wp-json\/wp\/v2\/product\/5811\/revisions\/6990"}],"wp:featuredmedia":[{"embeddable":true,"href":"https:\/\/www.ozono-hb.it\/fr\/wp-json\/wp\/v2\/media\/5812"}],"wp:attachment":[{"href":"https:\/\/www.ozono-hb.it\/fr\/wp-json\/wp\/v2\/media?parent=5811"}],"wp:term":[{"taxonomy":"product_brand","embeddable":true,"href":"https:\/\/www.ozono-hb.it\/fr\/wp-json\/wp\/v2\/product_brand?post=5811"},{"taxonomy":"product_cat","embeddable":true,"href":"https:\/\/www.ozono-hb.it\/fr\/wp-json\/wp\/v2\/product_cat?post=5811"},{"taxonomy":"product_tag","embeddable":true,"href":"https:\/\/www.ozono-hb.it\/fr\/wp-json\/wp\/v2\/product_tag?post=5811"}],"curies":[{"name":"wp","href":"https:\/\/api.w.org\/{rel}","templated":true}]}}