{"id":7664,"date":"2025-03-13T10:32:22","date_gmt":"2025-03-13T09:32:22","guid":{"rendered":"https:\/\/www.ozono-hb.it\/?post_type=product&#038;p=7664"},"modified":"2025-04-04T09:35:02","modified_gmt":"2025-04-04T07:35:02","slug":"beauty-routine-copia-copia","status":"publish","type":"product","link":"https:\/\/www.ozono-hb.it\/fr\/shop\/beauty-routine-copia-copia\/","title":{"rendered":"Beauty Routine (Copia) (Copia)"},"content":{"rendered":"\t\t<div data-elementor-type=\"wp-post\" data-elementor-id=\"7664\" class=\"elementor elementor-7664 elementor-7661\" data-elementor-post-type=\"product\">\n\t\t\t\t\t\t<section class=\"elementor-section elementor-top-section elementor-element elementor-element-6361b17 elementor-section-boxed elementor-section-height-default elementor-section-height-default\" data-id=\"6361b17\" data-element_type=\"section\">\n\t\t\t\t\t\t<div class=\"elementor-container elementor-column-gap-default\">\n\t\t\t\t\t<div class=\"elementor-column elementor-col-100 elementor-top-column elementor-element elementor-element-491b901\" data-id=\"491b901\" data-element_type=\"column\">\n\t\t\t<div class=\"elementor-widget-wrap\">\n\t\t\t\t\t\t\t<\/div>\n\t\t<\/div>\n\t\t\t\t\t<\/div>\n\t\t<\/section>\n\t\t        \t\t<\/div>\n\t\t","protected":false},"excerpt":{"rendered":"<h4>Une routine de soin compl\u00e8te, pour ne rien manquer<\/h4>\n<p>Beauty Routine est un coffret de 5 produits pour une routine compl\u00e8te de soins du visage:<\/p>\n<ul>\n<li><strong>Lait d\u00e9maquillant<\/strong> pour \u00e9liminer les impuret\u00e9s du maquillage qui se d\u00e9posent sur la peau au cours de la journ\u00e9e,<\/li>\n<li><strong>Tonique visage<\/strong> pour apaiser les rougeurs et laisser la peau velout\u00e9e et douce sans alcool,<\/li>\n<li><strong>Gel Filler<\/strong> un gel pour compl\u00e9ter le visage et le cou par l&rsquo;effet \u00ab comblant \u00bb et liftant, gr\u00e2ce \u00e0 deux types d&rsquo;acide hyaluronique.<\/li>\n<li><strong>S\u00e9rum EYES<\/strong> pour traiter le contour des yeux avec sa texture l\u00e9g\u00e8re, peut \u00e9galement \u00eatre utilis\u00e9 pour le contour des l\u00e8vres<\/li>\n<li><strong>Fitocrema<\/strong>, la touche finale incontournable d&rsquo;hydratation naturelle du visage<\/li>\n<\/ul>\n","protected":false},"featured_media":7667,"comment_status":"open","ping_status":"closed","template":"","meta":{"_acf_changed":false},"product_brand":[],"product_cat":[166],"product_tag":[],"class_list":{"0":"post-7664","1":"product","2":"type-product","3":"status-publish","4":"has-post-thumbnail","6":"product_cat-ligne-cosmetique","8":"first","9":"instock","10":"sale","11":"shipping-taxable","12":"purchasable","13":"product-type-simple"},"acf":[],"_links":{"self":[{"href":"https:\/\/www.ozono-hb.it\/fr\/wp-json\/wp\/v2\/product\/7664","targetHints":{"allow":["GET"]}}],"collection":[{"href":"https:\/\/www.ozono-hb.it\/fr\/wp-json\/wp\/v2\/product"}],"about":[{"href":"https:\/\/www.ozono-hb.it\/fr\/wp-json\/wp\/v2\/types\/product"}],"replies":[{"embeddable":true,"href":"https:\/\/www.ozono-hb.it\/fr\/wp-json\/wp\/v2\/comments?post=7664"}],"version-history":[{"count":1,"href":"https:\/\/www.ozono-hb.it\/fr\/wp-json\/wp\/v2\/product\/7664\/revisions"}],"predecessor-version":[{"id":7712,"href":"https:\/\/www.ozono-hb.it\/fr\/wp-json\/wp\/v2\/product\/7664\/revisions\/7712"}],"wp:featuredmedia":[{"embeddable":true,"href":"https:\/\/www.ozono-hb.it\/fr\/wp-json\/wp\/v2\/media\/7667"}],"wp:attachment":[{"href":"https:\/\/www.ozono-hb.it\/fr\/wp-json\/wp\/v2\/media?parent=7664"}],"wp:term":[{"taxonomy":"product_brand","embeddable":true,"href":"https:\/\/www.ozono-hb.it\/fr\/wp-json\/wp\/v2\/product_brand?post=7664"},{"taxonomy":"product_cat","embeddable":true,"href":"https:\/\/www.ozono-hb.it\/fr\/wp-json\/wp\/v2\/product_cat?post=7664"},{"taxonomy":"product_tag","embeddable":true,"href":"https:\/\/www.ozono-hb.it\/fr\/wp-json\/wp\/v2\/product_tag?post=7664"}],"curies":[{"name":"wp","href":"https:\/\/api.w.org\/{rel}","templated":true}]}}