{"id":7673,"date":"2025-03-13T10:40:00","date_gmt":"2025-03-13T09:40:00","guid":{"rendered":"https:\/\/www.ozono-hb.it\/?post_type=product&#038;p=7673"},"modified":"2025-04-04T09:33:52","modified_gmt":"2025-04-04T07:33:52","slug":"beauty-routine-copia-copia-copia","status":"publish","type":"product","link":"https:\/\/www.ozono-hb.it\/fr\/shop\/beauty-routine-copia-copia-copia\/","title":{"rendered":"Beauty Routine (Copia) (Copia) (Copia)"},"content":{"rendered":"\t\t<div data-elementor-type=\"wp-post\" data-elementor-id=\"7673\" class=\"elementor elementor-7673 elementor-7670\" data-elementor-post-type=\"product\">\n\t\t\t\t\t\t<section class=\"elementor-section elementor-top-section elementor-element elementor-element-6361b17 elementor-section-boxed elementor-section-height-default elementor-section-height-default\" data-id=\"6361b17\" data-element_type=\"section\">\n\t\t\t\t\t\t<div class=\"elementor-container elementor-column-gap-default\">\n\t\t\t\t\t<div class=\"elementor-column elementor-col-100 elementor-top-column elementor-element elementor-element-491b901\" data-id=\"491b901\" data-element_type=\"column\">\n\t\t\t<div class=\"elementor-widget-wrap\">\n\t\t\t\t\t\t\t<\/div>\n\t\t<\/div>\n\t\t\t\t\t<\/div>\n\t\t<\/section>\n\t\t        \t\t<\/div>\n\t\t","protected":false},"excerpt":{"rendered":"<h4>Une routine de soin compl\u00e8te, pour ne rien manquer<\/h4>\n<p>Beauty Routine est un coffret de 5 produits pour une routine compl\u00e8te de soins du visage:<\/p>\n<ul>\n<li><strong>Lait d\u00e9maquillant<\/strong> pour \u00e9liminer les impuret\u00e9s du maquillage qui se d\u00e9posent sur la peau au cours de la journ\u00e9e,<\/li>\n<li><strong>Tonique visage<\/strong> pour apaiser les rougeurs et laisser la peau velout\u00e9e et douce sans alcool,<\/li>\n<li><strong>Gel Filler<\/strong> un gel pour compl\u00e9ter le visage et le cou par l&rsquo;effet \u00ab comblant \u00bb et liftant, gr\u00e2ce \u00e0 deux types d&rsquo;acide hyaluronique.<\/li>\n<li><strong>S\u00e9rum EYES<\/strong> pour traiter le contour des yeux avec sa texture l\u00e9g\u00e8re, peut \u00e9galement \u00eatre utilis\u00e9 pour le contour des l\u00e8vres<\/li>\n<li><strong>Fitocrema<\/strong>, la touche finale incontournable d&rsquo;hydratation naturelle du visage<\/li>\n<\/ul>\n","protected":false},"featured_media":7677,"comment_status":"open","ping_status":"closed","template":"","meta":{"_acf_changed":false},"product_brand":[],"product_cat":[166],"product_tag":[197,201],"class_list":{"0":"post-7673","1":"product","2":"type-product","3":"status-publish","4":"has-post-thumbnail","6":"product_cat-ligne-cosmetique","7":"product_tag-eyes-serum","8":"product_tag-gel-de-comblement-visage-et-cou","10":"first","11":"instock","12":"sale","13":"shipping-taxable","14":"purchasable","15":"product-type-simple"},"acf":[],"_links":{"self":[{"href":"https:\/\/www.ozono-hb.it\/fr\/wp-json\/wp\/v2\/product\/7673","targetHints":{"allow":["GET"]}}],"collection":[{"href":"https:\/\/www.ozono-hb.it\/fr\/wp-json\/wp\/v2\/product"}],"about":[{"href":"https:\/\/www.ozono-hb.it\/fr\/wp-json\/wp\/v2\/types\/product"}],"replies":[{"embeddable":true,"href":"https:\/\/www.ozono-hb.it\/fr\/wp-json\/wp\/v2\/comments?post=7673"}],"version-history":[{"count":1,"href":"https:\/\/www.ozono-hb.it\/fr\/wp-json\/wp\/v2\/product\/7673\/revisions"}],"predecessor-version":[{"id":7709,"href":"https:\/\/www.ozono-hb.it\/fr\/wp-json\/wp\/v2\/product\/7673\/revisions\/7709"}],"wp:featuredmedia":[{"embeddable":true,"href":"https:\/\/www.ozono-hb.it\/fr\/wp-json\/wp\/v2\/media\/7677"}],"wp:attachment":[{"href":"https:\/\/www.ozono-hb.it\/fr\/wp-json\/wp\/v2\/media?parent=7673"}],"wp:term":[{"taxonomy":"product_brand","embeddable":true,"href":"https:\/\/www.ozono-hb.it\/fr\/wp-json\/wp\/v2\/product_brand?post=7673"},{"taxonomy":"product_cat","embeddable":true,"href":"https:\/\/www.ozono-hb.it\/fr\/wp-json\/wp\/v2\/product_cat?post=7673"},{"taxonomy":"product_tag","embeddable":true,"href":"https:\/\/www.ozono-hb.it\/fr\/wp-json\/wp\/v2\/product_tag?post=7673"}],"curies":[{"name":"wp","href":"https:\/\/api.w.org\/{rel}","templated":true}]}}